{"id":9167,"date":"2024-06-30T14:13:39","date_gmt":"2024-06-30T12:13:39","guid":{"rendered":"https:\/\/www.stapellauf-nordost.de\/?page_id=9167"},"modified":"2025-07-16T15:56:23","modified_gmt":"2025-07-16T13:56:23","slug":"bewerbung-businessplanwettbewerb-segel-setzen-nordost-2024","status":"publish","type":"page","link":"https:\/\/www.stapellauf-nordost.de\/en\/bewerbung-businessplanwettbewerb-segel-setzen-nordost-2024\/","title":{"rendered":"Application business plan competition SEGEL SETZEN! NORD\u00b0OST\u00b0 2024"},"content":{"rendered":"<h2 class=\"wp-block-heading has-large-font-size\">1. <strong>Registration<\/strong><\/h2>\n\n\n\n<p>We are accepting registrations for the 2024 SEGEL SETZEN! business plan competition with immediate effect and no later than <strong>28.10.2025<\/strong> against.<\/p>\n\n\n\n<p>To register for the SEGEL SETZEN! business plan competition, please complete the <a href=\"https:\/\/www.stapellauf-nordost.de\/wp-content\/uploads\/2025\/07\/Anmeldeformular-BPW-2025.docx\">Download registration form<\/a> and please send it by e-mail to <a href=\"mailto:gruenderbuero@uni-greifswald.de\">gruenderbuero@uni-greifswald.de<\/a>.<\/p>\n\n\n\n<p><\/p>\n\n\n\n<h2 class=\"wp-block-heading has-large-font-size\">2. <strong>Business concept submission<\/strong><\/h2>\n\n\n\n<p>The submission deadline for the 2024 SEGEL SETZEN! business plan competition is now and no later than <strong>28.10.2025 (23:59 Uhr)<\/strong> possible.<\/p>\n\n\n\n<p>The documents (business plan) can be submitted informally by e-mail to: <a href=\"mailto:gruenderbuero@uni-greifswald.de\">gruenderbuero@uni-greifswald.de<\/a> take place. We recommend the use of our <a href=\"https:\/\/www.stapellauf-nordost.de\/wp-content\/uploads\/2025\/07\/Gliederung_Businessplan_2025.pdf\">Gliederungsvorlage f\u00fcr den Businessplan als Download.<\/a><\/p>\n\n\n\n<p><\/p>\n\n\n\n<h2 class=\"wp-block-heading\">Contact us<\/h2>\n\n\n\n<p>Bei Fragen zur Anmeldung und zum Wettbewerb  wenden Sie sich gerne an:<\/p>\n\n\n\n<ul class=\"wp-block-list\">\n<li>Steve Wendland: E-Mail: steve.wendland@uni-greifswald.de \/ Phone: 03834 4201376<\/li>\n\n\n\n<li>Doreen Mlodzik: e-mail: doreen.mlodzik@hochschule-Stralsund.de \/phone: 038 31 45 70 62<\/li>\n\n\n\n<li>Olaf Strau\u00df: E-Mail: strauss@hs-nb.de \/ Phone: 0395 5693 1042<\/li>\n<\/ul>\n\n\n\n<p><\/p>","protected":false},"excerpt":{"rendered":"<p>1. Anmeldung Die Anmeldungen f\u00fcr den Businessplanwettbewerb 2025 SEGEL SETZEN! nehmen wir ab sofort und bis sp\u00e4testens 28.10.2025 entgegen. F\u00fcr eine Anmeldung zum Businessplanwettbewerb SEGEL SETZEN! f\u00fcllen Sie bitte das Anmeldeformular als Download aus und senden Sie dieses bitte per E-Mail an gruenderbuero@uni-greifswald.de. 2. Einreichung Gesch\u00e4ftskonzept Die fristgerechte Abgabe f\u00fcr den Businessplanwettbewerb 2025 SEGEL SETZEN! [&hellip;]<\/p>","protected":false},"author":4,"featured_media":0,"parent":0,"menu_order":0,"comment_status":"closed","ping_status":"closed","template":"","meta":{"footnotes":""},"class_list":["post-9167","page","type-page","status-publish","hentry","entry"],"yoast_head":"<!-- This site is optimized with the Yoast SEO plugin v27.4 - https:\/\/yoast.com\/product\/yoast-seo-wordpress\/ -->\n<title>Bewerbung Businessplanwettbe\u00adwerb SEGEL SETZEN! NORD\u00b0OST\u00b0 2025 - Stapellauf Nordost<\/title>\n<meta name=\"robots\" content=\"index, follow, max-snippet:-1, max-image-preview:large, max-video-preview:-1\" \/>\n<link rel=\"canonical\" href=\"https:\/\/www.stapellauf-nordost.de\/en\/bewerbung-businessplanwettbewerb-segel-setzen-nordost-2024\/\" \/>\n<meta property=\"og:locale\" content=\"en_GB\" \/>\n<meta property=\"og:type\" content=\"article\" \/>\n<meta property=\"og:title\" content=\"Bewerbung Businessplanwettbe\u00adwerb SEGEL SETZEN! NORD\u00b0OST\u00b0 2025 - Stapellauf Nordost\" \/>\n<meta property=\"og:description\" content=\"1. Anmeldung Die Anmeldungen f\u00fcr den Businessplanwettbewerb 2025 SEGEL SETZEN! nehmen wir ab sofort und bis sp\u00e4testens 28.10.2025 entgegen. F\u00fcr eine Anmeldung zum Businessplanwettbewerb SEGEL SETZEN! f\u00fcllen Sie bitte das Anmeldeformular als Download aus und senden Sie dieses bitte per E-Mail an gruenderbuero@uni-greifswald.de. 2. Einreichung Gesch\u00e4ftskonzept Die fristgerechte Abgabe f\u00fcr den Businessplanwettbewerb 2025 SEGEL SETZEN! [&hellip;]\" \/>\n<meta property=\"og:url\" content=\"https:\/\/www.stapellauf-nordost.de\/en\/bewerbung-businessplanwettbewerb-segel-setzen-nordost-2024\/\" \/>\n<meta property=\"og:site_name\" content=\"Stapellauf Nordost\" \/>\n<meta property=\"article:publisher\" content=\"https:\/\/www.facebook.com\/stapellauf.de\" \/>\n<meta property=\"article:modified_time\" content=\"2025-07-16T13:56:23+00:00\" \/>\n<meta property=\"og:image\" content=\"https:\/\/www.stapellauf-nordost.de\/wp-content\/uploads\/2021\/12\/Stempellogo.png\" \/>\n\t<meta property=\"og:image:width\" content=\"100\" \/>\n\t<meta property=\"og:image:height\" content=\"100\" \/>\n\t<meta property=\"og:image:type\" content=\"image\/png\" \/>\n<meta name=\"twitter:card\" content=\"summary_large_image\" \/>\n<meta name=\"twitter:label1\" content=\"Est. reading time\" \/>\n\t<meta name=\"twitter:data1\" content=\"1 minute\" \/>\n<script type=\"application\/ld+json\" class=\"yoast-schema-graph\">{\"@context\":\"https:\\\/\\\/schema.org\",\"@graph\":[{\"@type\":\"WebPage\",\"@id\":\"https:\\\/\\\/www.stapellauf-nordost.de\\\/bewerbung-businessplanwettbewerb-segel-setzen-nordost-2024\\\/\",\"url\":\"https:\\\/\\\/www.stapellauf-nordost.de\\\/bewerbung-businessplanwettbewerb-segel-setzen-nordost-2024\\\/\",\"name\":\"Bewerbung Businessplanwettbe\u00adwerb SEGEL SETZEN! NORD\u00b0OST\u00b0 2025 - Stapellauf Nordost\",\"isPartOf\":{\"@id\":\"https:\\\/\\\/www.stapellauf-nordost.de\\\/#website\"},\"datePublished\":\"2024-06-30T12:13:39+00:00\",\"dateModified\":\"2025-07-16T13:56:23+00:00\",\"breadcrumb\":{\"@id\":\"https:\\\/\\\/www.stapellauf-nordost.de\\\/bewerbung-businessplanwettbewerb-segel-setzen-nordost-2024\\\/#breadcrumb\"},\"inLanguage\":\"en-GB\",\"potentialAction\":[{\"@type\":\"ReadAction\",\"target\":[\"https:\\\/\\\/www.stapellauf-nordost.de\\\/bewerbung-businessplanwettbewerb-segel-setzen-nordost-2024\\\/\"]}]},{\"@type\":\"BreadcrumbList\",\"@id\":\"https:\\\/\\\/www.stapellauf-nordost.de\\\/bewerbung-businessplanwettbewerb-segel-setzen-nordost-2024\\\/#breadcrumb\",\"itemListElement\":[{\"@type\":\"ListItem\",\"position\":1,\"name\":\"Home\",\"item\":\"https:\\\/\\\/www.stapellauf-nordost.de\\\/\"},{\"@type\":\"ListItem\",\"position\":2,\"name\":\"Bewerbung Businessplanwettbe\u00adwerb SEGEL SETZEN! NORD\u00b0OST\u00b0 2025\"}]},{\"@type\":\"WebSite\",\"@id\":\"https:\\\/\\\/www.stapellauf-nordost.de\\\/#website\",\"url\":\"https:\\\/\\\/www.stapellauf-nordost.de\\\/\",\"name\":\"Stapellauf Nordost\",\"description\":\"Ausgr\u00fcndungen aus den Hochschulen Inspiration, Qualifikation &amp; F\u00f6rderung.\",\"publisher\":{\"@id\":\"https:\\\/\\\/www.stapellauf-nordost.de\\\/#organization\"},\"potentialAction\":[{\"@type\":\"SearchAction\",\"target\":{\"@type\":\"EntryPoint\",\"urlTemplate\":\"https:\\\/\\\/www.stapellauf-nordost.de\\\/?s={search_term_string}\"},\"query-input\":{\"@type\":\"PropertyValueSpecification\",\"valueRequired\":true,\"valueName\":\"search_term_string\"}}],\"inLanguage\":\"en-GB\"},{\"@type\":\"Organization\",\"@id\":\"https:\\\/\\\/www.stapellauf-nordost.de\\\/#organization\",\"name\":\"Stapellauf Nordost\",\"url\":\"https:\\\/\\\/www.stapellauf-nordost.de\\\/\",\"logo\":{\"@type\":\"ImageObject\",\"inLanguage\":\"en-GB\",\"@id\":\"https:\\\/\\\/www.stapellauf-nordost.de\\\/#\\\/schema\\\/logo\\\/image\\\/\",\"url\":\"https:\\\/\\\/www.stapellauf-nordost.de\\\/wp-content\\\/uploads\\\/2021\\\/12\\\/Stempellogo.png\",\"contentUrl\":\"https:\\\/\\\/www.stapellauf-nordost.de\\\/wp-content\\\/uploads\\\/2021\\\/12\\\/Stempellogo.png\",\"width\":100,\"height\":100,\"caption\":\"Stapellauf Nordost\"},\"image\":{\"@id\":\"https:\\\/\\\/www.stapellauf-nordost.de\\\/#\\\/schema\\\/logo\\\/image\\\/\"},\"sameAs\":[\"https:\\\/\\\/www.facebook.com\\\/stapellauf.de\",\"https:\\\/\\\/www.instagram.com\\\/stapellaufnordost\\\/\"]}]}<\/script>\n<!-- \/ Yoast SEO plugin. -->","yoast_head_json":{"title":"Bewerbung Businessplanwettbe\u00adwerb SEGEL SETZEN! NORD\u00b0OST\u00b0 2025 - Stapellauf Nordost","robots":{"index":"index","follow":"follow","max-snippet":"max-snippet:-1","max-image-preview":"max-image-preview:large","max-video-preview":"max-video-preview:-1"},"canonical":"https:\/\/www.stapellauf-nordost.de\/en\/bewerbung-businessplanwettbewerb-segel-setzen-nordost-2024\/","og_locale":"en_GB","og_type":"article","og_title":"Bewerbung Businessplanwettbe\u00adwerb SEGEL SETZEN! NORD\u00b0OST\u00b0 2025 - Stapellauf Nordost","og_description":"1. Anmeldung Die Anmeldungen f\u00fcr den Businessplanwettbewerb 2025 SEGEL SETZEN! nehmen wir ab sofort und bis sp\u00e4testens 28.10.2025 entgegen. F\u00fcr eine Anmeldung zum Businessplanwettbewerb SEGEL SETZEN! f\u00fcllen Sie bitte das Anmeldeformular als Download aus und senden Sie dieses bitte per E-Mail an gruenderbuero@uni-greifswald.de. 2. Einreichung Gesch\u00e4ftskonzept Die fristgerechte Abgabe f\u00fcr den Businessplanwettbewerb 2025 SEGEL SETZEN! [&hellip;]","og_url":"https:\/\/www.stapellauf-nordost.de\/en\/bewerbung-businessplanwettbewerb-segel-setzen-nordost-2024\/","og_site_name":"Stapellauf Nordost","article_publisher":"https:\/\/www.facebook.com\/stapellauf.de","article_modified_time":"2025-07-16T13:56:23+00:00","og_image":[{"width":100,"height":100,"url":"https:\/\/www.stapellauf-nordost.de\/wp-content\/uploads\/2021\/12\/Stempellogo.png","type":"image\/png"}],"twitter_card":"summary_large_image","twitter_misc":{"Est. reading time":"1 minute"},"schema":{"@context":"https:\/\/schema.org","@graph":[{"@type":"WebPage","@id":"https:\/\/www.stapellauf-nordost.de\/bewerbung-businessplanwettbewerb-segel-setzen-nordost-2024\/","url":"https:\/\/www.stapellauf-nordost.de\/bewerbung-businessplanwettbewerb-segel-setzen-nordost-2024\/","name":"Bewerbung Businessplanwettbe\u00adwerb SEGEL SETZEN! NORD\u00b0OST\u00b0 2025 - Stapellauf Nordost","isPartOf":{"@id":"https:\/\/www.stapellauf-nordost.de\/#website"},"datePublished":"2024-06-30T12:13:39+00:00","dateModified":"2025-07-16T13:56:23+00:00","breadcrumb":{"@id":"https:\/\/www.stapellauf-nordost.de\/bewerbung-businessplanwettbewerb-segel-setzen-nordost-2024\/#breadcrumb"},"inLanguage":"en-GB","potentialAction":[{"@type":"ReadAction","target":["https:\/\/www.stapellauf-nordost.de\/bewerbung-businessplanwettbewerb-segel-setzen-nordost-2024\/"]}]},{"@type":"BreadcrumbList","@id":"https:\/\/www.stapellauf-nordost.de\/bewerbung-businessplanwettbewerb-segel-setzen-nordost-2024\/#breadcrumb","itemListElement":[{"@type":"ListItem","position":1,"name":"Home","item":"https:\/\/www.stapellauf-nordost.de\/"},{"@type":"ListItem","position":2,"name":"Bewerbung Businessplanwettbe\u00adwerb SEGEL SETZEN! NORD\u00b0OST\u00b0 2025"}]},{"@type":"WebSite","@id":"https:\/\/www.stapellauf-nordost.de\/#website","url":"https:\/\/www.stapellauf-nordost.de\/","name":"Launching northeast","description":"Ausgr\u00fcndungen aus den Hochschulen Inspiration, Qualifikation &amp; F\u00f6rderung.","publisher":{"@id":"https:\/\/www.stapellauf-nordost.de\/#organization"},"potentialAction":[{"@type":"SearchAction","target":{"@type":"EntryPoint","urlTemplate":"https:\/\/www.stapellauf-nordost.de\/?s={search_term_string}"},"query-input":{"@type":"PropertyValueSpecification","valueRequired":true,"valueName":"search_term_string"}}],"inLanguage":"en-GB"},{"@type":"Organization","@id":"https:\/\/www.stapellauf-nordost.de\/#organization","name":"Launching northeast","url":"https:\/\/www.stapellauf-nordost.de\/","logo":{"@type":"ImageObject","inLanguage":"en-GB","@id":"https:\/\/www.stapellauf-nordost.de\/#\/schema\/logo\/image\/","url":"https:\/\/www.stapellauf-nordost.de\/wp-content\/uploads\/2021\/12\/Stempellogo.png","contentUrl":"https:\/\/www.stapellauf-nordost.de\/wp-content\/uploads\/2021\/12\/Stempellogo.png","width":100,"height":100,"caption":"Stapellauf Nordost"},"image":{"@id":"https:\/\/www.stapellauf-nordost.de\/#\/schema\/logo\/image\/"},"sameAs":["https:\/\/www.facebook.com\/stapellauf.de","https:\/\/www.instagram.com\/stapellaufnordost\/"]}]}},"_links":{"self":[{"href":"https:\/\/www.stapellauf-nordost.de\/en\/wp-json\/wp\/v2\/pages\/9167","targetHints":{"allow":["GET"]}}],"collection":[{"href":"https:\/\/www.stapellauf-nordost.de\/en\/wp-json\/wp\/v2\/pages"}],"about":[{"href":"https:\/\/www.stapellauf-nordost.de\/en\/wp-json\/wp\/v2\/types\/page"}],"author":[{"embeddable":true,"href":"https:\/\/www.stapellauf-nordost.de\/en\/wp-json\/wp\/v2\/users\/4"}],"replies":[{"embeddable":true,"href":"https:\/\/www.stapellauf-nordost.de\/en\/wp-json\/wp\/v2\/comments?post=9167"}],"version-history":[{"count":7,"href":"https:\/\/www.stapellauf-nordost.de\/en\/wp-json\/wp\/v2\/pages\/9167\/revisions"}],"predecessor-version":[{"id":9851,"href":"https:\/\/www.stapellauf-nordost.de\/en\/wp-json\/wp\/v2\/pages\/9167\/revisions\/9851"}],"wp:attachment":[{"href":"https:\/\/www.stapellauf-nordost.de\/en\/wp-json\/wp\/v2\/media?parent=9167"}],"curies":[{"name":"wp","href":"https:\/\/api.w.org\/{rel}","templated":true}]}}