{"id":8846,"date":"2024-01-22T09:27:11","date_gmt":"2024-01-22T08:27:11","guid":{"rendered":"https:\/\/www.stapellauf-nordost.de\/?page_id=8846"},"modified":"2026-02-05T19:42:34","modified_gmt":"2026-02-05T18:42:34","slug":"greifenwomen","status":"publish","type":"page","link":"https:\/\/www.stapellauf-nordost.de\/en\/greifenwomen\/","title":{"rendered":"EXIST-Women an der Universit\u00e4t Greifswald: \u201cGreifenWomen\u201d"},"content":{"rendered":"<p>Mit Beginn des Jahres 2026 gibt es f\u00fcr gr\u00fcndungsaffine Frauen an der Universit\u00e4t Greifswald wieder die M\u00f6glichkeit, eine F\u00f6rderung durch die Initiative EXIST Women zu erhalten. Das Programm startet am 01. M\u00e4rz 2026 und l\u00e4uft bis zum 31. Dezember 2026. F\u00fcr die Teilnahme am Programm muss eine Bewerbung\u00a0<strong>bis einschlie\u00dflich 01. Februar 2026\u00a0<\/strong>erfolgen.<\/p>\n\n\n\n<p><strong>Was bietet das Programm \u201eEXIST-Women\u201c konkret?<\/strong><\/p>\n\n\n\n<ul class=\"wp-block-list\">\n<li>Teilnahme an einem mehrmonatigen Qualifizierungsprogramm zur Unternehmensgr\u00fcndung bestehend aus Workshops u.a. zu den Themen Pers\u00f6nlichkeitsentwicklung, Ideenfindung, Prototypisierung, Validierung, Marktanalyse, Gesch\u00e4ftsmodelle, etc.<\/li>\n\n\n\n<li>inhaltliche Unterst\u00fctzung durch eine Mentorin<\/li>\n\n\n\n<li>individuelle Beratung und Coaching durch den Gr\u00fcndungsservice, Netzwerkpartnern und Expert*innen<\/li>\n\n\n\n<li>Peer2Peer Coachings durch andere Teilnehmerinnen<\/li>\n\n\n\n<li>Einbindung in ein bundesweites Gr\u00fcnderinnen-Netzwerk<\/li>\n\n\n\n<li>One-off funding of \u20ac2,000* (e.g. for coaching, travel expenses or validation of the start-up idea)<\/li>\n\n\n\n<li><strong>optional\u00a0<\/strong>ein 3-monatiges Stipedium, falls kein Einkommen erworben oder max. 20h\/Woche gearbeitet wird:\n<ul class=\"wp-block-list\">\n<li>1.000 \u20ac: Studierende (mindestens die H\u00e4lfte der Studienleistungen erbracht)<\/li>\n\n\n\n<li>2.000 \u20ac: Frauen mit abgeschlossener Berufsausbildung<\/li>\n\n\n\n<li>2.500 \u20ac: Hochschulabschluss vorhanden<\/li>\n\n\n\n<li>3.000 \u20ac: Promotion abgeschlossen<\/li>\n<\/ul>\n<\/li>\n<\/ul>\n\n\n\n<p><strong>Who can take part?<\/strong><\/p>\n\n\n\n<ul class=\"wp-block-list\">\n<li>Teilnahmeberechtigt sind Absolventinnen, Wissenschaftlerinnen, Studentinnen (Bachelorabschluss oder mehr als die H\u00e4lfte der Studienleistungen erbracht), Frauen mit Berufsausbildung und Bezug zur Universit\u00e4t Greifswald<\/li>\n\n\n\n<li>Interesse am Thema Gr\u00fcndung und den Willen am ca. 10-monatigen Qualifizierungsprogramm teilzunehmen<\/li>\n\n\n\n<li>Die Bewerbung ist mit und ohne Gr\u00fcndungsidee m\u00f6glich. Was z\u00e4hlt, ist Ihre Motivation, Kreativit\u00e4t und Innovationskraft.<\/li>\n\n\n\n<li>Das Programm ist themen- und technologieoffen. Egal ob es sich um High-Tech, Dienstleistung oder Soziale Innovationen handelt: Alle Ideen und Fachrichtungen sind willkommen.<\/li>\n\n\n\n<li>Die Gr\u00fcndung einer Kapitalgesellschaft und\/oder die Aufnahme der Gesch\u00e4ftst\u00e4tigkeit darf nicht vor Teilnahmebeginn erfolgt sein.<\/li>\n<\/ul>\n\n\n\n<p><strong>Welche Verpflichtungen haben Teilnehmerinnen?<\/strong><\/p>\n\n\n\n<p>Die Programmteilnehmerinnen nehmen am Seminar &#8222;Gr\u00fcnderin&#8220; teil. Sie besuchen die jeweils relevanten Veranstaltungen des Gr\u00fcndungsnetzwerkes vor Ort und nehmen Termine zur individuellen Beratung durch das Gr\u00fcndungsnetzwerk sowie zum Austausch mit ihrer Mentorin wahr. Optional k\u00f6nnen sie weitere zentral angebotene Gr\u00fcnderinnenforen und Netzwerkveranstaltungen besuchen. Am Ende der F\u00f6rderung erstellen die Teilnehmerinnen einen <em>One-Pager<\/em>, in dem die Gr\u00fcndungsidee kurz und pr\u00e4gnant dargestellt ist. EXIST-Women ist eine Ma\u00dfnahme zur Gr\u00fcndungssensibilisierung und -qualifizierung. Eine Verpflichtung zur Unternehmensgr\u00fcndung besteht nicht.<\/p>\n\n\n\n<p><strong>Wie kann ich mich f\u00fcr das Programm bewerben?<\/strong><\/p>\n\n\n\n<p>Sofern Sie die Teilnahmevoraussetzungen erf\u00fcllen, steht einer Bewerbung f\u00fcr EXIST-Women nichts mehr im Weg. Die Bewerbung erfolgt per E-Mail an\u00a0<a href=\"https:\/\/www.uni-greifswald.de\/forschung\/forschungsservice-und-praxis\/zentrum-fuer-forschungsfoerderung-und-transfer\/exist-women\/#\">femalefounders@uni-greifswald.de<\/a>\u00a0(Betreff: Bewerbung um EXIST Women). F\u00fcr die Bewerbung ist das\u00a0<a href=\"https:\/\/www.uni-greifswald.de\/storages\/uni-greifswald\/3_Forschung\/3.4_Forschungsservice_und_praxis\/3.4.1_Zentrum_fuer_Forschungsfoerderung_und_Transfer\/PDFs\/Bewerbungsformular_EXISTWomen_2026.pdf\">Application form<\/a>\u00a0mit folgenden Inhalten einzureichen:<\/p>\n\n\n\n<ul class=\"wp-block-list\">\n<li>Motivationsschreiben<\/li>\n\n\n\n<li>Ihre Erwartungen an unser Programm<\/li>\n\n\n\n<li>Ideenskizze oder Branchenbeschreibung<\/li>\n\n\n\n<li>formlose Best\u00e4tigung, dass noch keine Kapitalgesellschaft gegr\u00fcndet wurde und\/oder die Aufnahme der Gesch\u00e4ftst\u00e4tigkeit erfolgt ist und die Teilnahmebedingungen erf\u00fcllt werden<\/li>\n<\/ul>\n\n\n\n<p><strong>Wann endet die Bewerbungsfrist?<\/strong><\/p>\n\n\n\n<p>Eine Bewerbung mit den erforderlichen Bewerbungsunterlagen ist per E-Mail\u00a0<strong>bis zum 01. Februar 2026\u00a0<\/strong>(23:59 Uhr) m\u00f6glich.<\/p>\n\n\n\n<p><strong>Wo finde ich weitere Informationen zu EXIST-Women?<\/strong><\/p>\n\n\n\n<p>Weitere Informationen zum Programm finden Sie unter folgendem Link: <a href=\"\/en\/www.exist.de\/EXIST\/Navigation\/DE\/Gruendungsfoerderung\/EXIST-WOMEN\/EXIST-WOMEN\/exist-women.html\/\">www.exist.de\/EXIST\/Navigation\/DE\/Gruendungsfoerderung\/EXIST-WOMEN\/EXIST-WOMEN\/exist-women.html<\/a> \u00a0\u00a0<\/p>\n\n\n\n<p><strong>Wer ist Ansprechpartner an der Universit\u00e4t Greifswald?<\/strong><\/p>\n\n\n\n<p><strong>Steve Wendland<\/strong><br>Wollweberstra\u00dfe 1<br>17489 Greifswald<br>Telefon +49 3834 420 1376<br><a href=\"https:\/\/www.uni-greifswald.de\/forschung\/forschungsservice-und-praxis\/zentrum-fuer-forschungsfoerderung-und-transfer\/exist-women\/#\">steve.wendland@uni-greifswald.de<\/a><\/p>","protected":false},"excerpt":{"rendered":"<p>Mit Beginn des Jahres 2026 gibt es f\u00fcr gr\u00fcndungsaffine Frauen an der Universit\u00e4t Greifswald wieder die M\u00f6glichkeit, eine F\u00f6rderung durch die Initiative EXIST Women zu erhalten. Das Programm startet am 01. M\u00e4rz 2026 und l\u00e4uft bis zum 31. Dezember 2026. F\u00fcr die Teilnahme am Programm muss eine Bewerbung\u00a0bis einschlie\u00dflich 01. Februar 2026\u00a0erfolgen. Was bietet das [&hellip;]<\/p>","protected":false},"author":4,"featured_media":0,"parent":0,"menu_order":0,"comment_status":"closed","ping_status":"closed","template":"","meta":{"footnotes":""},"class_list":["post-8846","page","type-page","status-publish","hentry","entry"],"yoast_head":"<!-- This site is optimized with the Yoast SEO plugin v27.4 - https:\/\/yoast.com\/product\/yoast-seo-wordpress\/ -->\n<title>EXIST-Women an der Universit\u00e4t Greifswald: \u201cGreifenWomen\u201d - Stapellauf Nordost<\/title>\n<meta name=\"robots\" content=\"index, follow, max-snippet:-1, max-image-preview:large, max-video-preview:-1\" \/>\n<link rel=\"canonical\" href=\"https:\/\/www.stapellauf-nordost.de\/en\/greifenwomen\/\" \/>\n<meta property=\"og:locale\" content=\"en_GB\" \/>\n<meta property=\"og:type\" content=\"article\" \/>\n<meta property=\"og:title\" content=\"EXIST-Women an der Universit\u00e4t Greifswald: \u201cGreifenWomen\u201d - Stapellauf Nordost\" \/>\n<meta property=\"og:description\" content=\"Mit Beginn des Jahres 2026 gibt es f\u00fcr gr\u00fcndungsaffine Frauen an der Universit\u00e4t Greifswald wieder die M\u00f6glichkeit, eine F\u00f6rderung durch die Initiative EXIST Women zu erhalten. Das Programm startet am 01. M\u00e4rz 2026 und l\u00e4uft bis zum 31. Dezember 2026. F\u00fcr die Teilnahme am Programm muss eine Bewerbung\u00a0bis einschlie\u00dflich 01. Februar 2026\u00a0erfolgen. Was bietet das [&hellip;]\" \/>\n<meta property=\"og:url\" content=\"https:\/\/www.stapellauf-nordost.de\/en\/greifenwomen\/\" \/>\n<meta property=\"og:site_name\" content=\"Stapellauf Nordost\" \/>\n<meta property=\"article:publisher\" content=\"https:\/\/www.facebook.com\/stapellauf.de\" \/>\n<meta property=\"article:modified_time\" content=\"2026-02-05T18:42:34+00:00\" \/>\n<meta property=\"og:image\" content=\"https:\/\/www.stapellauf-nordost.de\/wp-content\/uploads\/2021\/12\/Stempellogo.png\" \/>\n\t<meta property=\"og:image:width\" content=\"100\" \/>\n\t<meta property=\"og:image:height\" content=\"100\" \/>\n\t<meta property=\"og:image:type\" content=\"image\/png\" \/>\n<meta name=\"twitter:card\" content=\"summary_large_image\" \/>\n<meta name=\"twitter:label1\" content=\"Est. reading time\" \/>\n\t<meta name=\"twitter:data1\" content=\"3 minutes\" \/>\n<script type=\"application\/ld+json\" class=\"yoast-schema-graph\">{\"@context\":\"https:\\\/\\\/schema.org\",\"@graph\":[{\"@type\":\"WebPage\",\"@id\":\"https:\\\/\\\/www.stapellauf-nordost.de\\\/greifenwomen\\\/\",\"url\":\"https:\\\/\\\/www.stapellauf-nordost.de\\\/greifenwomen\\\/\",\"name\":\"EXIST-Women an der Universit\u00e4t Greifswald: \u201cGreifenWomen\u201d - Stapellauf Nordost\",\"isPartOf\":{\"@id\":\"https:\\\/\\\/www.stapellauf-nordost.de\\\/#website\"},\"datePublished\":\"2024-01-22T08:27:11+00:00\",\"dateModified\":\"2026-02-05T18:42:34+00:00\",\"breadcrumb\":{\"@id\":\"https:\\\/\\\/www.stapellauf-nordost.de\\\/greifenwomen\\\/#breadcrumb\"},\"inLanguage\":\"en-GB\",\"potentialAction\":[{\"@type\":\"ReadAction\",\"target\":[\"https:\\\/\\\/www.stapellauf-nordost.de\\\/greifenwomen\\\/\"]}]},{\"@type\":\"BreadcrumbList\",\"@id\":\"https:\\\/\\\/www.stapellauf-nordost.de\\\/greifenwomen\\\/#breadcrumb\",\"itemListElement\":[{\"@type\":\"ListItem\",\"position\":1,\"name\":\"Home\",\"item\":\"https:\\\/\\\/www.stapellauf-nordost.de\\\/\"},{\"@type\":\"ListItem\",\"position\":2,\"name\":\"EXIST-Women an der Universit\u00e4t Greifswald: \u201cGreifenWomen\u201d\"}]},{\"@type\":\"WebSite\",\"@id\":\"https:\\\/\\\/www.stapellauf-nordost.de\\\/#website\",\"url\":\"https:\\\/\\\/www.stapellauf-nordost.de\\\/\",\"name\":\"Stapellauf Nordost\",\"description\":\"Ausgr\u00fcndungen aus den Hochschulen Inspiration, Qualifikation &amp; F\u00f6rderung.\",\"publisher\":{\"@id\":\"https:\\\/\\\/www.stapellauf-nordost.de\\\/#organization\"},\"potentialAction\":[{\"@type\":\"SearchAction\",\"target\":{\"@type\":\"EntryPoint\",\"urlTemplate\":\"https:\\\/\\\/www.stapellauf-nordost.de\\\/?s={search_term_string}\"},\"query-input\":{\"@type\":\"PropertyValueSpecification\",\"valueRequired\":true,\"valueName\":\"search_term_string\"}}],\"inLanguage\":\"en-GB\"},{\"@type\":\"Organization\",\"@id\":\"https:\\\/\\\/www.stapellauf-nordost.de\\\/#organization\",\"name\":\"Stapellauf Nordost\",\"url\":\"https:\\\/\\\/www.stapellauf-nordost.de\\\/\",\"logo\":{\"@type\":\"ImageObject\",\"inLanguage\":\"en-GB\",\"@id\":\"https:\\\/\\\/www.stapellauf-nordost.de\\\/#\\\/schema\\\/logo\\\/image\\\/\",\"url\":\"https:\\\/\\\/www.stapellauf-nordost.de\\\/wp-content\\\/uploads\\\/2021\\\/12\\\/Stempellogo.png\",\"contentUrl\":\"https:\\\/\\\/www.stapellauf-nordost.de\\\/wp-content\\\/uploads\\\/2021\\\/12\\\/Stempellogo.png\",\"width\":100,\"height\":100,\"caption\":\"Stapellauf Nordost\"},\"image\":{\"@id\":\"https:\\\/\\\/www.stapellauf-nordost.de\\\/#\\\/schema\\\/logo\\\/image\\\/\"},\"sameAs\":[\"https:\\\/\\\/www.facebook.com\\\/stapellauf.de\",\"https:\\\/\\\/www.instagram.com\\\/stapellaufnordost\\\/\"]}]}<\/script>\n<!-- \/ Yoast SEO plugin. -->","yoast_head_json":{"title":"EXIST-Women an der Universit\u00e4t Greifswald: \u201cGreifenWomen\u201d - Stapellauf Nordost","robots":{"index":"index","follow":"follow","max-snippet":"max-snippet:-1","max-image-preview":"max-image-preview:large","max-video-preview":"max-video-preview:-1"},"canonical":"https:\/\/www.stapellauf-nordost.de\/en\/greifenwomen\/","og_locale":"en_GB","og_type":"article","og_title":"EXIST-Women an der Universit\u00e4t Greifswald: \u201cGreifenWomen\u201d - Stapellauf Nordost","og_description":"Mit Beginn des Jahres 2026 gibt es f\u00fcr gr\u00fcndungsaffine Frauen an der Universit\u00e4t Greifswald wieder die M\u00f6glichkeit, eine F\u00f6rderung durch die Initiative EXIST Women zu erhalten. Das Programm startet am 01. M\u00e4rz 2026 und l\u00e4uft bis zum 31. Dezember 2026. F\u00fcr die Teilnahme am Programm muss eine Bewerbung\u00a0bis einschlie\u00dflich 01. Februar 2026\u00a0erfolgen. Was bietet das [&hellip;]","og_url":"https:\/\/www.stapellauf-nordost.de\/en\/greifenwomen\/","og_site_name":"Stapellauf Nordost","article_publisher":"https:\/\/www.facebook.com\/stapellauf.de","article_modified_time":"2026-02-05T18:42:34+00:00","og_image":[{"width":100,"height":100,"url":"https:\/\/www.stapellauf-nordost.de\/wp-content\/uploads\/2021\/12\/Stempellogo.png","type":"image\/png"}],"twitter_card":"summary_large_image","twitter_misc":{"Est. reading time":"3 minutes"},"schema":{"@context":"https:\/\/schema.org","@graph":[{"@type":"WebPage","@id":"https:\/\/www.stapellauf-nordost.de\/greifenwomen\/","url":"https:\/\/www.stapellauf-nordost.de\/greifenwomen\/","name":"EXIST-Women an der Universit\u00e4t Greifswald: \u201cGreifenWomen\u201d - Stapellauf Nordost","isPartOf":{"@id":"https:\/\/www.stapellauf-nordost.de\/#website"},"datePublished":"2024-01-22T08:27:11+00:00","dateModified":"2026-02-05T18:42:34+00:00","breadcrumb":{"@id":"https:\/\/www.stapellauf-nordost.de\/greifenwomen\/#breadcrumb"},"inLanguage":"en-GB","potentialAction":[{"@type":"ReadAction","target":["https:\/\/www.stapellauf-nordost.de\/greifenwomen\/"]}]},{"@type":"BreadcrumbList","@id":"https:\/\/www.stapellauf-nordost.de\/greifenwomen\/#breadcrumb","itemListElement":[{"@type":"ListItem","position":1,"name":"Home","item":"https:\/\/www.stapellauf-nordost.de\/"},{"@type":"ListItem","position":2,"name":"EXIST-Women an der Universit\u00e4t Greifswald: \u201cGreifenWomen\u201d"}]},{"@type":"WebSite","@id":"https:\/\/www.stapellauf-nordost.de\/#website","url":"https:\/\/www.stapellauf-nordost.de\/","name":"Launching northeast","description":"Ausgr\u00fcndungen aus den Hochschulen Inspiration, Qualifikation &amp; F\u00f6rderung.","publisher":{"@id":"https:\/\/www.stapellauf-nordost.de\/#organization"},"potentialAction":[{"@type":"SearchAction","target":{"@type":"EntryPoint","urlTemplate":"https:\/\/www.stapellauf-nordost.de\/?s={search_term_string}"},"query-input":{"@type":"PropertyValueSpecification","valueRequired":true,"valueName":"search_term_string"}}],"inLanguage":"en-GB"},{"@type":"Organization","@id":"https:\/\/www.stapellauf-nordost.de\/#organization","name":"Launching northeast","url":"https:\/\/www.stapellauf-nordost.de\/","logo":{"@type":"ImageObject","inLanguage":"en-GB","@id":"https:\/\/www.stapellauf-nordost.de\/#\/schema\/logo\/image\/","url":"https:\/\/www.stapellauf-nordost.de\/wp-content\/uploads\/2021\/12\/Stempellogo.png","contentUrl":"https:\/\/www.stapellauf-nordost.de\/wp-content\/uploads\/2021\/12\/Stempellogo.png","width":100,"height":100,"caption":"Stapellauf Nordost"},"image":{"@id":"https:\/\/www.stapellauf-nordost.de\/#\/schema\/logo\/image\/"},"sameAs":["https:\/\/www.facebook.com\/stapellauf.de","https:\/\/www.instagram.com\/stapellaufnordost\/"]}]}},"_links":{"self":[{"href":"https:\/\/www.stapellauf-nordost.de\/en\/wp-json\/wp\/v2\/pages\/8846","targetHints":{"allow":["GET"]}}],"collection":[{"href":"https:\/\/www.stapellauf-nordost.de\/en\/wp-json\/wp\/v2\/pages"}],"about":[{"href":"https:\/\/www.stapellauf-nordost.de\/en\/wp-json\/wp\/v2\/types\/page"}],"author":[{"embeddable":true,"href":"https:\/\/www.stapellauf-nordost.de\/en\/wp-json\/wp\/v2\/users\/4"}],"replies":[{"embeddable":true,"href":"https:\/\/www.stapellauf-nordost.de\/en\/wp-json\/wp\/v2\/comments?post=8846"}],"version-history":[{"count":12,"href":"https:\/\/www.stapellauf-nordost.de\/en\/wp-json\/wp\/v2\/pages\/8846\/revisions"}],"predecessor-version":[{"id":9975,"href":"https:\/\/www.stapellauf-nordost.de\/en\/wp-json\/wp\/v2\/pages\/8846\/revisions\/9975"}],"wp:attachment":[{"href":"https:\/\/www.stapellauf-nordost.de\/en\/wp-json\/wp\/v2\/media?parent=8846"}],"curies":[{"name":"wp","href":"https:\/\/api.w.org\/{rel}","templated":true}]}}