{"id":8709,"date":"2024-01-03T14:40:04","date_gmt":"2024-01-03T13:40:04","guid":{"rendered":"https:\/\/www.stapellauf-nordost.de\/?page_id=8709"},"modified":"2026-03-20T14:46:34","modified_gmt":"2026-03-20T13:46:34","slug":"female-founders-stralsund","status":"publish","type":"page","link":"https:\/\/www.stapellauf-nordost.de\/en\/female-founders-stralsund\/","title":{"rendered":"EXIST-Women - Female Founders Stralsund"},"content":{"rendered":"<div class=\"wp-block-stapellauf-nordost-team-member\"><div class=\"block-content\">\n<p><strong>Bewerbungsprozess Hochschule Stralsund<\/strong><\/p>\n\n\n\n<p>Mit Beginn des Jahres 2026 gibt es f\u00fcr gr\u00fcndungsaffine Frauen an der<strong> <\/strong>Stralsund University of Applied Sciences<strong> <\/strong>die M\u00f6glichkeit, eine F\u00f6rderung durch EXIST-Women zu erhalten. Sofern Sie die <em><a href=\"https:\/\/www.stapellauf-nordost.de\/en\/exist-women\/\">Teilnahmevoraussetzungen<\/a> <\/em>erf\u00fcllen, steht einer Bewerbung nichts mehr im Weg.<\/p>\n\n\n\n<p><\/p>\n\n\n\n<p><strong>Bewerbungsverfahren<\/strong><\/p>\n\n\n\n<p>Die Pl\u00e4tze f\u00fcr die F\u00f6rderung sind begrenzt, daher gibt es einen zweistufigen Auswahlprozess. Nach Sichtung der Bewerbungen werden die \u00fcberzeugendsten Bewerberinnen zu einem pers\u00f6nlichen Gespr\u00e4ch eingeladen. Das Programm findet statt sofern insgesamt f\u00fcnf geeignete Kandidatinnen gefunden werden und der Zuwendungsbescheid vorliegt. Viel Erfolg!<\/p>\n\n\n\n<p><strong>erster Schritt:<\/strong><\/p>\n\n\n\n<p><strong><img decoding=\"async\" style=\"width: 25px;\" src=\"https:\/\/www.stapellauf-nordost.de\/wp-content\/uploads\/2022\/01\/cropped-favicon.png\" alt=\"Logo Stapellauf NORD\u00b0OST\u00b0\">   bis 10. April 2026<\/strong>: Abgabe der <strong>vollst\u00e4ndigen Bewerbungsunterlagen <\/strong>(<a href=\"https:\/\/www.stapellauf-nordost.de\/wp-content\/uploads\/2026\/02\/Bewerbungsformular-EWO-HOST-2026.pdf\">hier als Download<\/a>) mit einem <strong>tabellarischen Lebenslauf<\/strong> per E-Mail an:<strong> <\/strong>Doreen.Mlodzik@hochschule-stralsund.de&nbsp;(Betreff: EXIST-Women \u2013 Female Founders Stralsund) &nbsp;&nbsp;&nbsp;&nbsp;&nbsp;<\/p>\n\n\n\n<p><strong>zweiter Schritt:<\/strong><\/p>\n\n\n\n<p><strong><img decoding=\"async\" style=\"width: 25px;\" src=\"https:\/\/www.stapellauf-nordost.de\/wp-content\/uploads\/2022\/01\/cropped-favicon.png\" alt=\"Logo Stapellauf NORD\u00b0OST\u00b0\">   <\/strong> <strong>am 30. April 2026, <strong>zw. 09:00 &#8211; 14:30 Uhr<\/strong>:<\/strong> pers\u00f6nliche Vorstellung<strong> <\/strong>der \u00fcberzeugendsten Bewerberinnen im Management Innovation Lab (MIL), Haus 21, R\u00e4ume 105\/106, Hochschule Stralsund&nbsp; ***maximal 5 Minuten: Vorstellung der Idee\/Person (z.B. mit PowerPoint) und anschlie\u00dfende 8-min\u00fctige Frage- bzw. Gespr\u00e4chsrunde unter anderem zum gew\u00fcnschten Unterst\u00fctzungsbedarf***<\/p>\n<\/div><div class=\"shortcode-content\"><div class=\"tmm tmm_doreen\"><div class=\"tmm_5_columns tmm_wrap tmm_theme_f\"><span class=\"tmm_two_containers_tablet\"><\/span><div class=\"tmm_container\"><div class=\"tmm_member\" style=\"border-top:#333333 solid 5px;\"><a  href=\"https:\/\/test.stapellauf-nordost.de\/kontakt\/doreen-mlodzik\/\" title=\"Doreen Mlodzik\"><div class=\"tmm_photo tmm_pic_doreen_0\" style=\"background: url(https:\/\/www.stapellauf-nordost.de\/wp-content\/uploads\/2023\/12\/Eroeffnung-Night-of-Innovation-2024.jpeg); margin-left: auto; margin-right:auto; background-size:cover !important;\"><\/div><\/a><div class=\"tmm_textblock\"><div class=\"tmm_names\"><span class=\"tmm_fname\">Doreen<\/span> <span class=\"tmm_lname\">Mlodzik<\/span><\/div><div class=\"tmm_job\">Ansprechpartnerin EXIST-Women - Female Founders Stralsund                 <\/div><div class=\"tmm_desc\" style=\"text-align:\"><pre><small>E-mail: doreen.mlodzik@hochschule-stralsund.de<br \/><\/small><small>Phone: 03831 - 45 70 62<br \/><\/small><a href=\"https:\/\/www.stapellauf-nordost.de\/en\/kontakt\/doreen-mlodzik\/\">Make an appointment<\/a><\/pre><\/div><div class=\"tmm_scblock\"><\/div><\/div><\/div><div style=\"clear:both;\"><\/div><\/div><\/div><\/div><\/div><\/div>\n\n\n\n<p><strong>Auswahlverfahren Hochschule Stralsund<\/strong><\/p>\n\n\n\n<p>Insgesamt werden<strong> <strong>drei Auswahlkriterien<\/strong> <\/strong>zu Grunde gelegt: <\/p>\n\n\n\n<p><strong><img decoding=\"async\" style=\"width: 25px;\" src=\"https:\/\/www.stapellauf-nordost.de\/wp-content\/uploads\/2022\/01\/cropped-favicon.png\" alt=\"Logo Stapellauf NORD\u00b0OST\u00b0\">   <\/strong>Zun\u00e4chst erfolgt eine Vorauswahl anhand der durch die Richtlinie vorgegebenen <strong>formalen Kriterien<\/strong>.<\/p>\n\n\n\n<p><strong><img decoding=\"async\" style=\"width: 25px;\" src=\"https:\/\/www.stapellauf-nordost.de\/wp-content\/uploads\/2022\/01\/cropped-favicon.png\" alt=\"Logo Stapellauf NORD\u00b0OST\u00b0\"> <\/strong>Zudem wird die <strong>Kurzdarstellung<\/strong> der Gr\u00fcndungsinteressierten durch die Jury evaluiert. Hierbei gehen <em>Plausibilit\u00e4t<\/em>, die <em>Beschreibung der Idee\/ des Problems\/ der Umsetzungsstand<\/em> (Innovation, Umsetzbarkeit und Finanzierung, wirtschaftlicher und gesellschaftlicher Nutzen, Nachhaltigkeit) aber vor allem auch die <strong>Motivation<\/strong> der Gr\u00fcndungsinteressierten sowie das Potenzial zur St\u00e4rkung weiblicher Vorbildfunktion im regionalen Gr\u00fcndungs\u00f6kosystem in die Bewertungsmatrix ein. Alle eingereichten Bewerbungsformulare werden nat\u00fcrlich streng vertraulich behandelt.<\/p>\n\n\n\n<p><strong><img decoding=\"async\" style=\"width: 25px;\" src=\"https:\/\/www.stapellauf-nordost.de\/wp-content\/uploads\/2022\/01\/cropped-favicon.png\" alt=\"Logo Stapellauf NORD\u00b0OST\u00b0\">   <\/strong>Nach der Vorauswahl schlie\u00dft sich ein weiterer Schritt an, wobei die Bewerberinnen durch ihre <strong>Pers\u00f6nlichkeit und F\u00e4higkeiten<\/strong>, <strong>Pr\u00e4sentation<\/strong> and <strong>Commitment-Willen <\/strong>\u00fcberzeugen k\u00f6nnen. Die Vorstellung geht in die Gesamtbewertung der Jury ein.<\/p>\n\n\n\n<p>Die Auswahl der Stipendiatinnen erfolgt durch ein f\u00fcnfk\u00f6pfiges Auswahlgremium: <div class=\"tmm tmm_jury-exist-women-female-founders-stralsund\"><div class=\"tmm_5_columns tmm_wrap tmm_plugin_f\"><span class=\"tmm_two_containers_tablet\"><\/span><div class=\"tmm_container\"><div class=\"tmm_member\" style=\"border-top:#333333 solid 5px;\"><div class=\"tmm_textblock\"><div class=\"tmm_names\"><span class=\"tmm_fname\">Prof. Dr. rer. pol. Ralph <\/span> <span class=\"tmm_lname\">Sonntag<\/span><\/div><div class=\"tmm_job\">Rektor Hochschule Stralsund<\/div><div class=\"tmm_scblock\"><\/div><\/div><\/div><div class=\"tmm_member\" style=\"border-top:#333333 solid 5px;\"><div class=\"tmm_textblock\"><div class=\"tmm_names\"><span class=\"tmm_fname\">Dr. rer. nat. Maren<\/span> <span class=\"tmm_lname\">Kopp<\/span><\/div><div class=\"tmm_job\">Forschungsreferentin Hochschule Stralsund<\/div><div class=\"tmm_scblock\"><\/div><\/div><\/div><span class=\"tmm_two_containers_tablet\"><\/span><div class=\"tmm_member\" style=\"border-top:#333333 solid 5px;\"><div class=\"tmm_textblock\"><div class=\"tmm_names\"><span class=\"tmm_fname\">Marie <\/span> <span class=\"tmm_lname\">B\u00fcchler<\/span><\/div><div class=\"tmm_job\">Mitarbeiterin InnoVert Hochschule Stralsund<\/div><div class=\"tmm_scblock\"><\/div><\/div><\/div><div class=\"tmm_member\" style=\"border-top:#333333 solid 5px;\"><div class=\"tmm_textblock\"><div class=\"tmm_names\"><span class=\"tmm_fname\">Astrid F\u00f6rster<\/span> <\/div><div class=\"tmm_job\">Co-Founderin von Fredis Kinderdusche &amp; Gr\u00fcndungscoachin beim MakerPort Stralsund<\/div><div class=\"tmm_scblock\"><\/div><\/div><\/div><div style=\"clear:both;\"><\/div><\/div><\/div><\/div><\/p>\n\n\n\n<hr class=\"wp-block-separator has-text-color has-white-color has-alpha-channel-opacity has-white-background-color has-background\"\/>\n\n\n\n<div class=\"wp-block-columns is-layout-flex wp-container-core-columns-is-layout-9d6595d7 wp-block-columns-is-layout-flex\">\n<div class=\"wp-block-column is-layout-flow wp-block-column-is-layout-flow\"><\/div>\n\n\n\n<div class=\"wp-block-column is-layout-flow wp-block-column-is-layout-flow\">\n<figure class=\"wp-block-image size-full\"><img loading=\"lazy\" decoding=\"async\" width=\"1715\" height=\"982\" src=\"https:\/\/www.stapellauf-nordost.de\/wp-content\/uploads\/2025\/08\/BMWE2025_Logoleiste_esfplusptjexist_D_gef_CMYK.jpg\" alt=\"\" class=\"wp-image-9875\" srcset=\"https:\/\/www.stapellauf-nordost.de\/wp-content\/uploads\/2025\/08\/BMWE2025_Logoleiste_esfplusptjexist_D_gef_CMYK.jpg 1715w, https:\/\/www.stapellauf-nordost.de\/wp-content\/uploads\/2025\/08\/BMWE2025_Logoleiste_esfplusptjexist_D_gef_CMYK-300x172.jpg 300w, https:\/\/www.stapellauf-nordost.de\/wp-content\/uploads\/2025\/08\/BMWE2025_Logoleiste_esfplusptjexist_D_gef_CMYK-1024x586.jpg 1024w, https:\/\/www.stapellauf-nordost.de\/wp-content\/uploads\/2025\/08\/BMWE2025_Logoleiste_esfplusptjexist_D_gef_CMYK-768x440.jpg 768w, https:\/\/www.stapellauf-nordost.de\/wp-content\/uploads\/2025\/08\/BMWE2025_Logoleiste_esfplusptjexist_D_gef_CMYK-1536x880.jpg 1536w, https:\/\/www.stapellauf-nordost.de\/wp-content\/uploads\/2025\/08\/BMWE2025_Logoleiste_esfplusptjexist_D_gef_CMYK-18x10.jpg 18w, https:\/\/www.stapellauf-nordost.de\/wp-content\/uploads\/2025\/08\/BMWE2025_Logoleiste_esfplusptjexist_D_gef_CMYK-1568x898.jpg 1568w, https:\/\/www.stapellauf-nordost.de\/wp-content\/uploads\/2025\/08\/BMWE2025_Logoleiste_esfplusptjexist_D_gef_CMYK-1320x756.jpg 1320w\" sizes=\"auto, (max-width: 1715px) 100vw, 1715px\" \/><\/figure>\n<\/div>\n\n\n\n<div class=\"wp-block-column is-layout-flow wp-block-column-is-layout-flow\"><\/div>\n<\/div>\n\n\n\n<div class=\"wp-block-columns is-layout-flex wp-container-core-columns-is-layout-9d6595d7 wp-block-columns-is-layout-flex\">\n<div class=\"wp-block-column is-layout-flow wp-block-column-is-layout-flow\" style=\"flex-basis:100%\">\n<p class=\"has-text-align-center\">Das Projekt \u201eEXIST-WOMEN: Female Founders Stralsund&#8220; wird im Rahmen des EXIST-Programms durch das <br>Bundesministerium f\u00fcr Wirtschaft und Energie und den Europ\u00e4ischen Sozialfonds Plus (ESF Plus) gef\u00f6rdert.<\/p>\n<\/div>\n<\/div>\n\n\n\n<p><\/p>","protected":false},"excerpt":{"rendered":"<p>Auswahlverfahren Hochschule Stralsund Insgesamt werden drei Auswahlkriterien zu Grunde gelegt: Zun\u00e4chst erfolgt eine Vorauswahl anhand der durch die Richtlinie vorgegebenen formalen Kriterien. Zudem wird die Kurzdarstellung der Gr\u00fcndungsinteressierten durch die Jury evaluiert. Hierbei gehen Plausibilit\u00e4t, die Beschreibung der Idee\/ des Problems\/ der Umsetzungsstand (Innovation, Umsetzbarkeit und Finanzierung, wirtschaftlicher und gesellschaftlicher Nutzen, Nachhaltigkeit) aber vor allem [&hellip;]<\/p>","protected":false},"author":4,"featured_media":0,"parent":0,"menu_order":0,"comment_status":"closed","ping_status":"closed","template":"","meta":{"footnotes":""},"class_list":["post-8709","page","type-page","status-publish","hentry","entry"],"yoast_head":"<!-- This site is optimized with the Yoast SEO plugin v27.4 - https:\/\/yoast.com\/product\/yoast-seo-wordpress\/ -->\n<title>EXIST-Women \u2013 Female Founders Stralsund - Stapellauf Nordost<\/title>\n<meta name=\"robots\" content=\"index, follow, max-snippet:-1, max-image-preview:large, max-video-preview:-1\" \/>\n<link rel=\"canonical\" href=\"https:\/\/www.stapellauf-nordost.de\/en\/female-founders-stralsund\/\" \/>\n<meta property=\"og:locale\" content=\"en_GB\" \/>\n<meta property=\"og:type\" content=\"article\" \/>\n<meta property=\"og:title\" content=\"EXIST-Women \u2013 Female Founders Stralsund - Stapellauf Nordost\" \/>\n<meta property=\"og:description\" content=\"Auswahlverfahren Hochschule Stralsund Insgesamt werden drei Auswahlkriterien zu Grunde gelegt: Zun\u00e4chst erfolgt eine Vorauswahl anhand der durch die Richtlinie vorgegebenen formalen Kriterien. Zudem wird die Kurzdarstellung der Gr\u00fcndungsinteressierten durch die Jury evaluiert. Hierbei gehen Plausibilit\u00e4t, die Beschreibung der Idee\/ des Problems\/ der Umsetzungsstand (Innovation, Umsetzbarkeit und Finanzierung, wirtschaftlicher und gesellschaftlicher Nutzen, Nachhaltigkeit) aber vor allem [&hellip;]\" \/>\n<meta property=\"og:url\" content=\"https:\/\/www.stapellauf-nordost.de\/en\/female-founders-stralsund\/\" \/>\n<meta property=\"og:site_name\" content=\"Stapellauf Nordost\" \/>\n<meta property=\"article:publisher\" content=\"https:\/\/www.facebook.com\/stapellauf.de\" \/>\n<meta property=\"article:modified_time\" content=\"2026-03-20T13:46:34+00:00\" \/>\n<meta property=\"og:image\" content=\"https:\/\/www.stapellauf-nordost.de\/wp-content\/uploads\/2022\/01\/cropped-favicon.png\" \/>\n<meta name=\"twitter:card\" content=\"summary_large_image\" \/>\n<meta name=\"twitter:label1\" content=\"Est. reading time\" \/>\n\t<meta name=\"twitter:data1\" content=\"2 minutes\" \/>\n<script type=\"application\/ld+json\" class=\"yoast-schema-graph\">{\"@context\":\"https:\\\/\\\/schema.org\",\"@graph\":[{\"@type\":\"WebPage\",\"@id\":\"https:\\\/\\\/www.stapellauf-nordost.de\\\/female-founders-stralsund\\\/\",\"url\":\"https:\\\/\\\/www.stapellauf-nordost.de\\\/female-founders-stralsund\\\/\",\"name\":\"EXIST-Women \u2013 Female Founders Stralsund - Stapellauf Nordost\",\"isPartOf\":{\"@id\":\"https:\\\/\\\/www.stapellauf-nordost.de\\\/#website\"},\"primaryImageOfPage\":{\"@id\":\"https:\\\/\\\/www.stapellauf-nordost.de\\\/female-founders-stralsund\\\/#primaryimage\"},\"image\":{\"@id\":\"https:\\\/\\\/www.stapellauf-nordost.de\\\/female-founders-stralsund\\\/#primaryimage\"},\"thumbnailUrl\":\"https:\\\/\\\/www.stapellauf-nordost.de\\\/wp-content\\\/uploads\\\/2022\\\/01\\\/cropped-favicon.png\",\"datePublished\":\"2024-01-03T13:40:04+00:00\",\"dateModified\":\"2026-03-20T13:46:34+00:00\",\"breadcrumb\":{\"@id\":\"https:\\\/\\\/www.stapellauf-nordost.de\\\/female-founders-stralsund\\\/#breadcrumb\"},\"inLanguage\":\"en-GB\",\"potentialAction\":[{\"@type\":\"ReadAction\",\"target\":[\"https:\\\/\\\/www.stapellauf-nordost.de\\\/female-founders-stralsund\\\/\"]}]},{\"@type\":\"ImageObject\",\"inLanguage\":\"en-GB\",\"@id\":\"https:\\\/\\\/www.stapellauf-nordost.de\\\/female-founders-stralsund\\\/#primaryimage\",\"url\":\"https:\\\/\\\/www.stapellauf-nordost.de\\\/wp-content\\\/uploads\\\/2022\\\/01\\\/cropped-favicon.png\",\"contentUrl\":\"https:\\\/\\\/www.stapellauf-nordost.de\\\/wp-content\\\/uploads\\\/2022\\\/01\\\/cropped-favicon.png\"},{\"@type\":\"BreadcrumbList\",\"@id\":\"https:\\\/\\\/www.stapellauf-nordost.de\\\/female-founders-stralsund\\\/#breadcrumb\",\"itemListElement\":[{\"@type\":\"ListItem\",\"position\":1,\"name\":\"Home\",\"item\":\"https:\\\/\\\/www.stapellauf-nordost.de\\\/\"},{\"@type\":\"ListItem\",\"position\":2,\"name\":\"EXIST-Women \u2013 Female Founders Stralsund\"}]},{\"@type\":\"WebSite\",\"@id\":\"https:\\\/\\\/www.stapellauf-nordost.de\\\/#website\",\"url\":\"https:\\\/\\\/www.stapellauf-nordost.de\\\/\",\"name\":\"Stapellauf Nordost\",\"description\":\"Ausgr\u00fcndungen aus den Hochschulen Inspiration, Qualifikation &amp; F\u00f6rderung.\",\"publisher\":{\"@id\":\"https:\\\/\\\/www.stapellauf-nordost.de\\\/#organization\"},\"potentialAction\":[{\"@type\":\"SearchAction\",\"target\":{\"@type\":\"EntryPoint\",\"urlTemplate\":\"https:\\\/\\\/www.stapellauf-nordost.de\\\/?s={search_term_string}\"},\"query-input\":{\"@type\":\"PropertyValueSpecification\",\"valueRequired\":true,\"valueName\":\"search_term_string\"}}],\"inLanguage\":\"en-GB\"},{\"@type\":\"Organization\",\"@id\":\"https:\\\/\\\/www.stapellauf-nordost.de\\\/#organization\",\"name\":\"Stapellauf Nordost\",\"url\":\"https:\\\/\\\/www.stapellauf-nordost.de\\\/\",\"logo\":{\"@type\":\"ImageObject\",\"inLanguage\":\"en-GB\",\"@id\":\"https:\\\/\\\/www.stapellauf-nordost.de\\\/#\\\/schema\\\/logo\\\/image\\\/\",\"url\":\"https:\\\/\\\/www.stapellauf-nordost.de\\\/wp-content\\\/uploads\\\/2021\\\/12\\\/Stempellogo.png\",\"contentUrl\":\"https:\\\/\\\/www.stapellauf-nordost.de\\\/wp-content\\\/uploads\\\/2021\\\/12\\\/Stempellogo.png\",\"width\":100,\"height\":100,\"caption\":\"Stapellauf Nordost\"},\"image\":{\"@id\":\"https:\\\/\\\/www.stapellauf-nordost.de\\\/#\\\/schema\\\/logo\\\/image\\\/\"},\"sameAs\":[\"https:\\\/\\\/www.facebook.com\\\/stapellauf.de\",\"https:\\\/\\\/www.instagram.com\\\/stapellaufnordost\\\/\"]}]}<\/script>\n<!-- \/ Yoast SEO plugin. -->","yoast_head_json":{"title":"EXIST-Women \u2013 Female Founders Stralsund - Stapellauf Nordost","robots":{"index":"index","follow":"follow","max-snippet":"max-snippet:-1","max-image-preview":"max-image-preview:large","max-video-preview":"max-video-preview:-1"},"canonical":"https:\/\/www.stapellauf-nordost.de\/en\/female-founders-stralsund\/","og_locale":"en_GB","og_type":"article","og_title":"EXIST-Women \u2013 Female Founders Stralsund - Stapellauf Nordost","og_description":"Auswahlverfahren Hochschule Stralsund Insgesamt werden drei Auswahlkriterien zu Grunde gelegt: Zun\u00e4chst erfolgt eine Vorauswahl anhand der durch die Richtlinie vorgegebenen formalen Kriterien. Zudem wird die Kurzdarstellung der Gr\u00fcndungsinteressierten durch die Jury evaluiert. Hierbei gehen Plausibilit\u00e4t, die Beschreibung der Idee\/ des Problems\/ der Umsetzungsstand (Innovation, Umsetzbarkeit und Finanzierung, wirtschaftlicher und gesellschaftlicher Nutzen, Nachhaltigkeit) aber vor allem [&hellip;]","og_url":"https:\/\/www.stapellauf-nordost.de\/en\/female-founders-stralsund\/","og_site_name":"Stapellauf Nordost","article_publisher":"https:\/\/www.facebook.com\/stapellauf.de","article_modified_time":"2026-03-20T13:46:34+00:00","og_image":[{"url":"https:\/\/www.stapellauf-nordost.de\/wp-content\/uploads\/2022\/01\/cropped-favicon.png","type":"","width":"","height":""}],"twitter_card":"summary_large_image","twitter_misc":{"Est. reading time":"2 minutes"},"schema":{"@context":"https:\/\/schema.org","@graph":[{"@type":"WebPage","@id":"https:\/\/www.stapellauf-nordost.de\/female-founders-stralsund\/","url":"https:\/\/www.stapellauf-nordost.de\/female-founders-stralsund\/","name":"EXIST-Women \u2013 Female Founders Stralsund - Stapellauf Nordost","isPartOf":{"@id":"https:\/\/www.stapellauf-nordost.de\/#website"},"primaryImageOfPage":{"@id":"https:\/\/www.stapellauf-nordost.de\/female-founders-stralsund\/#primaryimage"},"image":{"@id":"https:\/\/www.stapellauf-nordost.de\/female-founders-stralsund\/#primaryimage"},"thumbnailUrl":"https:\/\/www.stapellauf-nordost.de\/wp-content\/uploads\/2022\/01\/cropped-favicon.png","datePublished":"2024-01-03T13:40:04+00:00","dateModified":"2026-03-20T13:46:34+00:00","breadcrumb":{"@id":"https:\/\/www.stapellauf-nordost.de\/female-founders-stralsund\/#breadcrumb"},"inLanguage":"en-GB","potentialAction":[{"@type":"ReadAction","target":["https:\/\/www.stapellauf-nordost.de\/female-founders-stralsund\/"]}]},{"@type":"ImageObject","inLanguage":"en-GB","@id":"https:\/\/www.stapellauf-nordost.de\/female-founders-stralsund\/#primaryimage","url":"https:\/\/www.stapellauf-nordost.de\/wp-content\/uploads\/2022\/01\/cropped-favicon.png","contentUrl":"https:\/\/www.stapellauf-nordost.de\/wp-content\/uploads\/2022\/01\/cropped-favicon.png"},{"@type":"BreadcrumbList","@id":"https:\/\/www.stapellauf-nordost.de\/female-founders-stralsund\/#breadcrumb","itemListElement":[{"@type":"ListItem","position":1,"name":"Home","item":"https:\/\/www.stapellauf-nordost.de\/"},{"@type":"ListItem","position":2,"name":"EXIST-Women \u2013 Female Founders Stralsund"}]},{"@type":"WebSite","@id":"https:\/\/www.stapellauf-nordost.de\/#website","url":"https:\/\/www.stapellauf-nordost.de\/","name":"Launching northeast","description":"Ausgr\u00fcndungen aus den Hochschulen Inspiration, Qualifikation &amp; F\u00f6rderung.","publisher":{"@id":"https:\/\/www.stapellauf-nordost.de\/#organization"},"potentialAction":[{"@type":"SearchAction","target":{"@type":"EntryPoint","urlTemplate":"https:\/\/www.stapellauf-nordost.de\/?s={search_term_string}"},"query-input":{"@type":"PropertyValueSpecification","valueRequired":true,"valueName":"search_term_string"}}],"inLanguage":"en-GB"},{"@type":"Organization","@id":"https:\/\/www.stapellauf-nordost.de\/#organization","name":"Launching northeast","url":"https:\/\/www.stapellauf-nordost.de\/","logo":{"@type":"ImageObject","inLanguage":"en-GB","@id":"https:\/\/www.stapellauf-nordost.de\/#\/schema\/logo\/image\/","url":"https:\/\/www.stapellauf-nordost.de\/wp-content\/uploads\/2021\/12\/Stempellogo.png","contentUrl":"https:\/\/www.stapellauf-nordost.de\/wp-content\/uploads\/2021\/12\/Stempellogo.png","width":100,"height":100,"caption":"Stapellauf Nordost"},"image":{"@id":"https:\/\/www.stapellauf-nordost.de\/#\/schema\/logo\/image\/"},"sameAs":["https:\/\/www.facebook.com\/stapellauf.de","https:\/\/www.instagram.com\/stapellaufnordost\/"]}]}},"_links":{"self":[{"href":"https:\/\/www.stapellauf-nordost.de\/en\/wp-json\/wp\/v2\/pages\/8709","targetHints":{"allow":["GET"]}}],"collection":[{"href":"https:\/\/www.stapellauf-nordost.de\/en\/wp-json\/wp\/v2\/pages"}],"about":[{"href":"https:\/\/www.stapellauf-nordost.de\/en\/wp-json\/wp\/v2\/types\/page"}],"author":[{"embeddable":true,"href":"https:\/\/www.stapellauf-nordost.de\/en\/wp-json\/wp\/v2\/users\/4"}],"replies":[{"embeddable":true,"href":"https:\/\/www.stapellauf-nordost.de\/en\/wp-json\/wp\/v2\/comments?post=8709"}],"version-history":[{"count":106,"href":"https:\/\/www.stapellauf-nordost.de\/en\/wp-json\/wp\/v2\/pages\/8709\/revisions"}],"predecessor-version":[{"id":9999,"href":"https:\/\/www.stapellauf-nordost.de\/en\/wp-json\/wp\/v2\/pages\/8709\/revisions\/9999"}],"wp:attachment":[{"href":"https:\/\/www.stapellauf-nordost.de\/en\/wp-json\/wp\/v2\/media?parent=8709"}],"curies":[{"name":"wp","href":"https:\/\/api.w.org\/{rel}","templated":true}]}}