{"id":8693,"date":"2024-01-03T13:38:13","date_gmt":"2024-01-03T12:38:13","guid":{"rendered":"https:\/\/www.stapellauf-nordost.de\/?page_id=8693"},"modified":"2026-02-17T20:41:21","modified_gmt":"2026-02-17T19:41:21","slug":"exist-women","status":"publish","type":"page","link":"https:\/\/www.stapellauf-nordost.de\/en\/exist-women\/","title":{"rendered":"Von der Idee zur Gr\u00fcndung &#8211; mit EXIST-Women\u00a0in 2026 durchstarten"},"content":{"rendered":"<p>With&nbsp;<strong>EXIST-Women<\/strong>&nbsp;unterst\u00fctzt das Bundesministerium f\u00fcr Wirtschaft und Energie gr\u00fcndungsinteressierte Frauen an Hochschulen und Forschungseinrichtungen in der Phase vor der Unternehmensgr\u00fcndung, insbesondere bei der Entwicklung ihrer Unternehmerinnenpers\u00f6nlichkeit und der Weiterentwicklung ihrer Gr\u00fcndungsidee.<\/p>\n\n\n\n<p><strong>Who can take part?<\/strong><\/p>\n\n\n\n<p id=\"Teinahmvoraussetzungen\"><em>Teilnahmevoraussetzungen:<\/em> Female students (in their Master's degree or who have completed more than half of their Bachelor's degree), graduates (the degree can also have been completed more than 5 years ago), female academics, female employees and women with vocational training and a connection to the university who are interested in the topic of start-ups and would like to take part in a qualification programme lasting several months. Participation is therefore not only possible while studying but also while working (for female employees up to 0.5 job). A grant can be awarded to bridge a period of three months during which either no income is earned or a maximum of 20 hours per week are spent in gainful employment. A simultaneous combination of the 3-month EXIST-Women grant with another funding programme to finance living expenses, such as BAf\u00f6G, unemployment benefit or citizen's allowance from the Federal Employment Agency, is excluded. A concrete start-up idea may or may not exist. Funding is also available for ideas that are not based on knowledge or research but are geared towards subsequent commercial activity. Women who have previously received start-up funding from the federal or state governments are not eligible for funding. The foundation of a corporation and\/or the commencement of business activities must not have taken place before the start of participation.<\/p>\n\n\n\n<p><strong>What is on offer?<\/strong><\/p>\n\n\n\n<p><strong><img decoding=\"async\" style=\"width: 25px;\" src=\"https:\/\/www.stapellauf-nordost.de\/wp-content\/uploads\/2022\/01\/cropped-favicon.png\" alt=\"Logo Stapellauf NORD\u00b0OST\u00b0\">     <\/strong>Teilnahme an einem Qualifizierungsprogramm zur Unternehmensgr\u00fcndung<\/p>\n\n\n\n<p><strong><img decoding=\"async\" style=\"width: 25px;\" src=\"https:\/\/www.stapellauf-nordost.de\/wp-content\/uploads\/2022\/01\/cropped-favicon.png\" alt=\"Logo Stapellauf NORD\u00b0OST\u00b0\">    <\/strong> Individual coaching from the university's start-up network, entrepreneurial support from a mentor and a nationwide network of female founders<\/p>\n\n\n\n<p><strong><img decoding=\"async\" style=\"width: 25px;\" src=\"https:\/\/www.stapellauf-nordost.de\/wp-content\/uploads\/2022\/01\/cropped-favicon.png\" alt=\"Logo Stapellauf NORD\u00b0OST\u00b0\">    <\/strong> One-off funding of \u20ac2,000* (e.g. for coaching, travel expenses or validation of the start-up idea)<\/p>\n\n\n\n<p><strong><img decoding=\"async\" style=\"width: 25px;\" src=\"https:\/\/www.stapellauf-nordost.de\/wp-content\/uploads\/2022\/01\/cropped-favicon.png\" alt=\"Logo Stapellauf NORD\u00b0OST\u00b0\">     <\/strong>a 3-month scholarship of \u20ac1,000 - \u20ac3,000\/month (depending on qualifications) + child allowance (if no income is earned or max. 20 h\/week is worked)<\/p>\n\n\n\n<p><\/p>\n\n\n\n<p><strong>What is expected?<\/strong><\/p>\n\n\n\n<p><strong><img decoding=\"async\" style=\"width: 25px;\" src=\"https:\/\/www.stapellauf-nordost.de\/wp-content\/uploads\/2022\/01\/cropped-favicon.png\" alt=\"Logo Stapellauf NORD\u00b0OST\u00b0\">     <\/strong>Teilnahme am Intensivprogramm in Form von mindestens sieben Sprints (theoretische Trainings durch Wissensvermittlung &amp; Praxisanteile in Form einer Hausaufgaben und Reviews)<br><br><strong><img decoding=\"async\" style=\"width: 25px;\" src=\"https:\/\/www.stapellauf-nordost.de\/wp-content\/uploads\/2022\/01\/cropped-favicon.png\" alt=\"Logo Stapellauf NORD\u00b0OST\u00b0\">     <\/strong>Regular attendance of relevant seminars and events organised by the start-up network and the funding provider (the latter is mandatory)<\/p>\n\n\n\n<p><strong><img decoding=\"async\" style=\"width: 25px;\" src=\"https:\/\/www.stapellauf-nordost.de\/wp-content\/uploads\/2022\/01\/cropped-favicon.png\" alt=\"Logo Stapellauf NORD\u00b0OST\u00b0\">     <\/strong>Participation in appointments for individual counselling by the mentors<\/p>\n\n\n\n<p><strong><img decoding=\"async\" style=\"width: 25px;\" src=\"https:\/\/www.stapellauf-nordost.de\/wp-content\/uploads\/2022\/01\/cropped-favicon.png\" alt=\"Logo Stapellauf NORD\u00b0OST\u00b0\">     <\/strong>At the end of the qualification programme, which lasts several months, a one-pager is submitted in which the start-up idea and the results developed are presented briefly and concisely <br>          (there is no obligation to found a company)<\/p>\n\n\n\n<p><strong>Weitere Informationen zu EXIST-Women:<\/strong> <a href=\"\/en\/www.exist.de\/EXIST\/Navigation\/DE\/Gruendungsfoerderung\/EXIST-WOMEN\/EXIST-WOMEN\/exist-women.html\/\">www.exist.de\/EXIST\/Navigation\/DE\/Gruendungsfoerderung\/EXIST-WOMEN\/EXIST-WOMEN\/exist-women.html<\/a><\/p>\n\n\n\n<p><strong>How can I take part?<\/strong><\/p>\n\n\n\n<p><strong>Jetzt hei\u00dft es bewerben! <\/strong>Hier geht es zum jeweiligen Hochschulstandort f\u00fcr das Jahr 2026:<\/p>\n\n\n\n<div class=\"wp-block-columns is-layout-flex wp-container-core-columns-is-layout-9d6595d7 wp-block-columns-is-layout-flex\">\n<div class=\"wp-block-column is-layout-flow wp-block-column-is-layout-flow\">\n<div class=\"wp-block-group\"><div class=\"wp-block-group__inner-container is-layout-constrained wp-block-group-is-layout-constrained\">\n<div class=\"wp-block-media-text is-stacked-on-mobile is-image-fill-element\"><figure class=\"wp-block-media-text__media\"><img loading=\"lazy\" decoding=\"async\" width=\"232\" height=\"217\" src=\"https:\/\/www.stapellauf-nordost.de\/wp-content\/uploads\/2021\/11\/HOST.png\" alt=\"Logo Hochschule Stralsund\" class=\"wp-image-18 size-full\" style=\"object-position:50% 50%\"\/><\/figure><div class=\"wp-block-media-text__content\">\n<p><strong>EXIST-Women Hochschule Stralsund<\/strong><\/p>\n\n\n\n<p><strong><img decoding=\"async\" style=\"width: 30px;\" src=\"https:\/\/www.stapellauf-nordost.de\/wp-content\/uploads\/2022\/01\/cropped-favicon.png\" alt=\"Logo Stapellauf NORD\u00b0OST\u00b0\"><\/strong> <a href=\"https:\/\/www.stapellauf-nordost.de\/en\/female-founders-stralsund\/\">Jetzt bewerben bis 10.04.2026<\/a><\/p>\n<\/div><\/div>\n<\/div><\/div>\n<\/div>\n\n\n\n<div class=\"wp-block-column is-layout-flow wp-block-column-is-layout-flow\">\n<div class=\"wp-block-media-text is-stacked-on-mobile is-image-fill-element\"><figure class=\"wp-block-media-text__media\"><img loading=\"lazy\" decoding=\"async\" width=\"380\" height=\"380\" src=\"https:\/\/www.stapellauf-nordost.de\/wp-content\/uploads\/2021\/11\/HGW.jpg\" alt=\"Logo Universit\u00e4t Greifswald\" class=\"wp-image-19 size-full\" style=\"object-position:50% 50%\" srcset=\"https:\/\/www.stapellauf-nordost.de\/wp-content\/uploads\/2021\/11\/HGW.jpg 380w, https:\/\/www.stapellauf-nordost.de\/wp-content\/uploads\/2021\/11\/HGW-300x300.jpg 300w, https:\/\/www.stapellauf-nordost.de\/wp-content\/uploads\/2021\/11\/HGW-150x150.jpg 150w\" sizes=\"auto, (max-width: 380px) 100vw, 380px\" \/><\/figure><div class=\"wp-block-media-text__content\">\n<p><strong>EXIST-Women Universit\u00e4t Greifswald<\/strong><\/p>\n\n\n\n<p><a href=\"https:\/\/www.stapellauf-nordost.de\/en\/greifenwomen\/\"><strong><img decoding=\"async\" style=\"width: 30px;\" src=\"https:\/\/www.stapellauf-nordost.de\/wp-content\/uploads\/2022\/01\/cropped-favicon.png\" alt=\"Logo Stapellauf NORD\u00b0OST\u00b0\"><\/strong><\/a> <a href=\"https:\/\/www.stapellauf-nordost.de\/en\/greifenwomen\/\">Jetzt bewerben bis 01.02.2026<\/a><\/p>\n<\/div><\/div>\n<\/div>\n<\/div>\n\n\n\n<div class=\"wp-block-columns is-layout-flex wp-container-core-columns-is-layout-9d6595d7 wp-block-columns-is-layout-flex\">\n<div class=\"wp-block-column is-layout-flow wp-block-column-is-layout-flow\" style=\"flex-basis:100%\">\n<div class=\"wp-block-group\"><div class=\"wp-block-group__inner-container is-layout-constrained wp-block-group-is-layout-constrained\">\n<div class=\"wp-block-columns is-layout-flex wp-container-core-columns-is-layout-9d6595d7 wp-block-columns-is-layout-flex\"><\/div>\n\n\n\n<div class=\"wp-block-columns is-layout-flex wp-container-core-columns-is-layout-9d6595d7 wp-block-columns-is-layout-flex\">\n<div class=\"wp-block-column is-layout-flow wp-block-column-is-layout-flow\"><\/div>\n\n\n\n<div class=\"wp-block-column is-layout-flow wp-block-column-is-layout-flow\">\n<figure class=\"wp-block-image size-full\"><img loading=\"lazy\" decoding=\"async\" width=\"1715\" height=\"982\" src=\"https:\/\/www.stapellauf-nordost.de\/wp-content\/uploads\/2025\/08\/BMWE2025_Logoleiste_esfplusptjexist_D_gef_CMYK.jpg\" alt=\"\" class=\"wp-image-9875\" srcset=\"https:\/\/www.stapellauf-nordost.de\/wp-content\/uploads\/2025\/08\/BMWE2025_Logoleiste_esfplusptjexist_D_gef_CMYK.jpg 1715w, https:\/\/www.stapellauf-nordost.de\/wp-content\/uploads\/2025\/08\/BMWE2025_Logoleiste_esfplusptjexist_D_gef_CMYK-300x172.jpg 300w, https:\/\/www.stapellauf-nordost.de\/wp-content\/uploads\/2025\/08\/BMWE2025_Logoleiste_esfplusptjexist_D_gef_CMYK-1024x586.jpg 1024w, https:\/\/www.stapellauf-nordost.de\/wp-content\/uploads\/2025\/08\/BMWE2025_Logoleiste_esfplusptjexist_D_gef_CMYK-768x440.jpg 768w, https:\/\/www.stapellauf-nordost.de\/wp-content\/uploads\/2025\/08\/BMWE2025_Logoleiste_esfplusptjexist_D_gef_CMYK-1536x880.jpg 1536w, https:\/\/www.stapellauf-nordost.de\/wp-content\/uploads\/2025\/08\/BMWE2025_Logoleiste_esfplusptjexist_D_gef_CMYK-18x10.jpg 18w, https:\/\/www.stapellauf-nordost.de\/wp-content\/uploads\/2025\/08\/BMWE2025_Logoleiste_esfplusptjexist_D_gef_CMYK-1568x898.jpg 1568w, https:\/\/www.stapellauf-nordost.de\/wp-content\/uploads\/2025\/08\/BMWE2025_Logoleiste_esfplusptjexist_D_gef_CMYK-1320x756.jpg 1320w\" sizes=\"auto, (max-width: 1715px) 100vw, 1715px\" \/><\/figure>\n<\/div>\n\n\n\n<div class=\"wp-block-column is-layout-flow wp-block-column-is-layout-flow\"><\/div>\n<\/div>\n<\/div><\/div>\n<\/div>\n<\/div>\n\n\n\n<div class=\"wp-block-columns is-layout-flex wp-container-core-columns-is-layout-9d6595d7 wp-block-columns-is-layout-flex\">\n<div class=\"wp-block-column is-layout-flow wp-block-column-is-layout-flow\" style=\"flex-basis:100%\">\n<p class=\"has-text-align-center\">Das Projekt \u201eEXIST-WOMEN: Female Founders Stralsund&#8220; wird im Rahmen des EXIST-Programms durch das <br>Bundesministerium f\u00fcr Wirtschaft und Energie und den Europ\u00e4ischen Sozialfonds Plus (ESF Plus) gef\u00f6rdert.<\/p>\n<\/div>\n<\/div>\n\n\n\n<p><\/p>","protected":false},"excerpt":{"rendered":"<p>Mit&nbsp;EXIST-Women&nbsp;unterst\u00fctzt das Bundesministerium f\u00fcr Wirtschaft und Energie gr\u00fcndungsinteressierte Frauen an Hochschulen und Forschungseinrichtungen in der Phase vor der Unternehmensgr\u00fcndung, insbesondere bei der Entwicklung ihrer Unternehmerinnenpers\u00f6nlichkeit und der Weiterentwicklung ihrer Gr\u00fcndungsidee. Wer kann mitmachen? Teilnahmevoraussetzungen: Studentinnen (im Master oder \u00fcber die H\u00e4lfte der Studienleistungen im Bachelor erbracht), Absolventinnen (der Abschluss kann auch l\u00e4nger als 5 Jahre [&hellip;]<\/p>","protected":false},"author":4,"featured_media":0,"parent":0,"menu_order":0,"comment_status":"closed","ping_status":"closed","template":"","meta":{"footnotes":""},"class_list":["post-8693","page","type-page","status-publish","hentry","entry"],"yoast_head":"<!-- This site is optimized with the Yoast SEO plugin v27.4 - https:\/\/yoast.com\/product\/yoast-seo-wordpress\/ -->\n<title>Von der Idee zur Gr\u00fcndung - mit EXIST-Women\u00a0in 2026 durchstarten - Stapellauf Nordost<\/title>\n<meta name=\"robots\" content=\"index, follow, max-snippet:-1, max-image-preview:large, max-video-preview:-1\" \/>\n<link rel=\"canonical\" href=\"https:\/\/www.stapellauf-nordost.de\/en\/exist-women\/\" \/>\n<meta property=\"og:locale\" content=\"en_GB\" \/>\n<meta property=\"og:type\" content=\"article\" \/>\n<meta property=\"og:title\" content=\"Von der Idee zur Gr\u00fcndung - mit EXIST-Women\u00a0in 2026 durchstarten - Stapellauf Nordost\" \/>\n<meta property=\"og:description\" content=\"Mit&nbsp;EXIST-Women&nbsp;unterst\u00fctzt das Bundesministerium f\u00fcr Wirtschaft und Energie gr\u00fcndungsinteressierte Frauen an Hochschulen und Forschungseinrichtungen in der Phase vor der Unternehmensgr\u00fcndung, insbesondere bei der Entwicklung ihrer Unternehmerinnenpers\u00f6nlichkeit und der Weiterentwicklung ihrer Gr\u00fcndungsidee. Wer kann mitmachen? Teilnahmevoraussetzungen: Studentinnen (im Master oder \u00fcber die H\u00e4lfte der Studienleistungen im Bachelor erbracht), Absolventinnen (der Abschluss kann auch l\u00e4nger als 5 Jahre [&hellip;]\" \/>\n<meta property=\"og:url\" content=\"https:\/\/www.stapellauf-nordost.de\/en\/exist-women\/\" \/>\n<meta property=\"og:site_name\" content=\"Stapellauf Nordost\" \/>\n<meta property=\"article:publisher\" content=\"https:\/\/www.facebook.com\/stapellauf.de\" \/>\n<meta property=\"article:modified_time\" content=\"2026-02-17T19:41:21+00:00\" \/>\n<meta property=\"og:image\" content=\"https:\/\/www.stapellauf-nordost.de\/wp-content\/uploads\/2022\/01\/cropped-favicon.png\" \/>\n<meta name=\"twitter:card\" content=\"summary_large_image\" \/>\n<meta name=\"twitter:label1\" content=\"Est. reading time\" \/>\n\t<meta name=\"twitter:data1\" content=\"2 minutes\" \/>\n<script type=\"application\/ld+json\" class=\"yoast-schema-graph\">{\"@context\":\"https:\\\/\\\/schema.org\",\"@graph\":[{\"@type\":\"WebPage\",\"@id\":\"https:\\\/\\\/www.stapellauf-nordost.de\\\/exist-women\\\/\",\"url\":\"https:\\\/\\\/www.stapellauf-nordost.de\\\/exist-women\\\/\",\"name\":\"Von der Idee zur Gr\u00fcndung - mit EXIST-Women\u00a0in 2026 durchstarten - Stapellauf Nordost\",\"isPartOf\":{\"@id\":\"https:\\\/\\\/www.stapellauf-nordost.de\\\/#website\"},\"primaryImageOfPage\":{\"@id\":\"https:\\\/\\\/www.stapellauf-nordost.de\\\/exist-women\\\/#primaryimage\"},\"image\":{\"@id\":\"https:\\\/\\\/www.stapellauf-nordost.de\\\/exist-women\\\/#primaryimage\"},\"thumbnailUrl\":\"https:\\\/\\\/www.stapellauf-nordost.de\\\/wp-content\\\/uploads\\\/2022\\\/01\\\/cropped-favicon.png\",\"datePublished\":\"2024-01-03T12:38:13+00:00\",\"dateModified\":\"2026-02-17T19:41:21+00:00\",\"breadcrumb\":{\"@id\":\"https:\\\/\\\/www.stapellauf-nordost.de\\\/exist-women\\\/#breadcrumb\"},\"inLanguage\":\"en-GB\",\"potentialAction\":[{\"@type\":\"ReadAction\",\"target\":[\"https:\\\/\\\/www.stapellauf-nordost.de\\\/exist-women\\\/\"]}]},{\"@type\":\"ImageObject\",\"inLanguage\":\"en-GB\",\"@id\":\"https:\\\/\\\/www.stapellauf-nordost.de\\\/exist-women\\\/#primaryimage\",\"url\":\"https:\\\/\\\/www.stapellauf-nordost.de\\\/wp-content\\\/uploads\\\/2022\\\/01\\\/cropped-favicon.png\",\"contentUrl\":\"https:\\\/\\\/www.stapellauf-nordost.de\\\/wp-content\\\/uploads\\\/2022\\\/01\\\/cropped-favicon.png\"},{\"@type\":\"BreadcrumbList\",\"@id\":\"https:\\\/\\\/www.stapellauf-nordost.de\\\/exist-women\\\/#breadcrumb\",\"itemListElement\":[{\"@type\":\"ListItem\",\"position\":1,\"name\":\"Home\",\"item\":\"https:\\\/\\\/www.stapellauf-nordost.de\\\/\"},{\"@type\":\"ListItem\",\"position\":2,\"name\":\"Von der Idee zur Gr\u00fcndung &#8211; mit EXIST-Women\u00a0in 2026 durchstarten\"}]},{\"@type\":\"WebSite\",\"@id\":\"https:\\\/\\\/www.stapellauf-nordost.de\\\/#website\",\"url\":\"https:\\\/\\\/www.stapellauf-nordost.de\\\/\",\"name\":\"Stapellauf Nordost\",\"description\":\"Ausgr\u00fcndungen aus den Hochschulen Inspiration, Qualifikation &amp; F\u00f6rderung.\",\"publisher\":{\"@id\":\"https:\\\/\\\/www.stapellauf-nordost.de\\\/#organization\"},\"potentialAction\":[{\"@type\":\"SearchAction\",\"target\":{\"@type\":\"EntryPoint\",\"urlTemplate\":\"https:\\\/\\\/www.stapellauf-nordost.de\\\/?s={search_term_string}\"},\"query-input\":{\"@type\":\"PropertyValueSpecification\",\"valueRequired\":true,\"valueName\":\"search_term_string\"}}],\"inLanguage\":\"en-GB\"},{\"@type\":\"Organization\",\"@id\":\"https:\\\/\\\/www.stapellauf-nordost.de\\\/#organization\",\"name\":\"Stapellauf Nordost\",\"url\":\"https:\\\/\\\/www.stapellauf-nordost.de\\\/\",\"logo\":{\"@type\":\"ImageObject\",\"inLanguage\":\"en-GB\",\"@id\":\"https:\\\/\\\/www.stapellauf-nordost.de\\\/#\\\/schema\\\/logo\\\/image\\\/\",\"url\":\"https:\\\/\\\/www.stapellauf-nordost.de\\\/wp-content\\\/uploads\\\/2021\\\/12\\\/Stempellogo.png\",\"contentUrl\":\"https:\\\/\\\/www.stapellauf-nordost.de\\\/wp-content\\\/uploads\\\/2021\\\/12\\\/Stempellogo.png\",\"width\":100,\"height\":100,\"caption\":\"Stapellauf Nordost\"},\"image\":{\"@id\":\"https:\\\/\\\/www.stapellauf-nordost.de\\\/#\\\/schema\\\/logo\\\/image\\\/\"},\"sameAs\":[\"https:\\\/\\\/www.facebook.com\\\/stapellauf.de\",\"https:\\\/\\\/www.instagram.com\\\/stapellaufnordost\\\/\"]}]}<\/script>\n<!-- \/ Yoast SEO plugin. -->","yoast_head_json":{"title":"Von der Idee zur Gr\u00fcndung - mit EXIST-Women\u00a0in 2026 durchstarten - Stapellauf Nordost","robots":{"index":"index","follow":"follow","max-snippet":"max-snippet:-1","max-image-preview":"max-image-preview:large","max-video-preview":"max-video-preview:-1"},"canonical":"https:\/\/www.stapellauf-nordost.de\/en\/exist-women\/","og_locale":"en_GB","og_type":"article","og_title":"Von der Idee zur Gr\u00fcndung - mit EXIST-Women\u00a0in 2026 durchstarten - Stapellauf Nordost","og_description":"Mit&nbsp;EXIST-Women&nbsp;unterst\u00fctzt das Bundesministerium f\u00fcr Wirtschaft und Energie gr\u00fcndungsinteressierte Frauen an Hochschulen und Forschungseinrichtungen in der Phase vor der Unternehmensgr\u00fcndung, insbesondere bei der Entwicklung ihrer Unternehmerinnenpers\u00f6nlichkeit und der Weiterentwicklung ihrer Gr\u00fcndungsidee. Wer kann mitmachen? Teilnahmevoraussetzungen: Studentinnen (im Master oder \u00fcber die H\u00e4lfte der Studienleistungen im Bachelor erbracht), Absolventinnen (der Abschluss kann auch l\u00e4nger als 5 Jahre [&hellip;]","og_url":"https:\/\/www.stapellauf-nordost.de\/en\/exist-women\/","og_site_name":"Stapellauf Nordost","article_publisher":"https:\/\/www.facebook.com\/stapellauf.de","article_modified_time":"2026-02-17T19:41:21+00:00","og_image":[{"url":"https:\/\/www.stapellauf-nordost.de\/wp-content\/uploads\/2022\/01\/cropped-favicon.png","type":"","width":"","height":""}],"twitter_card":"summary_large_image","twitter_misc":{"Est. reading time":"2 minutes"},"schema":{"@context":"https:\/\/schema.org","@graph":[{"@type":"WebPage","@id":"https:\/\/www.stapellauf-nordost.de\/exist-women\/","url":"https:\/\/www.stapellauf-nordost.de\/exist-women\/","name":"Von der Idee zur Gr\u00fcndung - mit EXIST-Women\u00a0in 2026 durchstarten - Stapellauf Nordost","isPartOf":{"@id":"https:\/\/www.stapellauf-nordost.de\/#website"},"primaryImageOfPage":{"@id":"https:\/\/www.stapellauf-nordost.de\/exist-women\/#primaryimage"},"image":{"@id":"https:\/\/www.stapellauf-nordost.de\/exist-women\/#primaryimage"},"thumbnailUrl":"https:\/\/www.stapellauf-nordost.de\/wp-content\/uploads\/2022\/01\/cropped-favicon.png","datePublished":"2024-01-03T12:38:13+00:00","dateModified":"2026-02-17T19:41:21+00:00","breadcrumb":{"@id":"https:\/\/www.stapellauf-nordost.de\/exist-women\/#breadcrumb"},"inLanguage":"en-GB","potentialAction":[{"@type":"ReadAction","target":["https:\/\/www.stapellauf-nordost.de\/exist-women\/"]}]},{"@type":"ImageObject","inLanguage":"en-GB","@id":"https:\/\/www.stapellauf-nordost.de\/exist-women\/#primaryimage","url":"https:\/\/www.stapellauf-nordost.de\/wp-content\/uploads\/2022\/01\/cropped-favicon.png","contentUrl":"https:\/\/www.stapellauf-nordost.de\/wp-content\/uploads\/2022\/01\/cropped-favicon.png"},{"@type":"BreadcrumbList","@id":"https:\/\/www.stapellauf-nordost.de\/exist-women\/#breadcrumb","itemListElement":[{"@type":"ListItem","position":1,"name":"Home","item":"https:\/\/www.stapellauf-nordost.de\/"},{"@type":"ListItem","position":2,"name":"Von der Idee zur Gr\u00fcndung &#8211; mit EXIST-Women\u00a0in 2026 durchstarten"}]},{"@type":"WebSite","@id":"https:\/\/www.stapellauf-nordost.de\/#website","url":"https:\/\/www.stapellauf-nordost.de\/","name":"Launching northeast","description":"Ausgr\u00fcndungen aus den Hochschulen Inspiration, Qualifikation &amp; F\u00f6rderung.","publisher":{"@id":"https:\/\/www.stapellauf-nordost.de\/#organization"},"potentialAction":[{"@type":"SearchAction","target":{"@type":"EntryPoint","urlTemplate":"https:\/\/www.stapellauf-nordost.de\/?s={search_term_string}"},"query-input":{"@type":"PropertyValueSpecification","valueRequired":true,"valueName":"search_term_string"}}],"inLanguage":"en-GB"},{"@type":"Organization","@id":"https:\/\/www.stapellauf-nordost.de\/#organization","name":"Launching northeast","url":"https:\/\/www.stapellauf-nordost.de\/","logo":{"@type":"ImageObject","inLanguage":"en-GB","@id":"https:\/\/www.stapellauf-nordost.de\/#\/schema\/logo\/image\/","url":"https:\/\/www.stapellauf-nordost.de\/wp-content\/uploads\/2021\/12\/Stempellogo.png","contentUrl":"https:\/\/www.stapellauf-nordost.de\/wp-content\/uploads\/2021\/12\/Stempellogo.png","width":100,"height":100,"caption":"Stapellauf Nordost"},"image":{"@id":"https:\/\/www.stapellauf-nordost.de\/#\/schema\/logo\/image\/"},"sameAs":["https:\/\/www.facebook.com\/stapellauf.de","https:\/\/www.instagram.com\/stapellaufnordost\/"]}]}},"_links":{"self":[{"href":"https:\/\/www.stapellauf-nordost.de\/en\/wp-json\/wp\/v2\/pages\/8693","targetHints":{"allow":["GET"]}}],"collection":[{"href":"https:\/\/www.stapellauf-nordost.de\/en\/wp-json\/wp\/v2\/pages"}],"about":[{"href":"https:\/\/www.stapellauf-nordost.de\/en\/wp-json\/wp\/v2\/types\/page"}],"author":[{"embeddable":true,"href":"https:\/\/www.stapellauf-nordost.de\/en\/wp-json\/wp\/v2\/users\/4"}],"replies":[{"embeddable":true,"href":"https:\/\/www.stapellauf-nordost.de\/en\/wp-json\/wp\/v2\/comments?post=8693"}],"version-history":[{"count":136,"href":"https:\/\/www.stapellauf-nordost.de\/en\/wp-json\/wp\/v2\/pages\/8693\/revisions"}],"predecessor-version":[{"id":9993,"href":"https:\/\/www.stapellauf-nordost.de\/en\/wp-json\/wp\/v2\/pages\/8693\/revisions\/9993"}],"wp:attachment":[{"href":"https:\/\/www.stapellauf-nordost.de\/en\/wp-json\/wp\/v2\/media?parent=8693"}],"curies":[{"name":"wp","href":"https:\/\/api.w.org\/{rel}","templated":true}]}}