{"id":7214,"date":"2022-09-26T18:10:42","date_gmt":"2022-09-26T16:10:42","guid":{"rendered":"https:\/\/www.stapellauf-nordost.de\/?page_id=7214"},"modified":"2022-09-28T14:37:20","modified_gmt":"2022-09-28T12:37:20","slug":"teilnahmebedingungen-businessplanwettbewerb-segel-setzen","status":"publish","type":"page","link":"https:\/\/www.stapellauf-nordost.de\/en\/teilnahmebedingungen-businessplanwettbewerb-segel-setzen\/","title":{"rendered":"Teilnahmebedingungen Businessplanwettbewerb SEGEL SETZEN!"},"content":{"rendered":"<p>Teilnahmeberechtigt sind vollj\u00e4hrige, nat\u00fcrliche Personen, die folgende Voraussetzungen erf\u00fcllen:<\/p>\n\n\n\n<ul class=\"wp-block-list\"><li>eingeschriebene Studierende der Universit\u00e4t Greifswald sowie der Hochschulen Neubrandenburg und Stralsund<\/li><li>wissenschaftliche Mitarbeiterinnen und Mitarbeiter, Promovierende, Post-Docs und Professorinnen und Professoren der Universit\u00e4t Greifswald, der Hochschule Neubrandenburg und der Hochschule Stralsund (bis 5 Jahre nach Ausscheiden)<\/li><li>Absolventinnen und Absolventen der Universit\u00e4t Greifswald, der Hochschule Neubrandenburg und der Hochschule Stralsund (bis 5 Jahre nach Abschluss)<\/li><li>Angeh\u00f6rige des Leibniz-Institut f\u00fcr Plasmaforschung und Technologie e.V. (INP), des Leibniz-Institut f\u00fcr Ostseeforschung Warnem\u00fcnde (IOW), des Leibniz-Institut f\u00fcr Plasmaforschung und Technologie e. V. (INP), des Max-Planck-Instituts f\u00fcr Plasmaphysik (IPP), des Friedrich-Loeffler-Institut Bundesforschungsinstitut f\u00fcr Tiergesundheit und der Universit\u00e4tsmedizin Greifswald<\/li><li>bei Teams: mindestens einer der Vorhergenannten<\/li><li>The required documents must be submitted on time and in full.<\/li><li>Die Bewerbung kann in deutscher und auch englischer Sprache erfolgen. Bei englisch-sprachigen Bewerbungen muss eine deutschsprachige Zusammenfassung (\u201eExecutive Summary\u201c) beigef\u00fcgt werden.<\/li><li>The business idea must not have been honoured in other competitions with public funds (with the exception of the UNIQUE ideas competition of the University of Greifswald and \"inspired\" - the ideas competition in MV).<\/li><li>A formal company foundation or business registration based on the business idea must not have taken place at the time of registration for the competition.<\/li><li>The business idea must have been developed independently by the participants and must not infringe the rights of third parties.<\/li><li>Mehrere Personen k\u00f6nnen sich als Team beteiligen. Ideen k\u00f6nnen z. B. in interdisziplin\u00e4ren oder transdisziplin\u00e4ren Teams weiterentwickelt werden.<\/li><li>Die Teilnehmenden erkl\u00e4ren sich nach vorheriger Absprache zur Pr\u00e4sentation ihrer Idee im Rahmen der Pr\u00e4mierung und zur Mitwirkung an der \u00d6ffentlichkeitsarbeit bereit. Die Teilnehmenden erkl\u00e4ren sich zudem mit der Ver\u00f6ffentlichung der von ihnen im Rahmen der Pr\u00e4mierung erstellten Bilder und Videoaufzeichnungen einverstanden.<\/li><li>Die Teilnahme am Wettbewerb schlie\u00dft die Kenntnisnahme und das Einverst\u00e4ndnis mit den hier genannten Vergaberichtlinien zu Pr\u00e4mien, Preisgeldern und Sonderpreisen ein.<\/li><li>The members of the jury have submitted a written confidentiality agreement to ensure the confidentiality of the information disclosed during the competition. The employees of the organiser are obliged to maintain confidentiality and secrecy. The competition entries, as well as the personal data, will be treated confidentially and will not be passed on to unauthorised third parties.<\/li><li>Participants are obliged to ensure that the data provided to them is treated confidentially. In particular, they are prohibited from passing on personal or other sensitive data of other participants to third parties without their consent.<\/li><li>The decisions made by the jury and the prize sponsors are final.<\/li><li>Members of the jury and employees of the Centre for Research Promotion and Transfer at the University of Greifswald (ZFF) are excluded from participation.<\/li><li>Die Teilnahme am Wettbewerb schlie\u00dft das Einverst\u00e4ndnis mit den hier genannten Teilnahmebedingungen ein.<\/li><li>Der Rechtsweg ist ausgeschlossen.<\/li><\/ul>","protected":false},"excerpt":{"rendered":"<p>Teilnahmeberechtigt sind vollj\u00e4hrige, nat\u00fcrliche Personen, die folgende Voraussetzungen erf\u00fcllen: eingeschriebene Studierende der Universit\u00e4t Greifswald sowie der Hochschulen Neubrandenburg und Stralsund wissenschaftliche Mitarbeiterinnen und Mitarbeiter, Promovierende, Post-Docs und Professorinnen und Professoren der Universit\u00e4t Greifswald, der Hochschule Neubrandenburg und der Hochschule Stralsund (bis 5 Jahre nach Ausscheiden) Absolventinnen und Absolventen der Universit\u00e4t Greifswald, der Hochschule Neubrandenburg und [&hellip;]<\/p>","protected":false},"author":4,"featured_media":0,"parent":0,"menu_order":0,"comment_status":"closed","ping_status":"closed","template":"","meta":{"footnotes":""},"class_list":["post-7214","page","type-page","status-publish","hentry","entry"],"yoast_head":"<!-- This site is optimized with the Yoast SEO plugin v27.4 - https:\/\/yoast.com\/product\/yoast-seo-wordpress\/ -->\n<title>Teilnahmebedingungen Businessplanwettbewerb SEGEL SETZEN! - Stapellauf Nordost<\/title>\n<meta name=\"robots\" content=\"index, follow, max-snippet:-1, max-image-preview:large, max-video-preview:-1\" \/>\n<link rel=\"canonical\" href=\"https:\/\/www.stapellauf-nordost.de\/en\/teilnahmebedingungen-businessplanwettbewerb-segel-setzen\/\" \/>\n<meta property=\"og:locale\" content=\"en_GB\" \/>\n<meta property=\"og:type\" content=\"article\" \/>\n<meta property=\"og:title\" content=\"Teilnahmebedingungen Businessplanwettbewerb SEGEL SETZEN! - Stapellauf Nordost\" \/>\n<meta property=\"og:description\" content=\"Teilnahmeberechtigt sind vollj\u00e4hrige, nat\u00fcrliche Personen, die folgende Voraussetzungen erf\u00fcllen: eingeschriebene Studierende der Universit\u00e4t Greifswald sowie der Hochschulen Neubrandenburg und Stralsund wissenschaftliche Mitarbeiterinnen und Mitarbeiter, Promovierende, Post-Docs und Professorinnen und Professoren der Universit\u00e4t Greifswald, der Hochschule Neubrandenburg und der Hochschule Stralsund (bis 5 Jahre nach Ausscheiden) Absolventinnen und Absolventen der Universit\u00e4t Greifswald, der Hochschule Neubrandenburg und [&hellip;]\" \/>\n<meta property=\"og:url\" content=\"https:\/\/www.stapellauf-nordost.de\/en\/teilnahmebedingungen-businessplanwettbewerb-segel-setzen\/\" \/>\n<meta property=\"og:site_name\" content=\"Stapellauf Nordost\" \/>\n<meta property=\"article:publisher\" content=\"https:\/\/www.facebook.com\/stapellauf.de\" \/>\n<meta property=\"article:modified_time\" content=\"2022-09-28T12:37:20+00:00\" \/>\n<meta property=\"og:image\" content=\"https:\/\/www.stapellauf-nordost.de\/wp-content\/uploads\/2021\/12\/Stempellogo.png\" \/>\n\t<meta property=\"og:image:width\" content=\"100\" \/>\n\t<meta property=\"og:image:height\" content=\"100\" \/>\n\t<meta property=\"og:image:type\" content=\"image\/png\" \/>\n<meta name=\"twitter:card\" content=\"summary_large_image\" \/>\n<meta name=\"twitter:label1\" content=\"Est. reading time\" \/>\n\t<meta name=\"twitter:data1\" content=\"3 minutes\" \/>\n<script type=\"application\/ld+json\" class=\"yoast-schema-graph\">{\"@context\":\"https:\\\/\\\/schema.org\",\"@graph\":[{\"@type\":\"WebPage\",\"@id\":\"https:\\\/\\\/www.stapellauf-nordost.de\\\/teilnahmebedingungen-businessplanwettbewerb-segel-setzen\\\/\",\"url\":\"https:\\\/\\\/www.stapellauf-nordost.de\\\/teilnahmebedingungen-businessplanwettbewerb-segel-setzen\\\/\",\"name\":\"Teilnahmebedingungen Businessplanwettbewerb SEGEL SETZEN! - Stapellauf Nordost\",\"isPartOf\":{\"@id\":\"https:\\\/\\\/www.stapellauf-nordost.de\\\/#website\"},\"datePublished\":\"2022-09-26T16:10:42+00:00\",\"dateModified\":\"2022-09-28T12:37:20+00:00\",\"breadcrumb\":{\"@id\":\"https:\\\/\\\/www.stapellauf-nordost.de\\\/teilnahmebedingungen-businessplanwettbewerb-segel-setzen\\\/#breadcrumb\"},\"inLanguage\":\"en-GB\",\"potentialAction\":[{\"@type\":\"ReadAction\",\"target\":[\"https:\\\/\\\/www.stapellauf-nordost.de\\\/teilnahmebedingungen-businessplanwettbewerb-segel-setzen\\\/\"]}]},{\"@type\":\"BreadcrumbList\",\"@id\":\"https:\\\/\\\/www.stapellauf-nordost.de\\\/teilnahmebedingungen-businessplanwettbewerb-segel-setzen\\\/#breadcrumb\",\"itemListElement\":[{\"@type\":\"ListItem\",\"position\":1,\"name\":\"Home\",\"item\":\"https:\\\/\\\/www.stapellauf-nordost.de\\\/\"},{\"@type\":\"ListItem\",\"position\":2,\"name\":\"Teilnahmebedingungen Businessplanwettbewerb SEGEL SETZEN!\"}]},{\"@type\":\"WebSite\",\"@id\":\"https:\\\/\\\/www.stapellauf-nordost.de\\\/#website\",\"url\":\"https:\\\/\\\/www.stapellauf-nordost.de\\\/\",\"name\":\"Stapellauf Nordost\",\"description\":\"Ausgr\u00fcndungen aus den Hochschulen Inspiration, Qualifikation &amp; F\u00f6rderung.\",\"publisher\":{\"@id\":\"https:\\\/\\\/www.stapellauf-nordost.de\\\/#organization\"},\"potentialAction\":[{\"@type\":\"SearchAction\",\"target\":{\"@type\":\"EntryPoint\",\"urlTemplate\":\"https:\\\/\\\/www.stapellauf-nordost.de\\\/?s={search_term_string}\"},\"query-input\":{\"@type\":\"PropertyValueSpecification\",\"valueRequired\":true,\"valueName\":\"search_term_string\"}}],\"inLanguage\":\"en-GB\"},{\"@type\":\"Organization\",\"@id\":\"https:\\\/\\\/www.stapellauf-nordost.de\\\/#organization\",\"name\":\"Stapellauf Nordost\",\"url\":\"https:\\\/\\\/www.stapellauf-nordost.de\\\/\",\"logo\":{\"@type\":\"ImageObject\",\"inLanguage\":\"en-GB\",\"@id\":\"https:\\\/\\\/www.stapellauf-nordost.de\\\/#\\\/schema\\\/logo\\\/image\\\/\",\"url\":\"https:\\\/\\\/www.stapellauf-nordost.de\\\/wp-content\\\/uploads\\\/2021\\\/12\\\/Stempellogo.png\",\"contentUrl\":\"https:\\\/\\\/www.stapellauf-nordost.de\\\/wp-content\\\/uploads\\\/2021\\\/12\\\/Stempellogo.png\",\"width\":100,\"height\":100,\"caption\":\"Stapellauf Nordost\"},\"image\":{\"@id\":\"https:\\\/\\\/www.stapellauf-nordost.de\\\/#\\\/schema\\\/logo\\\/image\\\/\"},\"sameAs\":[\"https:\\\/\\\/www.facebook.com\\\/stapellauf.de\",\"https:\\\/\\\/www.instagram.com\\\/stapellaufnordost\\\/\"]}]}<\/script>\n<!-- \/ Yoast SEO plugin. -->","yoast_head_json":{"title":"Teilnahmebedingungen Businessplanwettbewerb SEGEL SETZEN! - Stapellauf Nordost","robots":{"index":"index","follow":"follow","max-snippet":"max-snippet:-1","max-image-preview":"max-image-preview:large","max-video-preview":"max-video-preview:-1"},"canonical":"https:\/\/www.stapellauf-nordost.de\/en\/teilnahmebedingungen-businessplanwettbewerb-segel-setzen\/","og_locale":"en_GB","og_type":"article","og_title":"Teilnahmebedingungen Businessplanwettbewerb SEGEL SETZEN! - Stapellauf Nordost","og_description":"Teilnahmeberechtigt sind vollj\u00e4hrige, nat\u00fcrliche Personen, die folgende Voraussetzungen erf\u00fcllen: eingeschriebene Studierende der Universit\u00e4t Greifswald sowie der Hochschulen Neubrandenburg und Stralsund wissenschaftliche Mitarbeiterinnen und Mitarbeiter, Promovierende, Post-Docs und Professorinnen und Professoren der Universit\u00e4t Greifswald, der Hochschule Neubrandenburg und der Hochschule Stralsund (bis 5 Jahre nach Ausscheiden) Absolventinnen und Absolventen der Universit\u00e4t Greifswald, der Hochschule Neubrandenburg und [&hellip;]","og_url":"https:\/\/www.stapellauf-nordost.de\/en\/teilnahmebedingungen-businessplanwettbewerb-segel-setzen\/","og_site_name":"Stapellauf Nordost","article_publisher":"https:\/\/www.facebook.com\/stapellauf.de","article_modified_time":"2022-09-28T12:37:20+00:00","og_image":[{"width":100,"height":100,"url":"https:\/\/www.stapellauf-nordost.de\/wp-content\/uploads\/2021\/12\/Stempellogo.png","type":"image\/png"}],"twitter_card":"summary_large_image","twitter_misc":{"Est. reading time":"3 minutes"},"schema":{"@context":"https:\/\/schema.org","@graph":[{"@type":"WebPage","@id":"https:\/\/www.stapellauf-nordost.de\/teilnahmebedingungen-businessplanwettbewerb-segel-setzen\/","url":"https:\/\/www.stapellauf-nordost.de\/teilnahmebedingungen-businessplanwettbewerb-segel-setzen\/","name":"Teilnahmebedingungen Businessplanwettbewerb SEGEL SETZEN! - Stapellauf Nordost","isPartOf":{"@id":"https:\/\/www.stapellauf-nordost.de\/#website"},"datePublished":"2022-09-26T16:10:42+00:00","dateModified":"2022-09-28T12:37:20+00:00","breadcrumb":{"@id":"https:\/\/www.stapellauf-nordost.de\/teilnahmebedingungen-businessplanwettbewerb-segel-setzen\/#breadcrumb"},"inLanguage":"en-GB","potentialAction":[{"@type":"ReadAction","target":["https:\/\/www.stapellauf-nordost.de\/teilnahmebedingungen-businessplanwettbewerb-segel-setzen\/"]}]},{"@type":"BreadcrumbList","@id":"https:\/\/www.stapellauf-nordost.de\/teilnahmebedingungen-businessplanwettbewerb-segel-setzen\/#breadcrumb","itemListElement":[{"@type":"ListItem","position":1,"name":"Home","item":"https:\/\/www.stapellauf-nordost.de\/"},{"@type":"ListItem","position":2,"name":"Teilnahmebedingungen Businessplanwettbewerb SEGEL SETZEN!"}]},{"@type":"WebSite","@id":"https:\/\/www.stapellauf-nordost.de\/#website","url":"https:\/\/www.stapellauf-nordost.de\/","name":"Launching northeast","description":"Ausgr\u00fcndungen aus den Hochschulen Inspiration, Qualifikation &amp; F\u00f6rderung.","publisher":{"@id":"https:\/\/www.stapellauf-nordost.de\/#organization"},"potentialAction":[{"@type":"SearchAction","target":{"@type":"EntryPoint","urlTemplate":"https:\/\/www.stapellauf-nordost.de\/?s={search_term_string}"},"query-input":{"@type":"PropertyValueSpecification","valueRequired":true,"valueName":"search_term_string"}}],"inLanguage":"en-GB"},{"@type":"Organization","@id":"https:\/\/www.stapellauf-nordost.de\/#organization","name":"Launching northeast","url":"https:\/\/www.stapellauf-nordost.de\/","logo":{"@type":"ImageObject","inLanguage":"en-GB","@id":"https:\/\/www.stapellauf-nordost.de\/#\/schema\/logo\/image\/","url":"https:\/\/www.stapellauf-nordost.de\/wp-content\/uploads\/2021\/12\/Stempellogo.png","contentUrl":"https:\/\/www.stapellauf-nordost.de\/wp-content\/uploads\/2021\/12\/Stempellogo.png","width":100,"height":100,"caption":"Stapellauf Nordost"},"image":{"@id":"https:\/\/www.stapellauf-nordost.de\/#\/schema\/logo\/image\/"},"sameAs":["https:\/\/www.facebook.com\/stapellauf.de","https:\/\/www.instagram.com\/stapellaufnordost\/"]}]}},"_links":{"self":[{"href":"https:\/\/www.stapellauf-nordost.de\/en\/wp-json\/wp\/v2\/pages\/7214","targetHints":{"allow":["GET"]}}],"collection":[{"href":"https:\/\/www.stapellauf-nordost.de\/en\/wp-json\/wp\/v2\/pages"}],"about":[{"href":"https:\/\/www.stapellauf-nordost.de\/en\/wp-json\/wp\/v2\/types\/page"}],"author":[{"embeddable":true,"href":"https:\/\/www.stapellauf-nordost.de\/en\/wp-json\/wp\/v2\/users\/4"}],"replies":[{"embeddable":true,"href":"https:\/\/www.stapellauf-nordost.de\/en\/wp-json\/wp\/v2\/comments?post=7214"}],"version-history":[{"count":2,"href":"https:\/\/www.stapellauf-nordost.de\/en\/wp-json\/wp\/v2\/pages\/7214\/revisions"}],"predecessor-version":[{"id":7257,"href":"https:\/\/www.stapellauf-nordost.de\/en\/wp-json\/wp\/v2\/pages\/7214\/revisions\/7257"}],"wp:attachment":[{"href":"https:\/\/www.stapellauf-nordost.de\/en\/wp-json\/wp\/v2\/media?parent=7214"}],"curies":[{"name":"wp","href":"https:\/\/api.w.org\/{rel}","templated":true}]}}