{"id":6897,"date":"2022-07-04T21:58:31","date_gmt":"2022-07-04T19:58:31","guid":{"rendered":"https:\/\/www.stapellauf-nordost.de\/?page_id=6897"},"modified":"2022-07-04T22:01:49","modified_gmt":"2022-07-04T20:01:49","slug":"kommende-veranstaltungen","status":"publish","type":"page","link":"https:\/\/www.stapellauf-nordost.de\/en\/kommende-veranstaltungen\/","title":{"rendered":"kommende Veranstaltungen"},"content":{"rendered":"<section class=\"wp-block-stapellauf-nordost-post-list is-style-list\">\n\t\t        <div class=\"stno-posts-container\">\n\t\t\t                <article class=\"stno-post has-thumbnail\">\n                    <div class=\"stno-post--image-wrapper\">\n                        <div class=\"stno-post--image\"\n\t\t\t\t\t\t\t                                style=\"background-image: url(https:\/\/www.stapellauf-nordost.de\/wp-content\/uploads\/2025\/10\/Frau-Magdeburg-min-scaled-e1759999371541.jpg);\"\n\t\t\t\t\t\t\t>\n\t\t\t\t\t\t\t\t\t\t\t\t\t\t\t<time class=\"stno-post--date-flag\" datetime=\"2025-12-03 17:30:00\">3. Dec 2025<\/time>\t\t\t\t\t\t\t                        <\/div>\n                    <\/div>\n                    <section class=\"stno-post--main\">\n                        <header>\n\t\t\t\t\t\t\t\t\t\t\t\t\t\t\t<time class=\"stno-post--heading-date\" datetime=\"2025-12-03 17:30:00\">3. Dec 2025<\/time>\t\t\t\t\t\t\t\t\t\t\t\t\t\t<h2 class=\"stno-post--heading__article\"><a href=\"https:\/\/www.stapellauf-nordost.de\/en\/events\/mehr-als-ein-chef-leadership-als-wachstumsfaktor\/\">Mehr als ein Chef: Leadership als Wachstumsfaktor<\/a><\/h2><h3 class=\"stno-post--heading__categories\"><a href=\"https:\/\/www.stapellauf-nordost.de\/en\/events\/categories\/ringvorlesung\/\" rel=\"tag\">Lecture series<\/a><\/h3>                        <\/header>\n                        <div><p>Als Referentin begr\u00fc\u00dfen wir Anke Magdeburg, Business Coach.<\/p>\n<\/div>\n                        <footer>\n                            <a href=\"https:\/\/www.stapellauf-nordost.de\/en\/events\/mehr-als-ein-chef-leadership-als-wachstumsfaktor\/\"\n                               class=\"read-more\">Learn more<\/a>\n                        <\/footer>\n                    <\/section>\n                <\/article>\n\t\t\t                <article class=\"stno-post has-thumbnail\">\n                    <div class=\"stno-post--image-wrapper\">\n                        <div class=\"stno-post--image\"\n\t\t\t\t\t\t\t                                style=\"background-image: url(https:\/\/www.stapellauf-nordost.de\/wp-content\/uploads\/2021\/11\/Gruendungswerft-Claudius-Thelen-6-e1759997926365.jpeg);\"\n\t\t\t\t\t\t\t>\n\t\t\t\t\t\t\t\t\t\t\t\t\t\t\t<time class=\"stno-post--date-flag\" datetime=\"2025-11-26 17:30:00\">26. Nov 2025<\/time>\t\t\t\t\t\t\t                        <\/div>\n                    <\/div>\n                    <section class=\"stno-post--main\">\n                        <header>\n\t\t\t\t\t\t\t\t\t\t\t\t\t\t\t<time class=\"stno-post--heading-date\" datetime=\"2025-11-26 17:30:00\">26. Nov 2025<\/time>\t\t\t\t\t\t\t\t\t\t\t\t\t\t<h2 class=\"stno-post--heading__article\"><a href=\"https:\/\/www.stapellauf-nordost.de\/en\/events\/social-media-marketing-wie-funktioniert-erfolgreiche-markenkommunikation-trotz-sinkender-aufmerksamkeitsspannen-angefragt\/\">Social Media Marketing: Wie funktioniert erfolgreiche Markenkommunikation trotz sinkender Aufmerksamkeitsspannen? (angefragt)<\/a><\/h2><h3 class=\"stno-post--heading__categories\"><a href=\"https:\/\/www.stapellauf-nordost.de\/en\/events\/categories\/ringvorlesung\/\" rel=\"tag\">Lecture series<\/a><\/h3>                        <\/header>\n                        <div><p>Als Referent begr\u00fc\u00dfen wir Martin Horst, 13\u00b0 Agentur f\u00fcr Branding &#038; Kommunikation. (angefragt)<\/p>\n<\/div>\n                        <footer>\n                            <a href=\"https:\/\/www.stapellauf-nordost.de\/en\/events\/social-media-marketing-wie-funktioniert-erfolgreiche-markenkommunikation-trotz-sinkender-aufmerksamkeitsspannen-angefragt\/\"\n                               class=\"read-more\">Learn more<\/a>\n                        <\/footer>\n                    <\/section>\n                <\/article>\n\t\t\t                <article class=\"stno-post has-thumbnail\">\n                    <div class=\"stno-post--image-wrapper\">\n                        <div class=\"stno-post--image\"\n\t\t\t\t\t\t\t                                style=\"background-image: url(https:\/\/www.stapellauf-nordost.de\/wp-content\/uploads\/2025\/10\/dr-dirk-hollmann-co-founder-cmo-865dc106.png);\"\n\t\t\t\t\t\t\t>\n\t\t\t\t\t\t\t\t\t\t\t\t\t\t\t<time class=\"stno-post--date-flag\" datetime=\"2025-11-19 17:30:00\">19. Nov 2025<\/time>\t\t\t\t\t\t\t                        <\/div>\n                    <\/div>\n                    <section class=\"stno-post--main\">\n                        <header>\n\t\t\t\t\t\t\t\t\t\t\t\t\t\t\t<time class=\"stno-post--heading-date\" datetime=\"2025-11-19 17:30:00\">19. Nov 2025<\/time>\t\t\t\t\t\t\t\t\t\t\t\t\t\t<h2 class=\"stno-post--heading__article\"><a href=\"https:\/\/www.stapellauf-nordost.de\/en\/events\/forschen-und-gruenden-mit-impact-cell2green-gemeinsam-die-zukunft-einpacken\/\">Forschen und Gr\u00fcnden mit Impact \u2013 Cell2Green: Gemeinsam die Zukunft einpacken!<\/a><\/h2><h3 class=\"stno-post--heading__categories\"><a href=\"https:\/\/www.stapellauf-nordost.de\/en\/events\/categories\/ringvorlesung\/\" rel=\"tag\">Lecture series<\/a><\/h3>                        <\/header>\n                        <div><p>Als Referent begr\u00fc\u00dfen wir Dr. Dirk Hollmann, Cell2Green GmbH.<\/p>\n<\/div>\n                        <footer>\n                            <a href=\"https:\/\/www.stapellauf-nordost.de\/en\/events\/forschen-und-gruenden-mit-impact-cell2green-gemeinsam-die-zukunft-einpacken\/\"\n                               class=\"read-more\">Learn more<\/a>\n                        <\/footer>\n                    <\/section>\n                <\/article>\n\t\t\t                <article class=\"stno-post has-thumbnail\">\n                    <div class=\"stno-post--image-wrapper\">\n                        <div class=\"stno-post--image\"\n\t\t\t\t\t\t\t                                style=\"background-image: url(https:\/\/www.stapellauf-nordost.de\/wp-content\/uploads\/2025\/10\/Hirchert.jpg);\"\n\t\t\t\t\t\t\t>\n\t\t\t\t\t\t\t\t\t\t\t\t\t\t\t<time class=\"stno-post--date-flag\" datetime=\"2025-11-12 17:30:00\">12. Nov 2025<\/time>\t\t\t\t\t\t\t                        <\/div>\n                    <\/div>\n                    <section class=\"stno-post--main\">\n                        <header>\n\t\t\t\t\t\t\t\t\t\t\t\t\t\t\t<time class=\"stno-post--heading-date\" datetime=\"2025-11-12 17:30:00\">12. Nov 2025<\/time>\t\t\t\t\t\t\t\t\t\t\t\t\t\t<h2 class=\"stno-post--heading__article\"><a href=\"https:\/\/www.stapellauf-nordost.de\/en\/events\/basiswissen-gruendung-wie-gruende-ich-konkret-ein-unternehmen\/\">Basiswissen Gr\u00fcndung \u2013 wie gr\u00fcnde ich konkret ein Unternehmen?<\/a><\/h2><h3 class=\"stno-post--heading__categories\"><a href=\"https:\/\/www.stapellauf-nordost.de\/en\/events\/categories\/ringvorlesung\/\" rel=\"tag\">Lecture series<\/a><\/h3>                        <\/header>\n                        <div><p>Als Referent begr\u00fc\u00dfen wir Volker Hirchert, IHK Neubrandenburg f\u00fcr das \u00f6stliche Mecklenburg-Vorpommern.<\/p>\n<\/div>\n                        <footer>\n                            <a href=\"https:\/\/www.stapellauf-nordost.de\/en\/events\/basiswissen-gruendung-wie-gruende-ich-konkret-ein-unternehmen\/\"\n                               class=\"read-more\">Learn more<\/a>\n                        <\/footer>\n                    <\/section>\n                <\/article>\n\t\t\t                <article class=\"stno-post has-thumbnail\">\n                    <div class=\"stno-post--image-wrapper\">\n                        <div class=\"stno-post--image\"\n\t\t\t\t\t\t\t                                style=\"background-image: url(https:\/\/www.stapellauf-nordost.de\/wp-content\/uploads\/2025\/10\/Hannes-Trettin\u00a9MatthesTrettin.jpeg);\"\n\t\t\t\t\t\t\t>\n\t\t\t\t\t\t\t\t\t\t\t\t\t\t\t<time class=\"stno-post--date-flag\" datetime=\"2025-11-05 17:30:00\">5. Nov 2025<\/time>\t\t\t\t\t\t\t                        <\/div>\n                    <\/div>\n                    <section class=\"stno-post--main\">\n                        <header>\n\t\t\t\t\t\t\t\t\t\t\t\t\t\t\t<time class=\"stno-post--heading-date\" datetime=\"2025-11-05 17:30:00\">5. Nov 2025<\/time>\t\t\t\t\t\t\t\t\t\t\t\t\t\t<h2 class=\"stno-post--heading__article\"><a href=\"https:\/\/www.stapellauf-nordost.de\/en\/events\/wie-entwickle-ich-ein-gut-funktionierendes-geschaeftsmodell\/\">Wie entwickle ich ein gut funktionierendes Gesch\u00e4ftsmodell?<\/a><\/h2><h3 class=\"stno-post--heading__categories\"><a href=\"https:\/\/www.stapellauf-nordost.de\/en\/events\/categories\/ringvorlesung\/\" rel=\"tag\">Lecture series<\/a><\/h3>                        <\/header>\n                        <div><p>Als Referent begr\u00fc\u00dfen wir Hannes Trettin, Projekt Bay.<\/p>\n<\/div>\n                        <footer>\n                            <a href=\"https:\/\/www.stapellauf-nordost.de\/en\/events\/wie-entwickle-ich-ein-gut-funktionierendes-geschaeftsmodell\/\"\n                               class=\"read-more\">Learn more<\/a>\n                        <\/footer>\n                    <\/section>\n                <\/article>\n\t\t\t        <\/div>\n    <\/section>","protected":false},"excerpt":{"rendered":"","protected":false},"author":2,"featured_media":0,"parent":0,"menu_order":0,"comment_status":"closed","ping_status":"closed","template":"","meta":{"footnotes":""},"class_list":["post-6897","page","type-page","status-publish","hentry","entry"],"yoast_head":"<!-- This site is optimized with the Yoast SEO plugin v27.4 - https:\/\/yoast.com\/product\/yoast-seo-wordpress\/ -->\n<title>kommende Veranstaltungen - Stapellauf Nordost<\/title>\n<meta name=\"robots\" content=\"index, follow, max-snippet:-1, max-image-preview:large, max-video-preview:-1\" \/>\n<link rel=\"canonical\" href=\"https:\/\/www.stapellauf-nordost.de\/en\/kommende-veranstaltungen\/\" \/>\n<meta property=\"og:locale\" content=\"en_GB\" \/>\n<meta property=\"og:type\" content=\"article\" \/>\n<meta property=\"og:title\" content=\"kommende Veranstaltungen - Stapellauf Nordost\" \/>\n<meta property=\"og:url\" content=\"https:\/\/www.stapellauf-nordost.de\/en\/kommende-veranstaltungen\/\" \/>\n<meta property=\"og:site_name\" content=\"Stapellauf Nordost\" \/>\n<meta property=\"article:publisher\" content=\"https:\/\/www.facebook.com\/stapellauf.de\" \/>\n<meta property=\"article:modified_time\" content=\"2022-07-04T20:01:49+00:00\" \/>\n<meta property=\"og:image\" content=\"https:\/\/www.stapellauf-nordost.de\/wp-content\/uploads\/2021\/12\/Stempellogo.png\" \/>\n\t<meta property=\"og:image:width\" content=\"100\" \/>\n\t<meta property=\"og:image:height\" content=\"100\" \/>\n\t<meta property=\"og:image:type\" content=\"image\/png\" \/>\n<meta name=\"twitter:card\" content=\"summary_large_image\" \/>\n<script type=\"application\/ld+json\" class=\"yoast-schema-graph\">{\"@context\":\"https:\\\/\\\/schema.org\",\"@graph\":[{\"@type\":\"WebPage\",\"@id\":\"https:\\\/\\\/www.stapellauf-nordost.de\\\/kommende-veranstaltungen\\\/\",\"url\":\"https:\\\/\\\/www.stapellauf-nordost.de\\\/kommende-veranstaltungen\\\/\",\"name\":\"kommende Veranstaltungen - Stapellauf Nordost\",\"isPartOf\":{\"@id\":\"https:\\\/\\\/www.stapellauf-nordost.de\\\/#website\"},\"datePublished\":\"2022-07-04T19:58:31+00:00\",\"dateModified\":\"2022-07-04T20:01:49+00:00\",\"breadcrumb\":{\"@id\":\"https:\\\/\\\/www.stapellauf-nordost.de\\\/kommende-veranstaltungen\\\/#breadcrumb\"},\"inLanguage\":\"en-GB\",\"potentialAction\":[{\"@type\":\"ReadAction\",\"target\":[\"https:\\\/\\\/www.stapellauf-nordost.de\\\/kommende-veranstaltungen\\\/\"]}]},{\"@type\":\"BreadcrumbList\",\"@id\":\"https:\\\/\\\/www.stapellauf-nordost.de\\\/kommende-veranstaltungen\\\/#breadcrumb\",\"itemListElement\":[{\"@type\":\"ListItem\",\"position\":1,\"name\":\"Home\",\"item\":\"https:\\\/\\\/www.stapellauf-nordost.de\\\/\"},{\"@type\":\"ListItem\",\"position\":2,\"name\":\"kommende Veranstaltungen\"}]},{\"@type\":\"WebSite\",\"@id\":\"https:\\\/\\\/www.stapellauf-nordost.de\\\/#website\",\"url\":\"https:\\\/\\\/www.stapellauf-nordost.de\\\/\",\"name\":\"Stapellauf Nordost\",\"description\":\"Ausgr\u00fcndungen aus den Hochschulen Inspiration, Qualifikation &amp; F\u00f6rderung.\",\"publisher\":{\"@id\":\"https:\\\/\\\/www.stapellauf-nordost.de\\\/#organization\"},\"potentialAction\":[{\"@type\":\"SearchAction\",\"target\":{\"@type\":\"EntryPoint\",\"urlTemplate\":\"https:\\\/\\\/www.stapellauf-nordost.de\\\/?s={search_term_string}\"},\"query-input\":{\"@type\":\"PropertyValueSpecification\",\"valueRequired\":true,\"valueName\":\"search_term_string\"}}],\"inLanguage\":\"en-GB\"},{\"@type\":\"Organization\",\"@id\":\"https:\\\/\\\/www.stapellauf-nordost.de\\\/#organization\",\"name\":\"Stapellauf Nordost\",\"url\":\"https:\\\/\\\/www.stapellauf-nordost.de\\\/\",\"logo\":{\"@type\":\"ImageObject\",\"inLanguage\":\"en-GB\",\"@id\":\"https:\\\/\\\/www.stapellauf-nordost.de\\\/#\\\/schema\\\/logo\\\/image\\\/\",\"url\":\"https:\\\/\\\/www.stapellauf-nordost.de\\\/wp-content\\\/uploads\\\/2021\\\/12\\\/Stempellogo.png\",\"contentUrl\":\"https:\\\/\\\/www.stapellauf-nordost.de\\\/wp-content\\\/uploads\\\/2021\\\/12\\\/Stempellogo.png\",\"width\":100,\"height\":100,\"caption\":\"Stapellauf Nordost\"},\"image\":{\"@id\":\"https:\\\/\\\/www.stapellauf-nordost.de\\\/#\\\/schema\\\/logo\\\/image\\\/\"},\"sameAs\":[\"https:\\\/\\\/www.facebook.com\\\/stapellauf.de\",\"https:\\\/\\\/www.instagram.com\\\/stapellaufnordost\\\/\"]}]}<\/script>\n<!-- \/ Yoast SEO plugin. -->","yoast_head_json":{"title":"kommende Veranstaltungen - Stapellauf Nordost","robots":{"index":"index","follow":"follow","max-snippet":"max-snippet:-1","max-image-preview":"max-image-preview:large","max-video-preview":"max-video-preview:-1"},"canonical":"https:\/\/www.stapellauf-nordost.de\/en\/kommende-veranstaltungen\/","og_locale":"en_GB","og_type":"article","og_title":"kommende Veranstaltungen - Stapellauf Nordost","og_url":"https:\/\/www.stapellauf-nordost.de\/en\/kommende-veranstaltungen\/","og_site_name":"Stapellauf Nordost","article_publisher":"https:\/\/www.facebook.com\/stapellauf.de","article_modified_time":"2022-07-04T20:01:49+00:00","og_image":[{"width":100,"height":100,"url":"https:\/\/www.stapellauf-nordost.de\/wp-content\/uploads\/2021\/12\/Stempellogo.png","type":"image\/png"}],"twitter_card":"summary_large_image","schema":{"@context":"https:\/\/schema.org","@graph":[{"@type":"WebPage","@id":"https:\/\/www.stapellauf-nordost.de\/kommende-veranstaltungen\/","url":"https:\/\/www.stapellauf-nordost.de\/kommende-veranstaltungen\/","name":"kommende Veranstaltungen - Stapellauf Nordost","isPartOf":{"@id":"https:\/\/www.stapellauf-nordost.de\/#website"},"datePublished":"2022-07-04T19:58:31+00:00","dateModified":"2022-07-04T20:01:49+00:00","breadcrumb":{"@id":"https:\/\/www.stapellauf-nordost.de\/kommende-veranstaltungen\/#breadcrumb"},"inLanguage":"en-GB","potentialAction":[{"@type":"ReadAction","target":["https:\/\/www.stapellauf-nordost.de\/kommende-veranstaltungen\/"]}]},{"@type":"BreadcrumbList","@id":"https:\/\/www.stapellauf-nordost.de\/kommende-veranstaltungen\/#breadcrumb","itemListElement":[{"@type":"ListItem","position":1,"name":"Home","item":"https:\/\/www.stapellauf-nordost.de\/"},{"@type":"ListItem","position":2,"name":"kommende Veranstaltungen"}]},{"@type":"WebSite","@id":"https:\/\/www.stapellauf-nordost.de\/#website","url":"https:\/\/www.stapellauf-nordost.de\/","name":"Launching northeast","description":"Ausgr\u00fcndungen aus den Hochschulen Inspiration, Qualifikation &amp; F\u00f6rderung.","publisher":{"@id":"https:\/\/www.stapellauf-nordost.de\/#organization"},"potentialAction":[{"@type":"SearchAction","target":{"@type":"EntryPoint","urlTemplate":"https:\/\/www.stapellauf-nordost.de\/?s={search_term_string}"},"query-input":{"@type":"PropertyValueSpecification","valueRequired":true,"valueName":"search_term_string"}}],"inLanguage":"en-GB"},{"@type":"Organization","@id":"https:\/\/www.stapellauf-nordost.de\/#organization","name":"Launching northeast","url":"https:\/\/www.stapellauf-nordost.de\/","logo":{"@type":"ImageObject","inLanguage":"en-GB","@id":"https:\/\/www.stapellauf-nordost.de\/#\/schema\/logo\/image\/","url":"https:\/\/www.stapellauf-nordost.de\/wp-content\/uploads\/2021\/12\/Stempellogo.png","contentUrl":"https:\/\/www.stapellauf-nordost.de\/wp-content\/uploads\/2021\/12\/Stempellogo.png","width":100,"height":100,"caption":"Stapellauf Nordost"},"image":{"@id":"https:\/\/www.stapellauf-nordost.de\/#\/schema\/logo\/image\/"},"sameAs":["https:\/\/www.facebook.com\/stapellauf.de","https:\/\/www.instagram.com\/stapellaufnordost\/"]}]}},"_links":{"self":[{"href":"https:\/\/www.stapellauf-nordost.de\/en\/wp-json\/wp\/v2\/pages\/6897","targetHints":{"allow":["GET"]}}],"collection":[{"href":"https:\/\/www.stapellauf-nordost.de\/en\/wp-json\/wp\/v2\/pages"}],"about":[{"href":"https:\/\/www.stapellauf-nordost.de\/en\/wp-json\/wp\/v2\/types\/page"}],"author":[{"embeddable":true,"href":"https:\/\/www.stapellauf-nordost.de\/en\/wp-json\/wp\/v2\/users\/2"}],"replies":[{"embeddable":true,"href":"https:\/\/www.stapellauf-nordost.de\/en\/wp-json\/wp\/v2\/comments?post=6897"}],"version-history":[{"count":1,"href":"https:\/\/www.stapellauf-nordost.de\/en\/wp-json\/wp\/v2\/pages\/6897\/revisions"}],"predecessor-version":[{"id":6898,"href":"https:\/\/www.stapellauf-nordost.de\/en\/wp-json\/wp\/v2\/pages\/6897\/revisions\/6898"}],"wp:attachment":[{"href":"https:\/\/www.stapellauf-nordost.de\/en\/wp-json\/wp\/v2\/media?parent=6897"}],"curies":[{"name":"wp","href":"https:\/\/api.w.org\/{rel}","templated":true}]}}