{"id":49,"date":"2021-11-03T16:14:33","date_gmt":"2021-11-03T15:14:33","guid":{"rendered":"http:\/\/test.stapellauf-nordost.de\/?page_id=49"},"modified":"2024-01-09T13:42:49","modified_gmt":"2024-01-09T12:42:49","slug":"gruendungsoekosystem-startup-nordost","status":"publish","type":"page","link":"https:\/\/www.stapellauf-nordost.de\/en\/community\/gruendungsoekosystem-startup-nordost\/","title":{"rendered":"EXIST start-ups"},"content":{"rendered":"<figure class=\"wp-block-image size-full\"><img decoding=\"async\" src=\"http:\/\/test.stapellauf-nordost.de\/wp-content\/uploads\/2021\/11\/GWA-Logo.jpeg\" alt=\"Logo GWA Hygiene\" class=\"wp-image-102\"\/><figcaption class=\"wp-element-caption\">Startup, launch northeast, founding, start-up service, start-up agency, GWA Hygiene, Stralsund, Stralsund University of Applied Sciences<\/figcaption><\/figure>\n\n\n\n<p><strong>GWA Hygiene<\/strong><\/p>\n\n\n\n<p>Startup<\/p>\n\n\n\n<p>Technology field:<strong> <\/strong>Digital Health<\/p>\n\n\n\n<p>EXIST start-up grant:<strong> <\/strong>2014<\/p>\n\n\n\n<p>Foundation: 2015<\/p>\n\n\n\n<p><a href=\"https:\/\/www.nosoex.com\/\" target=\"_blank\" rel=\"noreferrer noopener\">www.nosoex.com<\/a><\/p>\n\n\n\n<p>A success story from the Hanseatic city of Stralsund - GWA Hygiene GmbH was founded in 2015 as a spin-off from Stralsund University of Applied Sciences. Their vision: to reduce hospital infections with NosoEx, a modern monitoring system for measuring hand hygiene.<\/p>\n\n\n\n<p>After successfully taking part in the \"inspired\" ideas competition organised by Stralsund University of Applied Sciences, the start-up team was awarded an EXIST grant. The start-up was successful. In addition to investors such as MiG VerwaltungsAG and High-Tech Gr\u00fcnderfonds, the team has received numerous awards such as the KfW Award 2018 and the LUDWIG-B\u00d6LKOW Technology Prize 2018. The team still has many plans to support hospitals on their way to becoming smart hospitals.<\/p>\n\n\n\n<figure class=\"wp-block-image size-large\"><img loading=\"lazy\" decoding=\"async\" width=\"1024\" height=\"576\" src=\"http:\/\/test.stapellauf-nordost.de\/wp-content\/uploads\/2021\/11\/NIPOKA_LOGO_RGB1-1024x576.jpg\" alt=\"Logo Nipoka\" class=\"wp-image-103\" srcset=\"https:\/\/www.stapellauf-nordost.de\/wp-content\/uploads\/2021\/11\/NIPOKA_LOGO_RGB1-1024x576.jpg 1024w, https:\/\/www.stapellauf-nordost.de\/wp-content\/uploads\/2021\/11\/NIPOKA_LOGO_RGB1-300x169.jpg 300w, https:\/\/www.stapellauf-nordost.de\/wp-content\/uploads\/2021\/11\/NIPOKA_LOGO_RGB1-768x432.jpg 768w, https:\/\/www.stapellauf-nordost.de\/wp-content\/uploads\/2021\/11\/NIPOKA_LOGO_RGB1-1536x864.jpg 1536w, https:\/\/www.stapellauf-nordost.de\/wp-content\/uploads\/2021\/11\/NIPOKA_LOGO_RGB1-2048x1152.jpg 2048w, https:\/\/www.stapellauf-nordost.de\/wp-content\/uploads\/2021\/11\/NIPOKA_LOGO_RGB1-1568x882.jpg 1568w, https:\/\/www.stapellauf-nordost.de\/wp-content\/uploads\/2021\/11\/NIPOKA_LOGO_RGB1-1320x743.jpg 1320w\" sizes=\"auto, (max-width: 1024px) 100vw, 1024px\" \/><figcaption class=\"wp-element-caption\">Startup, launch northeast, founding, start-up service, start-up agency, Nipoka, Stralsund, Stralsund University of Applied Sciences<\/figcaption><\/figure>\n\n\n\n<p><strong>NIPOKA GmbH<\/strong><\/p>\n\n\n\n<p>Biotech start-up<\/p>\n\n\n\n<p>Technology field:<strong> <\/strong>Medical technology<\/p>\n\n\n\n<p>EXIST start-up grant:<strong> <\/strong>2019 &#8211; 2020<\/p>\n\n\n\n<p>Foundation: 2019<\/p>\n\n\n\n<p><a href=\"http:\/\/www.nipoka.com\/\" target=\"_blank\" rel=\"noreferrer noopener\">www.nipoka.com<\/a><\/p>\n\n\n\n<p>Nipoka GmbH, a spin-off of the University and University Medicine Greifswald, offers a revolutionary analysis method for the precise quantification of cell changes in kidneys. Using 3D-structured light microscopy, the smallest changes in the kidney can be detected faster than before and samples can be compared objectively. This promises a significantly better diagnosis and contributes to the development of new medication against kidney diseases.<\/p>","protected":false},"excerpt":{"rendered":"<p>GWA Hygiene Startup Technologiefeld: Digital Health EXIST-Gr\u00fcnderstipendium: 2014 Gr\u00fcndung: 2015 www.nosoex.com Eine Erfolgsgeschichte aus der Hansestadt Stralsund &#8211; GWA Hygiene gr\u00fcndet sich 2015 als Spin-off der Hochschule Stralsund. Ihre Vision: Krankenhausinfektionen mit NosoEx, einem modernen Monitoring-System zur Messung der H\u00e4ndehygiene, zu senken. Nach erfolgreicher Teilnahme am &#8222;inspired&#8220; Ideenwettbewerb der Hochschule Stralsund folgte das EXIST-Stipendium f\u00fcr [&hellip;]<\/p>","protected":false},"author":1,"featured_media":0,"parent":26,"menu_order":0,"comment_status":"closed","ping_status":"closed","template":"","meta":{"footnotes":""},"class_list":["post-49","page","type-page","status-publish","hentry","entry"],"yoast_head":"<!-- This site is optimized with the Yoast SEO plugin v27.4 - https:\/\/yoast.com\/product\/yoast-seo-wordpress\/ -->\n<title>EXIST-Startups - Stapellauf Nordost<\/title>\n<meta name=\"robots\" content=\"index, follow, max-snippet:-1, max-image-preview:large, max-video-preview:-1\" \/>\n<link rel=\"canonical\" href=\"https:\/\/www.stapellauf-nordost.de\/en\/community\/gruendungsoekosystem-startup-nordost\/\" \/>\n<meta property=\"og:locale\" content=\"en_GB\" \/>\n<meta property=\"og:type\" content=\"article\" \/>\n<meta property=\"og:title\" content=\"EXIST-Startups - Stapellauf Nordost\" \/>\n<meta property=\"og:description\" content=\"GWA Hygiene Startup Technologiefeld: Digital Health EXIST-Gr\u00fcnderstipendium: 2014 Gr\u00fcndung: 2015 www.nosoex.com Eine Erfolgsgeschichte aus der Hansestadt Stralsund &#8211; GWA Hygiene gr\u00fcndet sich 2015 als Spin-off der Hochschule Stralsund. Ihre Vision: Krankenhausinfektionen mit NosoEx, einem modernen Monitoring-System zur Messung der H\u00e4ndehygiene, zu senken. Nach erfolgreicher Teilnahme am &#8222;inspired&#8220; Ideenwettbewerb der Hochschule Stralsund folgte das EXIST-Stipendium f\u00fcr [&hellip;]\" \/>\n<meta property=\"og:url\" content=\"https:\/\/www.stapellauf-nordost.de\/en\/community\/gruendungsoekosystem-startup-nordost\/\" \/>\n<meta property=\"og:site_name\" content=\"Stapellauf Nordost\" \/>\n<meta property=\"article:publisher\" content=\"https:\/\/www.facebook.com\/stapellauf.de\" \/>\n<meta property=\"article:modified_time\" content=\"2024-01-09T12:42:49+00:00\" \/>\n<meta property=\"og:image\" content=\"http:\/\/test.stapellauf-nordost.de\/wp-content\/uploads\/2021\/11\/GWA-Logo.jpeg\" \/>\n<meta name=\"twitter:card\" content=\"summary_large_image\" \/>\n<meta name=\"twitter:label1\" content=\"Est. reading time\" \/>\n\t<meta name=\"twitter:data1\" content=\"2 minutes\" \/>\n<script type=\"application\/ld+json\" class=\"yoast-schema-graph\">{\"@context\":\"https:\\\/\\\/schema.org\",\"@graph\":[{\"@type\":\"WebPage\",\"@id\":\"https:\\\/\\\/www.stapellauf-nordost.de\\\/community\\\/gruendungsoekosystem-startup-nordost\\\/\",\"url\":\"https:\\\/\\\/www.stapellauf-nordost.de\\\/community\\\/gruendungsoekosystem-startup-nordost\\\/\",\"name\":\"EXIST-Startups - Stapellauf Nordost\",\"isPartOf\":{\"@id\":\"https:\\\/\\\/www.stapellauf-nordost.de\\\/#website\"},\"primaryImageOfPage\":{\"@id\":\"https:\\\/\\\/www.stapellauf-nordost.de\\\/community\\\/gruendungsoekosystem-startup-nordost\\\/#primaryimage\"},\"image\":{\"@id\":\"https:\\\/\\\/www.stapellauf-nordost.de\\\/community\\\/gruendungsoekosystem-startup-nordost\\\/#primaryimage\"},\"thumbnailUrl\":\"http:\\\/\\\/test.stapellauf-nordost.de\\\/wp-content\\\/uploads\\\/2021\\\/11\\\/GWA-Logo.jpeg\",\"datePublished\":\"2021-11-03T15:14:33+00:00\",\"dateModified\":\"2024-01-09T12:42:49+00:00\",\"breadcrumb\":{\"@id\":\"https:\\\/\\\/www.stapellauf-nordost.de\\\/community\\\/gruendungsoekosystem-startup-nordost\\\/#breadcrumb\"},\"inLanguage\":\"en-GB\",\"potentialAction\":[{\"@type\":\"ReadAction\",\"target\":[\"https:\\\/\\\/www.stapellauf-nordost.de\\\/community\\\/gruendungsoekosystem-startup-nordost\\\/\"]}]},{\"@type\":\"ImageObject\",\"inLanguage\":\"en-GB\",\"@id\":\"https:\\\/\\\/www.stapellauf-nordost.de\\\/community\\\/gruendungsoekosystem-startup-nordost\\\/#primaryimage\",\"url\":\"http:\\\/\\\/test.stapellauf-nordost.de\\\/wp-content\\\/uploads\\\/2021\\\/11\\\/GWA-Logo.jpeg\",\"contentUrl\":\"http:\\\/\\\/test.stapellauf-nordost.de\\\/wp-content\\\/uploads\\\/2021\\\/11\\\/GWA-Logo.jpeg\"},{\"@type\":\"BreadcrumbList\",\"@id\":\"https:\\\/\\\/www.stapellauf-nordost.de\\\/community\\\/gruendungsoekosystem-startup-nordost\\\/#breadcrumb\",\"itemListElement\":[{\"@type\":\"ListItem\",\"position\":1,\"name\":\"Home\",\"item\":\"https:\\\/\\\/www.stapellauf-nordost.de\\\/\"},{\"@type\":\"ListItem\",\"position\":2,\"name\":\"Community\",\"item\":\"https:\\\/\\\/www.stapellauf-nordost.de\\\/community\\\/\"},{\"@type\":\"ListItem\",\"position\":3,\"name\":\"EXIST-Startups\"}]},{\"@type\":\"WebSite\",\"@id\":\"https:\\\/\\\/www.stapellauf-nordost.de\\\/#website\",\"url\":\"https:\\\/\\\/www.stapellauf-nordost.de\\\/\",\"name\":\"Stapellauf Nordost\",\"description\":\"Ausgr\u00fcndungen aus den Hochschulen Inspiration, Qualifikation &amp; F\u00f6rderung.\",\"publisher\":{\"@id\":\"https:\\\/\\\/www.stapellauf-nordost.de\\\/#organization\"},\"potentialAction\":[{\"@type\":\"SearchAction\",\"target\":{\"@type\":\"EntryPoint\",\"urlTemplate\":\"https:\\\/\\\/www.stapellauf-nordost.de\\\/?s={search_term_string}\"},\"query-input\":{\"@type\":\"PropertyValueSpecification\",\"valueRequired\":true,\"valueName\":\"search_term_string\"}}],\"inLanguage\":\"en-GB\"},{\"@type\":\"Organization\",\"@id\":\"https:\\\/\\\/www.stapellauf-nordost.de\\\/#organization\",\"name\":\"Stapellauf Nordost\",\"url\":\"https:\\\/\\\/www.stapellauf-nordost.de\\\/\",\"logo\":{\"@type\":\"ImageObject\",\"inLanguage\":\"en-GB\",\"@id\":\"https:\\\/\\\/www.stapellauf-nordost.de\\\/#\\\/schema\\\/logo\\\/image\\\/\",\"url\":\"https:\\\/\\\/www.stapellauf-nordost.de\\\/wp-content\\\/uploads\\\/2021\\\/12\\\/Stempellogo.png\",\"contentUrl\":\"https:\\\/\\\/www.stapellauf-nordost.de\\\/wp-content\\\/uploads\\\/2021\\\/12\\\/Stempellogo.png\",\"width\":100,\"height\":100,\"caption\":\"Stapellauf Nordost\"},\"image\":{\"@id\":\"https:\\\/\\\/www.stapellauf-nordost.de\\\/#\\\/schema\\\/logo\\\/image\\\/\"},\"sameAs\":[\"https:\\\/\\\/www.facebook.com\\\/stapellauf.de\",\"https:\\\/\\\/www.instagram.com\\\/stapellaufnordost\\\/\"]}]}<\/script>\n<!-- \/ Yoast SEO plugin. -->","yoast_head_json":{"title":"EXIST-Startups - Stapellauf Nordost","robots":{"index":"index","follow":"follow","max-snippet":"max-snippet:-1","max-image-preview":"max-image-preview:large","max-video-preview":"max-video-preview:-1"},"canonical":"https:\/\/www.stapellauf-nordost.de\/en\/community\/gruendungsoekosystem-startup-nordost\/","og_locale":"en_GB","og_type":"article","og_title":"EXIST-Startups - Stapellauf Nordost","og_description":"GWA Hygiene Startup Technologiefeld: Digital Health EXIST-Gr\u00fcnderstipendium: 2014 Gr\u00fcndung: 2015 www.nosoex.com Eine Erfolgsgeschichte aus der Hansestadt Stralsund &#8211; GWA Hygiene gr\u00fcndet sich 2015 als Spin-off der Hochschule Stralsund. Ihre Vision: Krankenhausinfektionen mit NosoEx, einem modernen Monitoring-System zur Messung der H\u00e4ndehygiene, zu senken. Nach erfolgreicher Teilnahme am &#8222;inspired&#8220; Ideenwettbewerb der Hochschule Stralsund folgte das EXIST-Stipendium f\u00fcr [&hellip;]","og_url":"https:\/\/www.stapellauf-nordost.de\/en\/community\/gruendungsoekosystem-startup-nordost\/","og_site_name":"Stapellauf Nordost","article_publisher":"https:\/\/www.facebook.com\/stapellauf.de","article_modified_time":"2024-01-09T12:42:49+00:00","og_image":[{"url":"http:\/\/test.stapellauf-nordost.de\/wp-content\/uploads\/2021\/11\/GWA-Logo.jpeg","type":"","width":"","height":""}],"twitter_card":"summary_large_image","twitter_misc":{"Est. reading time":"2 minutes"},"schema":{"@context":"https:\/\/schema.org","@graph":[{"@type":"WebPage","@id":"https:\/\/www.stapellauf-nordost.de\/community\/gruendungsoekosystem-startup-nordost\/","url":"https:\/\/www.stapellauf-nordost.de\/community\/gruendungsoekosystem-startup-nordost\/","name":"EXIST-Startups - Stapellauf Nordost","isPartOf":{"@id":"https:\/\/www.stapellauf-nordost.de\/#website"},"primaryImageOfPage":{"@id":"https:\/\/www.stapellauf-nordost.de\/community\/gruendungsoekosystem-startup-nordost\/#primaryimage"},"image":{"@id":"https:\/\/www.stapellauf-nordost.de\/community\/gruendungsoekosystem-startup-nordost\/#primaryimage"},"thumbnailUrl":"http:\/\/test.stapellauf-nordost.de\/wp-content\/uploads\/2021\/11\/GWA-Logo.jpeg","datePublished":"2021-11-03T15:14:33+00:00","dateModified":"2024-01-09T12:42:49+00:00","breadcrumb":{"@id":"https:\/\/www.stapellauf-nordost.de\/community\/gruendungsoekosystem-startup-nordost\/#breadcrumb"},"inLanguage":"en-GB","potentialAction":[{"@type":"ReadAction","target":["https:\/\/www.stapellauf-nordost.de\/community\/gruendungsoekosystem-startup-nordost\/"]}]},{"@type":"ImageObject","inLanguage":"en-GB","@id":"https:\/\/www.stapellauf-nordost.de\/community\/gruendungsoekosystem-startup-nordost\/#primaryimage","url":"http:\/\/test.stapellauf-nordost.de\/wp-content\/uploads\/2021\/11\/GWA-Logo.jpeg","contentUrl":"http:\/\/test.stapellauf-nordost.de\/wp-content\/uploads\/2021\/11\/GWA-Logo.jpeg"},{"@type":"BreadcrumbList","@id":"https:\/\/www.stapellauf-nordost.de\/community\/gruendungsoekosystem-startup-nordost\/#breadcrumb","itemListElement":[{"@type":"ListItem","position":1,"name":"Home","item":"https:\/\/www.stapellauf-nordost.de\/"},{"@type":"ListItem","position":2,"name":"Community","item":"https:\/\/www.stapellauf-nordost.de\/community\/"},{"@type":"ListItem","position":3,"name":"EXIST-Startups"}]},{"@type":"WebSite","@id":"https:\/\/www.stapellauf-nordost.de\/#website","url":"https:\/\/www.stapellauf-nordost.de\/","name":"Launching northeast","description":"Ausgr\u00fcndungen aus den Hochschulen Inspiration, Qualifikation &amp; F\u00f6rderung.","publisher":{"@id":"https:\/\/www.stapellauf-nordost.de\/#organization"},"potentialAction":[{"@type":"SearchAction","target":{"@type":"EntryPoint","urlTemplate":"https:\/\/www.stapellauf-nordost.de\/?s={search_term_string}"},"query-input":{"@type":"PropertyValueSpecification","valueRequired":true,"valueName":"search_term_string"}}],"inLanguage":"en-GB"},{"@type":"Organization","@id":"https:\/\/www.stapellauf-nordost.de\/#organization","name":"Launching northeast","url":"https:\/\/www.stapellauf-nordost.de\/","logo":{"@type":"ImageObject","inLanguage":"en-GB","@id":"https:\/\/www.stapellauf-nordost.de\/#\/schema\/logo\/image\/","url":"https:\/\/www.stapellauf-nordost.de\/wp-content\/uploads\/2021\/12\/Stempellogo.png","contentUrl":"https:\/\/www.stapellauf-nordost.de\/wp-content\/uploads\/2021\/12\/Stempellogo.png","width":100,"height":100,"caption":"Stapellauf Nordost"},"image":{"@id":"https:\/\/www.stapellauf-nordost.de\/#\/schema\/logo\/image\/"},"sameAs":["https:\/\/www.facebook.com\/stapellauf.de","https:\/\/www.instagram.com\/stapellaufnordost\/"]}]}},"_links":{"self":[{"href":"https:\/\/www.stapellauf-nordost.de\/en\/wp-json\/wp\/v2\/pages\/49","targetHints":{"allow":["GET"]}}],"collection":[{"href":"https:\/\/www.stapellauf-nordost.de\/en\/wp-json\/wp\/v2\/pages"}],"about":[{"href":"https:\/\/www.stapellauf-nordost.de\/en\/wp-json\/wp\/v2\/types\/page"}],"author":[{"embeddable":true,"href":"https:\/\/www.stapellauf-nordost.de\/en\/wp-json\/wp\/v2\/users\/1"}],"replies":[{"embeddable":true,"href":"https:\/\/www.stapellauf-nordost.de\/en\/wp-json\/wp\/v2\/comments?post=49"}],"version-history":[{"count":4,"href":"https:\/\/www.stapellauf-nordost.de\/en\/wp-json\/wp\/v2\/pages\/49\/revisions"}],"predecessor-version":[{"id":8790,"href":"https:\/\/www.stapellauf-nordost.de\/en\/wp-json\/wp\/v2\/pages\/49\/revisions\/8790"}],"up":[{"embeddable":true,"href":"https:\/\/www.stapellauf-nordost.de\/en\/wp-json\/wp\/v2\/pages\/26"}],"wp:attachment":[{"href":"https:\/\/www.stapellauf-nordost.de\/en\/wp-json\/wp\/v2\/media?parent=49"}],"curies":[{"name":"wp","href":"https:\/\/api.w.org\/{rel}","templated":true}]}}