{"id":43,"date":"2021-11-03T16:13:52","date_gmt":"2021-11-03T15:13:52","guid":{"rendered":"http:\/\/test.stapellauf-nordost.de\/?page_id=43"},"modified":"2023-08-15T08:38:20","modified_gmt":"2023-08-15T06:38:20","slug":"inspired-mv","status":"publish","type":"page","link":"https:\/\/www.stapellauf-nordost.de\/en\/wettbewerbe\/inspired-mv\/","title":{"rendered":"Ideas competitions inspired &amp; UNIQUE"},"content":{"rendered":"<p>From science to business. The ideas competition is looking for innovative ideas and start-ups at universities and non-university research institutions. With a simple application, a concise and precise presentation of the idea, webinars during the competition and intensive start-up training, this competition is suitable for all students \/ researchers \/ alumni who want to get their idea off the ground:<\/p>\n\n\n\n<ul class=\"wp-block-list\">\n<li><a href=\"https:\/\/www.hochschule-stralsund.de\/forschung-und-transfer\/wissens-\/-technologietransfer\/ideenwettbewerb\/\" target=\"_blank\" rel=\"noreferrer noopener\"><em>inspired-The ideas competition Stralsund University of Applied Sciences<\/em><\/a><\/li>\n\n\n\n<li><a href=\"https:\/\/www.hs-nb.de\/forschung\/nachwuchsfoerderung\/ideenwettbewerb-mv\/\" target=\"_blank\" rel=\"noreferrer noopener\"><em>inspired-The Ieenwettbewerb Neubrandenburg University of Applied Sciences<\/em><\/a><\/li>\n\n\n\n<li><a href=\"https:\/\/unique.uni-greifswald.de\/\" target=\"_blank\" rel=\"noreferrer noopener\"><em>UNIQUE-The ideas competition University of Greifswald<\/em><\/a><\/li>\n\n\n\n<li><a href=\"https:\/\/innovationsraum-rostock.de\/\" target=\"_blank\" rel=\"noreferrer noopener\"><em>inspired-The ideas competition. In MV.<\/em><\/a><\/li>\n<\/ul>\n\n\n\n<p><\/p>","protected":false},"excerpt":{"rendered":"<p>From science to business. The ideas competition is looking for innovative ideas and start-ups at universities and non-university research institutions. With a simple application, a concise and precise presentation of the idea, webinars during the competition and intensive start-up training, this competition is suitable for all students \/ researchers \/ alumni who want to get their idea off the ground:<\/p>","protected":false},"author":1,"featured_media":0,"parent":24,"menu_order":0,"comment_status":"closed","ping_status":"closed","template":"","meta":{"footnotes":""},"class_list":["post-43","page","type-page","status-publish","hentry","entry"],"yoast_head":"<!-- This site is optimized with the Yoast SEO plugin v27.4 - https:\/\/yoast.com\/product\/yoast-seo-wordpress\/ -->\n<title>Ideenwettbewerbe inspired &amp; UNIQUE - Stapellauf Nordost<\/title>\n<meta name=\"robots\" content=\"index, follow, max-snippet:-1, max-image-preview:large, max-video-preview:-1\" \/>\n<link rel=\"canonical\" href=\"https:\/\/www.stapellauf-nordost.de\/en\/wettbewerbe\/inspired-mv\/\" \/>\n<meta property=\"og:locale\" content=\"en_GB\" \/>\n<meta property=\"og:type\" content=\"article\" \/>\n<meta property=\"og:title\" content=\"Ideenwettbewerbe inspired &amp; UNIQUE - Stapellauf Nordost\" \/>\n<meta property=\"og:description\" content=\"Von der Wissenschaft in die Wirtschaft. Der Ideenwettbewerb sucht innovative Ideen und Neugr\u00fcndungen an Hochschulen und au\u00dferuniversit\u00e4ren Forschungseinrichtungen. Durch eine einfache Bewerbung, eine knappe pr\u00e4zise Darstellung der Idee, sowie Webinare w\u00e4hrend des Wettbewerbs und intensives Gr\u00fcndertraining eignet sich dieser Wettbewerb f\u00fcr alle Studierende \/ Forschende \/ Alumni, die ihre Idee auf den Weg bringen m\u00f6chten:\" \/>\n<meta property=\"og:url\" content=\"https:\/\/www.stapellauf-nordost.de\/en\/wettbewerbe\/inspired-mv\/\" \/>\n<meta property=\"og:site_name\" content=\"Stapellauf Nordost\" \/>\n<meta property=\"article:publisher\" content=\"https:\/\/www.facebook.com\/stapellauf.de\" \/>\n<meta property=\"article:modified_time\" content=\"2023-08-15T06:38:20+00:00\" \/>\n<meta property=\"og:image\" content=\"https:\/\/www.stapellauf-nordost.de\/wp-content\/uploads\/2021\/12\/Stempellogo.png\" \/>\n\t<meta property=\"og:image:width\" content=\"100\" \/>\n\t<meta property=\"og:image:height\" content=\"100\" \/>\n\t<meta property=\"og:image:type\" content=\"image\/png\" \/>\n<meta name=\"twitter:card\" content=\"summary_large_image\" \/>\n<meta name=\"twitter:label1\" content=\"Est. reading time\" \/>\n\t<meta name=\"twitter:data1\" content=\"1 minute\" \/>\n<script type=\"application\/ld+json\" class=\"yoast-schema-graph\">{\"@context\":\"https:\\\/\\\/schema.org\",\"@graph\":[{\"@type\":\"WebPage\",\"@id\":\"https:\\\/\\\/www.stapellauf-nordost.de\\\/wettbewerbe\\\/inspired-mv\\\/\",\"url\":\"https:\\\/\\\/www.stapellauf-nordost.de\\\/wettbewerbe\\\/inspired-mv\\\/\",\"name\":\"Ideenwettbewerbe inspired & UNIQUE - Stapellauf Nordost\",\"isPartOf\":{\"@id\":\"https:\\\/\\\/www.stapellauf-nordost.de\\\/#website\"},\"datePublished\":\"2021-11-03T15:13:52+00:00\",\"dateModified\":\"2023-08-15T06:38:20+00:00\",\"breadcrumb\":{\"@id\":\"https:\\\/\\\/www.stapellauf-nordost.de\\\/wettbewerbe\\\/inspired-mv\\\/#breadcrumb\"},\"inLanguage\":\"en-GB\",\"potentialAction\":[{\"@type\":\"ReadAction\",\"target\":[\"https:\\\/\\\/www.stapellauf-nordost.de\\\/wettbewerbe\\\/inspired-mv\\\/\"]}]},{\"@type\":\"BreadcrumbList\",\"@id\":\"https:\\\/\\\/www.stapellauf-nordost.de\\\/wettbewerbe\\\/inspired-mv\\\/#breadcrumb\",\"itemListElement\":[{\"@type\":\"ListItem\",\"position\":1,\"name\":\"Home\",\"item\":\"https:\\\/\\\/www.stapellauf-nordost.de\\\/\"},{\"@type\":\"ListItem\",\"position\":2,\"name\":\"Wettbewerbe\",\"item\":\"https:\\\/\\\/www.stapellauf-nordost.de\\\/wettbewerbe\\\/\"},{\"@type\":\"ListItem\",\"position\":3,\"name\":\"Ideenwettbewerbe inspired &#038; UNIQUE\"}]},{\"@type\":\"WebSite\",\"@id\":\"https:\\\/\\\/www.stapellauf-nordost.de\\\/#website\",\"url\":\"https:\\\/\\\/www.stapellauf-nordost.de\\\/\",\"name\":\"Stapellauf Nordost\",\"description\":\"Ausgr\u00fcndungen aus den Hochschulen Inspiration, Qualifikation &amp; F\u00f6rderung.\",\"publisher\":{\"@id\":\"https:\\\/\\\/www.stapellauf-nordost.de\\\/#organization\"},\"potentialAction\":[{\"@type\":\"SearchAction\",\"target\":{\"@type\":\"EntryPoint\",\"urlTemplate\":\"https:\\\/\\\/www.stapellauf-nordost.de\\\/?s={search_term_string}\"},\"query-input\":{\"@type\":\"PropertyValueSpecification\",\"valueRequired\":true,\"valueName\":\"search_term_string\"}}],\"inLanguage\":\"en-GB\"},{\"@type\":\"Organization\",\"@id\":\"https:\\\/\\\/www.stapellauf-nordost.de\\\/#organization\",\"name\":\"Stapellauf Nordost\",\"url\":\"https:\\\/\\\/www.stapellauf-nordost.de\\\/\",\"logo\":{\"@type\":\"ImageObject\",\"inLanguage\":\"en-GB\",\"@id\":\"https:\\\/\\\/www.stapellauf-nordost.de\\\/#\\\/schema\\\/logo\\\/image\\\/\",\"url\":\"https:\\\/\\\/www.stapellauf-nordost.de\\\/wp-content\\\/uploads\\\/2021\\\/12\\\/Stempellogo.png\",\"contentUrl\":\"https:\\\/\\\/www.stapellauf-nordost.de\\\/wp-content\\\/uploads\\\/2021\\\/12\\\/Stempellogo.png\",\"width\":100,\"height\":100,\"caption\":\"Stapellauf Nordost\"},\"image\":{\"@id\":\"https:\\\/\\\/www.stapellauf-nordost.de\\\/#\\\/schema\\\/logo\\\/image\\\/\"},\"sameAs\":[\"https:\\\/\\\/www.facebook.com\\\/stapellauf.de\",\"https:\\\/\\\/www.instagram.com\\\/stapellaufnordost\\\/\"]}]}<\/script>\n<!-- \/ Yoast SEO plugin. -->","yoast_head_json":{"title":"Ideenwettbewerbe inspired & UNIQUE - Stapellauf Nordost","robots":{"index":"index","follow":"follow","max-snippet":"max-snippet:-1","max-image-preview":"max-image-preview:large","max-video-preview":"max-video-preview:-1"},"canonical":"https:\/\/www.stapellauf-nordost.de\/en\/wettbewerbe\/inspired-mv\/","og_locale":"en_GB","og_type":"article","og_title":"Ideenwettbewerbe inspired & UNIQUE - Stapellauf Nordost","og_description":"Von der Wissenschaft in die Wirtschaft. Der Ideenwettbewerb sucht innovative Ideen und Neugr\u00fcndungen an Hochschulen und au\u00dferuniversit\u00e4ren Forschungseinrichtungen. Durch eine einfache Bewerbung, eine knappe pr\u00e4zise Darstellung der Idee, sowie Webinare w\u00e4hrend des Wettbewerbs und intensives Gr\u00fcndertraining eignet sich dieser Wettbewerb f\u00fcr alle Studierende \/ Forschende \/ Alumni, die ihre Idee auf den Weg bringen m\u00f6chten:","og_url":"https:\/\/www.stapellauf-nordost.de\/en\/wettbewerbe\/inspired-mv\/","og_site_name":"Stapellauf Nordost","article_publisher":"https:\/\/www.facebook.com\/stapellauf.de","article_modified_time":"2023-08-15T06:38:20+00:00","og_image":[{"width":100,"height":100,"url":"https:\/\/www.stapellauf-nordost.de\/wp-content\/uploads\/2021\/12\/Stempellogo.png","type":"image\/png"}],"twitter_card":"summary_large_image","twitter_misc":{"Est. reading time":"1 minute"},"schema":{"@context":"https:\/\/schema.org","@graph":[{"@type":"WebPage","@id":"https:\/\/www.stapellauf-nordost.de\/wettbewerbe\/inspired-mv\/","url":"https:\/\/www.stapellauf-nordost.de\/wettbewerbe\/inspired-mv\/","name":"Ideenwettbewerbe inspired & UNIQUE - Stapellauf Nordost","isPartOf":{"@id":"https:\/\/www.stapellauf-nordost.de\/#website"},"datePublished":"2021-11-03T15:13:52+00:00","dateModified":"2023-08-15T06:38:20+00:00","breadcrumb":{"@id":"https:\/\/www.stapellauf-nordost.de\/wettbewerbe\/inspired-mv\/#breadcrumb"},"inLanguage":"en-GB","potentialAction":[{"@type":"ReadAction","target":["https:\/\/www.stapellauf-nordost.de\/wettbewerbe\/inspired-mv\/"]}]},{"@type":"BreadcrumbList","@id":"https:\/\/www.stapellauf-nordost.de\/wettbewerbe\/inspired-mv\/#breadcrumb","itemListElement":[{"@type":"ListItem","position":1,"name":"Home","item":"https:\/\/www.stapellauf-nordost.de\/"},{"@type":"ListItem","position":2,"name":"Wettbewerbe","item":"https:\/\/www.stapellauf-nordost.de\/wettbewerbe\/"},{"@type":"ListItem","position":3,"name":"Ideenwettbewerbe inspired &#038; UNIQUE"}]},{"@type":"WebSite","@id":"https:\/\/www.stapellauf-nordost.de\/#website","url":"https:\/\/www.stapellauf-nordost.de\/","name":"Launching northeast","description":"Ausgr\u00fcndungen aus den Hochschulen Inspiration, Qualifikation &amp; F\u00f6rderung.","publisher":{"@id":"https:\/\/www.stapellauf-nordost.de\/#organization"},"potentialAction":[{"@type":"SearchAction","target":{"@type":"EntryPoint","urlTemplate":"https:\/\/www.stapellauf-nordost.de\/?s={search_term_string}"},"query-input":{"@type":"PropertyValueSpecification","valueRequired":true,"valueName":"search_term_string"}}],"inLanguage":"en-GB"},{"@type":"Organization","@id":"https:\/\/www.stapellauf-nordost.de\/#organization","name":"Launching northeast","url":"https:\/\/www.stapellauf-nordost.de\/","logo":{"@type":"ImageObject","inLanguage":"en-GB","@id":"https:\/\/www.stapellauf-nordost.de\/#\/schema\/logo\/image\/","url":"https:\/\/www.stapellauf-nordost.de\/wp-content\/uploads\/2021\/12\/Stempellogo.png","contentUrl":"https:\/\/www.stapellauf-nordost.de\/wp-content\/uploads\/2021\/12\/Stempellogo.png","width":100,"height":100,"caption":"Stapellauf Nordost"},"image":{"@id":"https:\/\/www.stapellauf-nordost.de\/#\/schema\/logo\/image\/"},"sameAs":["https:\/\/www.facebook.com\/stapellauf.de","https:\/\/www.instagram.com\/stapellaufnordost\/"]}]}},"_links":{"self":[{"href":"https:\/\/www.stapellauf-nordost.de\/en\/wp-json\/wp\/v2\/pages\/43","targetHints":{"allow":["GET"]}}],"collection":[{"href":"https:\/\/www.stapellauf-nordost.de\/en\/wp-json\/wp\/v2\/pages"}],"about":[{"href":"https:\/\/www.stapellauf-nordost.de\/en\/wp-json\/wp\/v2\/types\/page"}],"author":[{"embeddable":true,"href":"https:\/\/www.stapellauf-nordost.de\/en\/wp-json\/wp\/v2\/users\/1"}],"replies":[{"embeddable":true,"href":"https:\/\/www.stapellauf-nordost.de\/en\/wp-json\/wp\/v2\/comments?post=43"}],"version-history":[{"count":11,"href":"https:\/\/www.stapellauf-nordost.de\/en\/wp-json\/wp\/v2\/pages\/43\/revisions"}],"predecessor-version":[{"id":8198,"href":"https:\/\/www.stapellauf-nordost.de\/en\/wp-json\/wp\/v2\/pages\/43\/revisions\/8198"}],"up":[{"embeddable":true,"href":"https:\/\/www.stapellauf-nordost.de\/en\/wp-json\/wp\/v2\/pages\/24"}],"wp:attachment":[{"href":"https:\/\/www.stapellauf-nordost.de\/en\/wp-json\/wp\/v2\/media?parent=43"}],"curies":[{"name":"wp","href":"https:\/\/api.w.org\/{rel}","templated":true}]}}