{"id":41,"date":"2023-08-09T16:13:39","date_gmt":"2023-08-09T14:13:39","guid":{"rendered":"http:\/\/test.stapellauf-nordost.de\/?page_id=41"},"modified":"2025-10-20T10:22:57","modified_gmt":"2025-10-20T08:22:57","slug":"businessplan-wettbewerb-segel-setzen","status":"publish","type":"page","link":"https:\/\/www.stapellauf-nordost.de\/en\/businessplan-wettbewerb-segel-setzen\/","title":{"rendered":"Business plan competition SEGEL SETZEN! NORD\u00b0OST\u00b0 2024"},"content":{"rendered":"<p>Set course for a start-up: SEGEL SETZEN! is the annual business plan competition of the NORD\u00b0OST\u00b0 science region, organised by our cross-university start-up agency Stapellauf NORD\u00b0OST\u00b0. Individual founders and start-up teams, consisting of students, doctoral students, researchers or employees of universities or non-university research institutions <strong>in Mecklenburg-Western Pomerania<\/strong>The business plan competition gives young entrepreneurs the chance to submit their business concepts. The focus is on a meaningful presentation of the financial, technical and organisational implementation of a business concept. The submitted business plans are scrutinised and evaluated by experienced practitioners. All participants benefit from expert feedback, workshops and contacts with network partners right from the start. <\/p>\n\n\n\n<p><\/p>\n\n\n\n<h2 class=\"wp-block-heading\">Teilnehmen und Durchstarten 2025<\/h2>\n\n\n\n<p>Enter the competition for the most innovative founders from Mecklenburg-Vorpommern with your business concept! Develop your business idea for a successful market entry with expert support and lay the foundation for your company financing. Take your chance to win prizes worth up to <strong>20.000 \u20ac <\/strong>and participate in our start-up network with your application!<\/p>\n\n\n\n<h2 class=\"wp-block-heading\">Dates and deadlines <\/h2>\n\n\n\n<p><strong><img decoding=\"async\" style=\"width: 25px;\" src=\"https:\/\/www.stapellauf-nordost.de\/wp-content\/uploads\/2022\/01\/cropped-favicon.png\" alt=\"Logo Stapellauf NORD\u00b0OST\u00b0\">     ab 01.07.2025: <\/strong>Die Voranmeldung zum Wettbewerb ist ge\u00f6ffnet:&nbsp;hier&nbsp;geht es zum <a href=\"https:\/\/www.stapellauf-nordost.de\/wp-content\/uploads\/2025\/07\/Anmeldeformular-BPW-2025.docx\">Download registration form<\/a>.<\/p>\n\n\n\n<p><strong><img decoding=\"async\" style=\"width: 25px;\" src=\"https:\/\/www.stapellauf-nordost.de\/wp-content\/uploads\/2022\/01\/cropped-favicon.png\" alt=\"Logo Stapellauf NORD\u00b0OST\u00b0\">    <\/strong> <strong>ab&nbsp;01.09.2025: <\/strong>Die Qualifizierungsphase beginnt:&nbsp;hier&nbsp;geht es zu den Seminaren: <strong>\ud83d\udc47<\/strong><\/p>\n\n\n\n<p>                                   <strong> <strong><strong>\ud83d\udca1<\/strong><\/strong> 07.10.2025 \u2013 17:00 Uhr<\/strong>: Webinar: \u201eGrundlagen der Businessplanerstellung\u201c<br>                                    <strong><strong>\ud83d\udca1<\/strong><\/strong> <strong>14.10.2025 \u2013 17:00 Uhr:<\/strong> Webinar: \u201eGesch\u00e4ftsidee &amp; Gesch\u00e4ftsmodelle\u201c&nbsp;&nbsp;<br>                                    <strong><strong>\ud83d\udca1<\/strong><\/strong> <strong>21.10.2025&nbsp;\u2013 17:00 Uhr:<\/strong> Webinar \u201eFinanzplanung\u201c&nbsp;<\/p>\n\n\n\n<p>                                    Wo? Online \u2013 per Zoom Meeting: <a href=\"https:\/\/uni-greifswald-de.zoom.us\/j\/82666359917?pwd=dv88ajxsWkpeykqeCYesJa0m8aOhXr.1\" target=\"_blank\" rel=\"noreferrer noopener\">https:\/\/uni-greifswald-de.zoom.us\/j\/82666359917?pwd=dv88ajxsWkpeykqeCYesJa0m8aOhXr.1<\/a> (Meeting-ID: 826 6635 9917, Kenncode: 407470)<\/p>\n\n\n\n<p><strong><img decoding=\"async\" style=\"width: 25px;\" src=\"https:\/\/www.stapellauf-nordost.de\/wp-content\/uploads\/2022\/01\/cropped-favicon.png\" alt=\"Logo Stapellauf NORD\u00b0OST\u00b0\">     bis 28.10.2025<\/strong>: Abgabe der vollst\u00e4ndigen Unterlagen und Detaildarstellung des Businessplanes:&nbsp;Hier&nbsp;geht es zum <a href=\"https:\/\/www.stapellauf-nordost.de\/wp-content\/uploads\/2025\/07\/Gliederung_Businessplan_2025.pdf\">Gliederungsvorschlag des Businessplans als Download<\/a>.<\/p>\n\n\n\n<p><strong><img decoding=\"async\" style=\"width: 25px;\" src=\"https:\/\/www.stapellauf-nordost.de\/wp-content\/uploads\/2022\/01\/cropped-favicon.png\" alt=\"Logo Stapellauf NORD\u00b0OST\u00b0\">     am 17.11.2025:<\/strong> Pr\u00e4mierungsveranstaltung im Pommerschen Landesmuseum:&nbsp;hier geht es bald zur Anmeldung.<\/p>\n\n\n\n<h2 class=\"wp-block-heading\">Prices<\/h2>\n\n\n\n<p>Participation is free of charge and attractive prize money awaits the winners: <br>1st prize: <strong>10.000 \u20ac<\/strong><br>2nd prize: <strong>5.000 \u20ac<\/strong><br>3rd prize: <strong>2.000 \u20ac<\/strong><\/p>\n\n\n\n<p>The University of Greifswald is also donating a special prize of <strong>3.000 \u20ac<\/strong> (awarded exclusively to participants from Greifswald's scientific institutions).<\/p>\n\n\n\n<h2 class=\"wp-block-heading alignwide\">Sponsors <\/h2>\n\n\n\n<p>The business plan competition is a success story, also thanks to our sponsors, partners and media partners. Without their support, it would not be possible to organise the competition. Through their participation, they help to activate the creative and innovative potential in the NORD\u00b0OST\u00b0 region and strengthen the start-up culture. Thank you very much.<\/p>\n\n\n\n<div class=\"wp-block-columns alignfull is-layout-flex wp-container-core-columns-is-layout-9d6595d7 wp-block-columns-is-layout-flex\">\n<div class=\"wp-block-column is-layout-flow wp-block-column-is-layout-flow\" style=\"flex-basis:200%\">\n<div class=\"wp-block-columns is-layout-flex wp-container-core-columns-is-layout-9d6595d7 wp-block-columns-is-layout-flex\">\n<div class=\"wp-block-column is-layout-flow wp-block-column-is-layout-flow\">\n<div class=\"wp-block-columns is-layout-flex wp-container-core-columns-is-layout-9d6595d7 wp-block-columns-is-layout-flex\">\n<div class=\"wp-block-column is-layout-flow wp-block-column-is-layout-flow\" style=\"flex-basis:16.6%\"><\/div>\n\n\n\n<div class=\"wp-block-column is-layout-flow wp-block-column-is-layout-flow\" style=\"flex-basis:15.6%\"><\/div>\n\n\n\n<div class=\"wp-block-column is-layout-flow wp-block-column-is-layout-flow\" style=\"flex-basis:10%\"><\/div>\n<\/div>\n<\/div>\n<\/div>\n\n\n\n<div class=\"wp-block-columns alignwide is-layout-flex wp-container-core-columns-is-layout-9d6595d7 wp-block-columns-is-layout-flex\">\n<div class=\"wp-block-column is-layout-flow wp-block-column-is-layout-flow\">\n<figure class=\"wp-block-image size-full\"><img loading=\"lazy\" decoding=\"async\" width=\"7200\" height=\"960\" src=\"https:\/\/www.stapellauf-nordost.de\/wp-content\/uploads\/2025\/08\/Businessplanwettbewerb-Logos-2025-80-x-10-Zoll-75-x-10-Zoll-6.png\" alt=\"\" class=\"wp-image-9865\" srcset=\"https:\/\/www.stapellauf-nordost.de\/wp-content\/uploads\/2025\/08\/Businessplanwettbewerb-Logos-2025-80-x-10-Zoll-75-x-10-Zoll-6.png 7200w, https:\/\/www.stapellauf-nordost.de\/wp-content\/uploads\/2025\/08\/Businessplanwettbewerb-Logos-2025-80-x-10-Zoll-75-x-10-Zoll-6-300x40.png 300w, https:\/\/www.stapellauf-nordost.de\/wp-content\/uploads\/2025\/08\/Businessplanwettbewerb-Logos-2025-80-x-10-Zoll-75-x-10-Zoll-6-1024x137.png 1024w, https:\/\/www.stapellauf-nordost.de\/wp-content\/uploads\/2025\/08\/Businessplanwettbewerb-Logos-2025-80-x-10-Zoll-75-x-10-Zoll-6-768x102.png 768w, https:\/\/www.stapellauf-nordost.de\/wp-content\/uploads\/2025\/08\/Businessplanwettbewerb-Logos-2025-80-x-10-Zoll-75-x-10-Zoll-6-1536x205.png 1536w, https:\/\/www.stapellauf-nordost.de\/wp-content\/uploads\/2025\/08\/Businessplanwettbewerb-Logos-2025-80-x-10-Zoll-75-x-10-Zoll-6-2048x273.png 2048w, https:\/\/www.stapellauf-nordost.de\/wp-content\/uploads\/2025\/08\/Businessplanwettbewerb-Logos-2025-80-x-10-Zoll-75-x-10-Zoll-6-18x2.png 18w, https:\/\/www.stapellauf-nordost.de\/wp-content\/uploads\/2025\/08\/Businessplanwettbewerb-Logos-2025-80-x-10-Zoll-75-x-10-Zoll-6-1568x209.png 1568w, https:\/\/www.stapellauf-nordost.de\/wp-content\/uploads\/2025\/08\/Businessplanwettbewerb-Logos-2025-80-x-10-Zoll-75-x-10-Zoll-6-1320x176.png 1320w\" sizes=\"auto, (max-width: 7200px) 100vw, 7200px\" \/><\/figure>\n<\/div>\n<\/div>\n<\/div>\n<\/div>\n\n\n\n<p><a href=\"https:\/\/elumija.de\/\" target=\"_blank\" rel=\"noreferrer noopener\">ELUMIJA &#8211; INVESTIERT IN ZUKUNFT<\/a>, <a href=\"https:\/\/www.spk-vorpommern.de\/fi\/home\/ueber-uns\/gesellschaftliches-engagement.html\" target=\"_blank\" rel=\"noreferrer noopener\">Foundation of the Sparkasse Vorpommern<\/a>, <a href=\"https:\/\/rehaform.de\" target=\"_blank\" rel=\"noreferrer noopener\">Rehaform AUXILIUM<\/a>, <a href=\"https:\/\/www.creditreform.de\/\" target=\"_blank\" rel=\"noreferrer noopener\">Creditreform C<\/a>, <a href=\"https:\/\/www.vbvorpommern.de\" target=\"_blank\" rel=\"noreferrer noopener\">Volksbank Vorpommern eG<\/a>, <a href=\"https:\/\/www.mbg-mv.de\/\" target=\"_blank\" rel=\"noreferrer noopener\">Mittelst\u00e4ndische BeteiligungsGesellschaft Mecklenburg-Vorpommern<\/a><\/p>\n\n\n\n<div class=\"wp-block-stapellauf-nordost-teaser alignfull has-swirls\"><div class=\"teaser-wrapper\"><div class=\"content-wrapper\">\n<div class=\"wp-block-stapellauf-nordost-teaser-block teaser--header\"><h3 class=\"teaser--heading\">Conditions of participation<\/h3><\/div><div class=\"wp-block-stapellauf-nordost-teaser-block teaser--content-wrapper\"><p class=\"teaser--content\"><a href=\"https:\/\/www.stapellauf-nordost.de\/en\/businessplanwettbewerb-segel-setzen-nordost-teilnahmebedingungen-2024\/\">weitere Informationen<\/a><\/p><\/div>\n\n\n\n<div class=\"wp-block-stapellauf-nordost-teaser-block teaser--header is-style-sun\"><h3 class=\"teaser--heading\">Evaluation criteria<\/h3><\/div><div class=\"wp-block-stapellauf-nordost-teaser-block teaser--content-wrapper is-style-sun\"><p class=\"teaser--content\"><a href=\"https:\/\/www.stapellauf-nordost.de\/en\/bewertungskriterien-businessplanwettbewerb-segel-setzen-nordost-2024\/\">weitere Informationen<\/a><\/p><\/div>\n\n\n\n<div class=\"wp-block-stapellauf-nordost-teaser-block teaser--header\"><h3 class=\"teaser--heading\">Application<\/h3><\/div><div class=\"wp-block-stapellauf-nordost-teaser-block teaser--content-wrapper\"><p class=\"teaser--content\"><a href=\"https:\/\/www.stapellauf-nordost.de\/en\/bewerbung-businessplanwettbewerb-segel-setzen-nordost-2024\/\">weitere Informationen<\/a><\/p><\/div>\n<\/div><\/div><\/div>\n\n\n\n<p><\/p>","protected":false},"excerpt":{"rendered":"<p>Kurs auf Gr\u00fcndung: SEGEL SETZEN! ist der j\u00e4hrliche Businessplanwettbewerb der Wissenschaftsregion NORD\u00b0OST\u00b0, organisiert von unserer hochschul\u00fcbergreifenden Gr\u00fcndungsagentur Stapellauf NORD\u00b0OST\u00b0. Einzelgr\u00fcnderinnen und Gr\u00fcndungsteams, bestehend aus Studierenden, Doktoranden, Forschenden oder Mitarbeitenden der Hochschulen oder au\u00dferuniversit\u00e4ren Forschungseinrichtungen in Mecklenburg-Vorpommern, haben bei dem Businessplanwettbewerb die Chance, sich mit ihren Gesch\u00e4ftskonzepten zu bewerben. Im Vordergrund steht eine aussagekr\u00e4ftige Darstellung der [&hellip;]<\/p>","protected":false},"author":1,"featured_media":0,"parent":0,"menu_order":0,"comment_status":"closed","ping_status":"closed","template":"","meta":{"footnotes":""},"class_list":["post-41","page","type-page","status-publish","hentry","entry"],"yoast_head":"<!-- This site is optimized with the Yoast SEO plugin v27.3 - https:\/\/yoast.com\/product\/yoast-seo-wordpress\/ -->\n<title>Businessplanwettbe\u00adwerb SEGEL SETZEN! NORD\u00b0OST\u00b0 2025 - Stapellauf Nordost<\/title>\n<meta name=\"robots\" content=\"index, follow, max-snippet:-1, max-image-preview:large, max-video-preview:-1\" \/>\n<link rel=\"canonical\" href=\"https:\/\/www.stapellauf-nordost.de\/en\/businessplan-wettbewerb-segel-setzen\/\" \/>\n<meta property=\"og:locale\" content=\"en_GB\" \/>\n<meta property=\"og:type\" content=\"article\" \/>\n<meta property=\"og:title\" content=\"Businessplanwettbe\u00adwerb SEGEL SETZEN! NORD\u00b0OST\u00b0 2025 - Stapellauf Nordost\" \/>\n<meta property=\"og:description\" content=\"Kurs auf Gr\u00fcndung: SEGEL SETZEN! ist der j\u00e4hrliche Businessplanwettbewerb der Wissenschaftsregion NORD\u00b0OST\u00b0, organisiert von unserer hochschul\u00fcbergreifenden Gr\u00fcndungsagentur Stapellauf NORD\u00b0OST\u00b0. Einzelgr\u00fcnderinnen und Gr\u00fcndungsteams, bestehend aus Studierenden, Doktoranden, Forschenden oder Mitarbeitenden der Hochschulen oder au\u00dferuniversit\u00e4ren Forschungseinrichtungen in Mecklenburg-Vorpommern, haben bei dem Businessplanwettbewerb die Chance, sich mit ihren Gesch\u00e4ftskonzepten zu bewerben. Im Vordergrund steht eine aussagekr\u00e4ftige Darstellung der [&hellip;]\" \/>\n<meta property=\"og:url\" content=\"https:\/\/www.stapellauf-nordost.de\/en\/businessplan-wettbewerb-segel-setzen\/\" \/>\n<meta property=\"og:site_name\" content=\"Stapellauf Nordost\" \/>\n<meta property=\"article:publisher\" content=\"https:\/\/www.facebook.com\/stapellauf.de\" \/>\n<meta property=\"article:modified_time\" content=\"2025-10-20T08:22:57+00:00\" \/>\n<meta property=\"og:image\" content=\"https:\/\/www.stapellauf-nordost.de\/wp-content\/uploads\/2022\/01\/cropped-favicon.png\" \/>\n<meta name=\"twitter:card\" content=\"summary_large_image\" \/>\n<meta name=\"twitter:label1\" content=\"Est. reading time\" \/>\n\t<meta name=\"twitter:data1\" content=\"5 minutes\" \/>\n<script type=\"application\/ld+json\" class=\"yoast-schema-graph\">{\"@context\":\"https:\\\/\\\/schema.org\",\"@graph\":[{\"@type\":\"WebPage\",\"@id\":\"https:\\\/\\\/www.stapellauf-nordost.de\\\/businessplan-wettbewerb-segel-setzen\\\/\",\"url\":\"https:\\\/\\\/www.stapellauf-nordost.de\\\/businessplan-wettbewerb-segel-setzen\\\/\",\"name\":\"Businessplanwettbe\u00adwerb SEGEL SETZEN! NORD\u00b0OST\u00b0 2025 - Stapellauf Nordost\",\"isPartOf\":{\"@id\":\"https:\\\/\\\/www.stapellauf-nordost.de\\\/#website\"},\"primaryImageOfPage\":{\"@id\":\"https:\\\/\\\/www.stapellauf-nordost.de\\\/businessplan-wettbewerb-segel-setzen\\\/#primaryimage\"},\"image\":{\"@id\":\"https:\\\/\\\/www.stapellauf-nordost.de\\\/businessplan-wettbewerb-segel-setzen\\\/#primaryimage\"},\"thumbnailUrl\":\"https:\\\/\\\/www.stapellauf-nordost.de\\\/wp-content\\\/uploads\\\/2022\\\/01\\\/cropped-favicon.png\",\"datePublished\":\"2023-08-09T14:13:39+00:00\",\"dateModified\":\"2025-10-20T08:22:57+00:00\",\"breadcrumb\":{\"@id\":\"https:\\\/\\\/www.stapellauf-nordost.de\\\/businessplan-wettbewerb-segel-setzen\\\/#breadcrumb\"},\"inLanguage\":\"en-GB\",\"potentialAction\":[{\"@type\":\"ReadAction\",\"target\":[\"https:\\\/\\\/www.stapellauf-nordost.de\\\/businessplan-wettbewerb-segel-setzen\\\/\"]}]},{\"@type\":\"ImageObject\",\"inLanguage\":\"en-GB\",\"@id\":\"https:\\\/\\\/www.stapellauf-nordost.de\\\/businessplan-wettbewerb-segel-setzen\\\/#primaryimage\",\"url\":\"https:\\\/\\\/www.stapellauf-nordost.de\\\/wp-content\\\/uploads\\\/2022\\\/01\\\/cropped-favicon.png\",\"contentUrl\":\"https:\\\/\\\/www.stapellauf-nordost.de\\\/wp-content\\\/uploads\\\/2022\\\/01\\\/cropped-favicon.png\"},{\"@type\":\"BreadcrumbList\",\"@id\":\"https:\\\/\\\/www.stapellauf-nordost.de\\\/businessplan-wettbewerb-segel-setzen\\\/#breadcrumb\",\"itemListElement\":[{\"@type\":\"ListItem\",\"position\":1,\"name\":\"Home\",\"item\":\"https:\\\/\\\/www.stapellauf-nordost.de\\\/\"},{\"@type\":\"ListItem\",\"position\":2,\"name\":\"Businessplanwettbe\u00adwerb SEGEL SETZEN! NORD\u00b0OST\u00b0 2025\"}]},{\"@type\":\"WebSite\",\"@id\":\"https:\\\/\\\/www.stapellauf-nordost.de\\\/#website\",\"url\":\"https:\\\/\\\/www.stapellauf-nordost.de\\\/\",\"name\":\"Stapellauf Nordost\",\"description\":\"Ausgr\u00fcndungen aus den Hochschulen Inspiration, Qualifikation &amp; F\u00f6rderung.\",\"publisher\":{\"@id\":\"https:\\\/\\\/www.stapellauf-nordost.de\\\/#organization\"},\"potentialAction\":[{\"@type\":\"SearchAction\",\"target\":{\"@type\":\"EntryPoint\",\"urlTemplate\":\"https:\\\/\\\/www.stapellauf-nordost.de\\\/?s={search_term_string}\"},\"query-input\":{\"@type\":\"PropertyValueSpecification\",\"valueRequired\":true,\"valueName\":\"search_term_string\"}}],\"inLanguage\":\"en-GB\"},{\"@type\":\"Organization\",\"@id\":\"https:\\\/\\\/www.stapellauf-nordost.de\\\/#organization\",\"name\":\"Stapellauf Nordost\",\"url\":\"https:\\\/\\\/www.stapellauf-nordost.de\\\/\",\"logo\":{\"@type\":\"ImageObject\",\"inLanguage\":\"en-GB\",\"@id\":\"https:\\\/\\\/www.stapellauf-nordost.de\\\/#\\\/schema\\\/logo\\\/image\\\/\",\"url\":\"https:\\\/\\\/www.stapellauf-nordost.de\\\/wp-content\\\/uploads\\\/2021\\\/12\\\/Stempellogo.png\",\"contentUrl\":\"https:\\\/\\\/www.stapellauf-nordost.de\\\/wp-content\\\/uploads\\\/2021\\\/12\\\/Stempellogo.png\",\"width\":100,\"height\":100,\"caption\":\"Stapellauf Nordost\"},\"image\":{\"@id\":\"https:\\\/\\\/www.stapellauf-nordost.de\\\/#\\\/schema\\\/logo\\\/image\\\/\"},\"sameAs\":[\"https:\\\/\\\/www.facebook.com\\\/stapellauf.de\",\"https:\\\/\\\/www.instagram.com\\\/stapellaufnordost\\\/\"]}]}<\/script>\n<!-- \/ Yoast SEO plugin. -->","yoast_head_json":{"title":"Businessplanwettbe\u00adwerb SEGEL SETZEN! NORD\u00b0OST\u00b0 2025 - Stapellauf Nordost","robots":{"index":"index","follow":"follow","max-snippet":"max-snippet:-1","max-image-preview":"max-image-preview:large","max-video-preview":"max-video-preview:-1"},"canonical":"https:\/\/www.stapellauf-nordost.de\/en\/businessplan-wettbewerb-segel-setzen\/","og_locale":"en_GB","og_type":"article","og_title":"Businessplanwettbe\u00adwerb SEGEL SETZEN! NORD\u00b0OST\u00b0 2025 - Stapellauf Nordost","og_description":"Kurs auf Gr\u00fcndung: SEGEL SETZEN! ist der j\u00e4hrliche Businessplanwettbewerb der Wissenschaftsregion NORD\u00b0OST\u00b0, organisiert von unserer hochschul\u00fcbergreifenden Gr\u00fcndungsagentur Stapellauf NORD\u00b0OST\u00b0. Einzelgr\u00fcnderinnen und Gr\u00fcndungsteams, bestehend aus Studierenden, Doktoranden, Forschenden oder Mitarbeitenden der Hochschulen oder au\u00dferuniversit\u00e4ren Forschungseinrichtungen in Mecklenburg-Vorpommern, haben bei dem Businessplanwettbewerb die Chance, sich mit ihren Gesch\u00e4ftskonzepten zu bewerben. Im Vordergrund steht eine aussagekr\u00e4ftige Darstellung der [&hellip;]","og_url":"https:\/\/www.stapellauf-nordost.de\/en\/businessplan-wettbewerb-segel-setzen\/","og_site_name":"Stapellauf Nordost","article_publisher":"https:\/\/www.facebook.com\/stapellauf.de","article_modified_time":"2025-10-20T08:22:57+00:00","og_image":[{"url":"https:\/\/www.stapellauf-nordost.de\/wp-content\/uploads\/2022\/01\/cropped-favicon.png","type":"","width":"","height":""}],"twitter_card":"summary_large_image","twitter_misc":{"Est. reading time":"5 minutes"},"schema":{"@context":"https:\/\/schema.org","@graph":[{"@type":"WebPage","@id":"https:\/\/www.stapellauf-nordost.de\/businessplan-wettbewerb-segel-setzen\/","url":"https:\/\/www.stapellauf-nordost.de\/businessplan-wettbewerb-segel-setzen\/","name":"Businessplanwettbe\u00adwerb SEGEL SETZEN! NORD\u00b0OST\u00b0 2025 - Stapellauf Nordost","isPartOf":{"@id":"https:\/\/www.stapellauf-nordost.de\/#website"},"primaryImageOfPage":{"@id":"https:\/\/www.stapellauf-nordost.de\/businessplan-wettbewerb-segel-setzen\/#primaryimage"},"image":{"@id":"https:\/\/www.stapellauf-nordost.de\/businessplan-wettbewerb-segel-setzen\/#primaryimage"},"thumbnailUrl":"https:\/\/www.stapellauf-nordost.de\/wp-content\/uploads\/2022\/01\/cropped-favicon.png","datePublished":"2023-08-09T14:13:39+00:00","dateModified":"2025-10-20T08:22:57+00:00","breadcrumb":{"@id":"https:\/\/www.stapellauf-nordost.de\/businessplan-wettbewerb-segel-setzen\/#breadcrumb"},"inLanguage":"en-GB","potentialAction":[{"@type":"ReadAction","target":["https:\/\/www.stapellauf-nordost.de\/businessplan-wettbewerb-segel-setzen\/"]}]},{"@type":"ImageObject","inLanguage":"en-GB","@id":"https:\/\/www.stapellauf-nordost.de\/businessplan-wettbewerb-segel-setzen\/#primaryimage","url":"https:\/\/www.stapellauf-nordost.de\/wp-content\/uploads\/2022\/01\/cropped-favicon.png","contentUrl":"https:\/\/www.stapellauf-nordost.de\/wp-content\/uploads\/2022\/01\/cropped-favicon.png"},{"@type":"BreadcrumbList","@id":"https:\/\/www.stapellauf-nordost.de\/businessplan-wettbewerb-segel-setzen\/#breadcrumb","itemListElement":[{"@type":"ListItem","position":1,"name":"Home","item":"https:\/\/www.stapellauf-nordost.de\/"},{"@type":"ListItem","position":2,"name":"Businessplanwettbe\u00adwerb SEGEL SETZEN! NORD\u00b0OST\u00b0 2025"}]},{"@type":"WebSite","@id":"https:\/\/www.stapellauf-nordost.de\/#website","url":"https:\/\/www.stapellauf-nordost.de\/","name":"Launching northeast","description":"Ausgr\u00fcndungen aus den Hochschulen Inspiration, Qualifikation &amp; F\u00f6rderung.","publisher":{"@id":"https:\/\/www.stapellauf-nordost.de\/#organization"},"potentialAction":[{"@type":"SearchAction","target":{"@type":"EntryPoint","urlTemplate":"https:\/\/www.stapellauf-nordost.de\/?s={search_term_string}"},"query-input":{"@type":"PropertyValueSpecification","valueRequired":true,"valueName":"search_term_string"}}],"inLanguage":"en-GB"},{"@type":"Organization","@id":"https:\/\/www.stapellauf-nordost.de\/#organization","name":"Launching northeast","url":"https:\/\/www.stapellauf-nordost.de\/","logo":{"@type":"ImageObject","inLanguage":"en-GB","@id":"https:\/\/www.stapellauf-nordost.de\/#\/schema\/logo\/image\/","url":"https:\/\/www.stapellauf-nordost.de\/wp-content\/uploads\/2021\/12\/Stempellogo.png","contentUrl":"https:\/\/www.stapellauf-nordost.de\/wp-content\/uploads\/2021\/12\/Stempellogo.png","width":100,"height":100,"caption":"Stapellauf Nordost"},"image":{"@id":"https:\/\/www.stapellauf-nordost.de\/#\/schema\/logo\/image\/"},"sameAs":["https:\/\/www.facebook.com\/stapellauf.de","https:\/\/www.instagram.com\/stapellaufnordost\/"]}]}},"_links":{"self":[{"href":"https:\/\/www.stapellauf-nordost.de\/en\/wp-json\/wp\/v2\/pages\/41","targetHints":{"allow":["GET"]}}],"collection":[{"href":"https:\/\/www.stapellauf-nordost.de\/en\/wp-json\/wp\/v2\/pages"}],"about":[{"href":"https:\/\/www.stapellauf-nordost.de\/en\/wp-json\/wp\/v2\/types\/page"}],"author":[{"embeddable":true,"href":"https:\/\/www.stapellauf-nordost.de\/en\/wp-json\/wp\/v2\/users\/1"}],"replies":[{"embeddable":true,"href":"https:\/\/www.stapellauf-nordost.de\/en\/wp-json\/wp\/v2\/comments?post=41"}],"version-history":[{"count":205,"href":"https:\/\/www.stapellauf-nordost.de\/en\/wp-json\/wp\/v2\/pages\/41\/revisions"}],"predecessor-version":[{"id":9953,"href":"https:\/\/www.stapellauf-nordost.de\/en\/wp-json\/wp\/v2\/pages\/41\/revisions\/9953"}],"wp:attachment":[{"href":"https:\/\/www.stapellauf-nordost.de\/en\/wp-json\/wp\/v2\/media?parent=41"}],"curies":[{"name":"wp","href":"https:\/\/api.w.org\/{rel}","templated":true}]}}