{"id":36,"date":"2021-11-03T16:12:40","date_gmt":"2021-11-03T15:12:40","guid":{"rendered":"http:\/\/test.stapellauf-nordost.de\/?page_id=36"},"modified":"2026-01-08T16:14:22","modified_gmt":"2026-01-08T15:14:22","slug":"ringvorlesung","status":"publish","type":"page","link":"https:\/\/www.stapellauf-nordost.de\/en\/leistungen-service\/ringvorlesung\/","title":{"rendered":"Ringvorlesung 2025"},"content":{"rendered":"<p>&#8222;Von der Idee zum Startup\u201c, das ist sowohl Anspruch als auch Programm unserer <strong>Ringvorlesung \u201ePraktische Gr\u00fcndungslehre&#8220;<\/strong>. Auf in die n\u00e4chste Runde geht es ab dem <strong>15. Oktober<\/strong> for the <strong>Wintersemester 2025.<\/strong><\/p>\n\n\n\n<p>Standort\u00fcbergreifend k\u00f6nnen Studierende und Mitarbeiter*innen &#8211; der Universit\u00e4t Greifswald sowie Hochschulen Stralsund und Neubrandenburg &#8211; praxisorientiertes Wissen einer Unternehmensgr\u00fcndung erlernen.<\/p>\n\n\n\n<p>Unsere Ringvorlesung umfasst <strong>acht Veranstaltungen <\/strong>in denen die Teilnehmenden von der Kompetenz erfahrener Expert*innen der regionalen Gr\u00fcnderszene profitieren k\u00f6nnen. Im Mittelpunkt der Vorlesung steht praktisches Gr\u00fcndungswissen, das eine wissensbasierte Startup-Gr\u00fcndung zum Erfolg f\u00fchren soll. <br><\/p>\n\n\n\n<p>Die Ringvorlesung \u201ePraktische Gr\u00fcndungslehre \u2013 Von der Idee zum Startup&#8220; findet in acht Veranstaltungen vom <strong>15. Oktober 2025 &#8211; 03. Dezember 2025<\/strong> <strong>jeweils Mittwochs von 17:30 \u2013 19:00 Uhr online statt <\/strong>(je 60 Minuten Vortrag und 30 Minuten Diskussion und Fragen). <\/p>\n\n\n\n<p>Hier geht es zum Link zu den Online-Veranstaltungen: <a href=\"https:\/\/uni-greifswald-de.zoom.us\/j\/87380999660?pwd=9q2Wsz8yrokmV24moQuKmea9WNSgWa.1\" target=\"_blank\" rel=\"noreferrer noopener\">https:\/\/uni-greifswald-de.zoom.us\/j\/87380999660?pwd=9q2Wsz8yrokmV24moQuKmea9WNSgWa.1<\/a>&nbsp;(Meeting-ID: 873 8099 9660, Kenncode: 599187)<\/p>\n\n\n\n<hr class=\"wp-block-separator has-text-color has-white-color has-alpha-channel-opacity has-white-background-color has-background\"\/>\n\n\n    <section class=\"wp-block-stapellauf-nordost-post-list\">\n\t\t<h2 class=\"stno-post-heading\">events<\/h2>        <div class=\"stno-posts-container\">\n\t\t\t                <article class=\"stno-post has-thumbnail\">\n                    <div class=\"stno-post--image-wrapper\">\n                        <div class=\"stno-post--image\"\n\t\t\t\t\t\t\t                                style=\"background-image: url(https:\/\/www.stapellauf-nordost.de\/wp-content\/uploads\/2025\/10\/Frau-Magdeburg-min-scaled-e1759999371541.jpg);\"\n\t\t\t\t\t\t\t>\n\t\t\t\t\t\t\t                        <\/div>\n                    <\/div>\n                    <section class=\"stno-post--main\">\n                        <header>\n\t\t\t\t\t\t\t\t\t\t\t\t\t\t\t<time class=\"stno-post--heading-date\" datetime=\"2025-12-03 17:30:00\">3. Dec 2025<\/time>\t\t\t\t\t\t\t\t\t\t\t\t\t\t<h3 class=\"stno-post--heading__article\"><a href=\"https:\/\/www.stapellauf-nordost.de\/en\/events\/mehr-als-ein-chef-leadership-als-wachstumsfaktor\/\">Mehr als ein Chef: Leadership als Wachstumsfaktor<\/a><\/h3><h4 class=\"stno-post--heading__categories\"><a href=\"https:\/\/www.stapellauf-nordost.de\/en\/events\/categories\/ringvorlesung\/\" rel=\"tag\">Lecture series<\/a><\/h4>                        <\/header>\n                        <div><p>Als Referentin begr\u00fc\u00dfen wir Anke Magdeburg, Business Coach.<\/p>\n<\/div>\n                        <footer>\n                            <a href=\"https:\/\/www.stapellauf-nordost.de\/en\/events\/mehr-als-ein-chef-leadership-als-wachstumsfaktor\/\"\n                               class=\"read-more\">Learn more<\/a>\n                        <\/footer>\n                    <\/section>\n                <\/article>\n\t\t\t                <article class=\"stno-post has-thumbnail\">\n                    <div class=\"stno-post--image-wrapper\">\n                        <div class=\"stno-post--image\"\n\t\t\t\t\t\t\t                                style=\"background-image: url(https:\/\/www.stapellauf-nordost.de\/wp-content\/uploads\/2021\/11\/Gruendungswerft-Claudius-Thelen-6-e1759997926365.jpeg);\"\n\t\t\t\t\t\t\t>\n\t\t\t\t\t\t\t                        <\/div>\n                    <\/div>\n                    <section class=\"stno-post--main\">\n                        <header>\n\t\t\t\t\t\t\t\t\t\t\t\t\t\t\t<time class=\"stno-post--heading-date\" datetime=\"2025-11-26 17:30:00\">26. Nov 2025<\/time>\t\t\t\t\t\t\t\t\t\t\t\t\t\t<h3 class=\"stno-post--heading__article\"><a href=\"https:\/\/www.stapellauf-nordost.de\/en\/events\/social-media-marketing-wie-funktioniert-erfolgreiche-markenkommunikation-trotz-sinkender-aufmerksamkeitsspannen-angefragt\/\">Social Media Marketing: Wie funktioniert erfolgreiche Markenkommunikation trotz sinkender Aufmerksamkeitsspannen? (angefragt)<\/a><\/h3><h4 class=\"stno-post--heading__categories\"><a href=\"https:\/\/www.stapellauf-nordost.de\/en\/events\/categories\/ringvorlesung\/\" rel=\"tag\">Lecture series<\/a><\/h4>                        <\/header>\n                        <div><p>Als Referent begr\u00fc\u00dfen wir Martin Horst, 13\u00b0 Agentur f\u00fcr Branding &#038; Kommunikation. (angefragt)<\/p>\n<\/div>\n                        <footer>\n                            <a href=\"https:\/\/www.stapellauf-nordost.de\/en\/events\/social-media-marketing-wie-funktioniert-erfolgreiche-markenkommunikation-trotz-sinkender-aufmerksamkeitsspannen-angefragt\/\"\n                               class=\"read-more\">Learn more<\/a>\n                        <\/footer>\n                    <\/section>\n                <\/article>\n\t\t\t                <article class=\"stno-post has-thumbnail\">\n                    <div class=\"stno-post--image-wrapper\">\n                        <div class=\"stno-post--image\"\n\t\t\t\t\t\t\t                                style=\"background-image: url(https:\/\/www.stapellauf-nordost.de\/wp-content\/uploads\/2025\/10\/dr-dirk-hollmann-co-founder-cmo-865dc106.png);\"\n\t\t\t\t\t\t\t>\n\t\t\t\t\t\t\t                        <\/div>\n                    <\/div>\n                    <section class=\"stno-post--main\">\n                        <header>\n\t\t\t\t\t\t\t\t\t\t\t\t\t\t\t<time class=\"stno-post--heading-date\" datetime=\"2025-11-19 17:30:00\">19. Nov 2025<\/time>\t\t\t\t\t\t\t\t\t\t\t\t\t\t<h3 class=\"stno-post--heading__article\"><a href=\"https:\/\/www.stapellauf-nordost.de\/en\/events\/forschen-und-gruenden-mit-impact-cell2green-gemeinsam-die-zukunft-einpacken\/\">Forschen und Gr\u00fcnden mit Impact \u2013 Cell2Green: Gemeinsam die Zukunft einpacken!<\/a><\/h3><h4 class=\"stno-post--heading__categories\"><a href=\"https:\/\/www.stapellauf-nordost.de\/en\/events\/categories\/ringvorlesung\/\" rel=\"tag\">Lecture series<\/a><\/h4>                        <\/header>\n                        <div><p>Als Referent begr\u00fc\u00dfen wir Dr. Dirk Hollmann, Cell2Green GmbH.<\/p>\n<\/div>\n                        <footer>\n                            <a href=\"https:\/\/www.stapellauf-nordost.de\/en\/events\/forschen-und-gruenden-mit-impact-cell2green-gemeinsam-die-zukunft-einpacken\/\"\n                               class=\"read-more\">Learn more<\/a>\n                        <\/footer>\n                    <\/section>\n                <\/article>\n\t\t\t                <article class=\"stno-post has-thumbnail\">\n                    <div class=\"stno-post--image-wrapper\">\n                        <div class=\"stno-post--image\"\n\t\t\t\t\t\t\t                                style=\"background-image: url(https:\/\/www.stapellauf-nordost.de\/wp-content\/uploads\/2025\/10\/Hirchert.jpg);\"\n\t\t\t\t\t\t\t>\n\t\t\t\t\t\t\t                        <\/div>\n                    <\/div>\n                    <section class=\"stno-post--main\">\n                        <header>\n\t\t\t\t\t\t\t\t\t\t\t\t\t\t\t<time class=\"stno-post--heading-date\" datetime=\"2025-11-12 17:30:00\">12. Nov 2025<\/time>\t\t\t\t\t\t\t\t\t\t\t\t\t\t<h3 class=\"stno-post--heading__article\"><a href=\"https:\/\/www.stapellauf-nordost.de\/en\/events\/basiswissen-gruendung-wie-gruende-ich-konkret-ein-unternehmen\/\">Basiswissen Gr\u00fcndung \u2013 wie gr\u00fcnde ich konkret ein Unternehmen?<\/a><\/h3><h4 class=\"stno-post--heading__categories\"><a href=\"https:\/\/www.stapellauf-nordost.de\/en\/events\/categories\/ringvorlesung\/\" rel=\"tag\">Lecture series<\/a><\/h4>                        <\/header>\n                        <div><p>Als Referent begr\u00fc\u00dfen wir Volker Hirchert, IHK Neubrandenburg f\u00fcr das \u00f6stliche Mecklenburg-Vorpommern.<\/p>\n<\/div>\n                        <footer>\n                            <a href=\"https:\/\/www.stapellauf-nordost.de\/en\/events\/basiswissen-gruendung-wie-gruende-ich-konkret-ein-unternehmen\/\"\n                               class=\"read-more\">Learn more<\/a>\n                        <\/footer>\n                    <\/section>\n                <\/article>\n\t\t\t                <article class=\"stno-post has-thumbnail\">\n                    <div class=\"stno-post--image-wrapper\">\n                        <div class=\"stno-post--image\"\n\t\t\t\t\t\t\t                                style=\"background-image: url(https:\/\/www.stapellauf-nordost.de\/wp-content\/uploads\/2025\/10\/Hannes-Trettin\u00a9MatthesTrettin.jpeg);\"\n\t\t\t\t\t\t\t>\n\t\t\t\t\t\t\t                        <\/div>\n                    <\/div>\n                    <section class=\"stno-post--main\">\n                        <header>\n\t\t\t\t\t\t\t\t\t\t\t\t\t\t\t<time class=\"stno-post--heading-date\" datetime=\"2025-11-05 17:30:00\">5. Nov 2025<\/time>\t\t\t\t\t\t\t\t\t\t\t\t\t\t<h3 class=\"stno-post--heading__article\"><a href=\"https:\/\/www.stapellauf-nordost.de\/en\/events\/wie-entwickle-ich-ein-gut-funktionierendes-geschaeftsmodell\/\">Wie entwickle ich ein gut funktionierendes Gesch\u00e4ftsmodell?<\/a><\/h3><h4 class=\"stno-post--heading__categories\"><a href=\"https:\/\/www.stapellauf-nordost.de\/en\/events\/categories\/ringvorlesung\/\" rel=\"tag\">Lecture series<\/a><\/h4>                        <\/header>\n                        <div><p>Als Referent begr\u00fc\u00dfen wir Hannes Trettin, Projekt Bay.<\/p>\n<\/div>\n                        <footer>\n                            <a href=\"https:\/\/www.stapellauf-nordost.de\/en\/events\/wie-entwickle-ich-ein-gut-funktionierendes-geschaeftsmodell\/\"\n                               class=\"read-more\">Learn more<\/a>\n                        <\/footer>\n                    <\/section>\n                <\/article>\n\t\t\t                <article class=\"stno-post has-thumbnail\">\n                    <div class=\"stno-post--image-wrapper\">\n                        <div class=\"stno-post--image\"\n\t\t\t\t\t\t\t                                style=\"background-image: url(https:\/\/www.stapellauf-nordost.de\/wp-content\/uploads\/2025\/10\/Jessamine_Davis.jpg);\"\n\t\t\t\t\t\t\t>\n\t\t\t\t\t\t\t                        <\/div>\n                    <\/div>\n                    <section class=\"stno-post--main\">\n                        <header>\n\t\t\t\t\t\t\t\t\t\t\t\t\t\t\t<time class=\"stno-post--heading-date\" datetime=\"2025-10-29 17:30:00\">29. Oct 2025<\/time>\t\t\t\t\t\t\t\t\t\t\t\t\t\t<h3 class=\"stno-post--heading__article\"><a href=\"https:\/\/www.stapellauf-nordost.de\/en\/events\/social-entrepreneurship-ein-hebel-fuer-eine-zukunftsfaehige-wirtschaft\/\">Social Entrepreneurship: Ein Hebel f\u00fcr eine zukunftsf\u00e4hige Wirtschaft<\/a><\/h3><h4 class=\"stno-post--heading__categories\"><a href=\"https:\/\/www.stapellauf-nordost.de\/en\/events\/categories\/ringvorlesung\/\" rel=\"tag\">Lecture series<\/a><\/h4>                        <\/header>\n                        <div><p>Als Referentin begr\u00fc\u00dfen wir Jessamine Davis, Social Entrepreneurship Netzwerk Deutschland e.V. <\/p>\n<\/div>\n                        <footer>\n                            <a href=\"https:\/\/www.stapellauf-nordost.de\/en\/events\/social-entrepreneurship-ein-hebel-fuer-eine-zukunftsfaehige-wirtschaft\/\"\n                               class=\"read-more\">Learn more<\/a>\n                        <\/footer>\n                    <\/section>\n                <\/article>\n\t\t\t                <article class=\"stno-post has-thumbnail\">\n                    <div class=\"stno-post--image-wrapper\">\n                        <div class=\"stno-post--image\"\n\t\t\t\t\t\t\t                                style=\"background-image: url(https:\/\/www.stapellauf-nordost.de\/wp-content\/uploads\/2025\/09\/Ralph_Sonntag-Ringvorlesung_2025.jpg);\"\n\t\t\t\t\t\t\t>\n\t\t\t\t\t\t\t                        <\/div>\n                    <\/div>\n                    <section class=\"stno-post--main\">\n                        <header>\n\t\t\t\t\t\t\t\t\t\t\t\t\t\t\t<time class=\"stno-post--heading-date\" datetime=\"2025-10-22 17:30:00\">22. Oct 2025<\/time>\t\t\t\t\t\t\t\t\t\t\t\t\t\t<h3 class=\"stno-post--heading__article\"><a href=\"https:\/\/www.stapellauf-nordost.de\/en\/events\/lernen-aus-gruendungen-und-scheitern-lessons-learned-aus-der-gruenderpraxis\/\">Lernen aus Gr\u00fcndungen und Scheitern \u2013 Lessons Learned aus der Gr\u00fcnderpraxis<\/a><\/h3><h4 class=\"stno-post--heading__categories\"><a href=\"https:\/\/www.stapellauf-nordost.de\/en\/events\/categories\/ringvorlesung\/\" rel=\"tag\">Lecture series<\/a><\/h4>                        <\/header>\n                        <div><p>Als Referent begr\u00fc\u00dfen wir Prof. Dr. rer. pol. Ralph Sonntag, Hochschule Stralsund. <\/p>\n<\/div>\n                        <footer>\n                            <a href=\"https:\/\/www.stapellauf-nordost.de\/en\/events\/lernen-aus-gruendungen-und-scheitern-lessons-learned-aus-der-gruenderpraxis\/\"\n                               class=\"read-more\">Learn more<\/a>\n                        <\/footer>\n                    <\/section>\n                <\/article>\n\t\t\t                <article class=\"stno-post has-thumbnail\">\n                    <div class=\"stno-post--image-wrapper\">\n                        <div class=\"stno-post--image\"\n\t\t\t\t\t\t\t                                style=\"background-image: url(https:\/\/www.stapellauf-nordost.de\/wp-content\/uploads\/2025\/10\/Prof.-Fuchs.jpg);\"\n\t\t\t\t\t\t\t>\n\t\t\t\t\t\t\t                        <\/div>\n                    <\/div>\n                    <section class=\"stno-post--main\">\n                        <header>\n\t\t\t\t\t\t\t\t\t\t\t\t\t\t\t<time class=\"stno-post--heading-date\" datetime=\"2025-10-15 17:30:00\">15. Oct 2025<\/time>\t\t\t\t\t\t\t\t\t\t\t\t\t\t<h3 class=\"stno-post--heading__article\"><a href=\"https:\/\/www.stapellauf-nordost.de\/en\/events\/die-grundlage-einer-existenzgruendung-wie-entwerfe-ich-einen-businessplan\/\">The basis for setting up a business - how do I draw up a business plan?<\/a><\/h3><h4 class=\"stno-post--heading__categories\"><a href=\"https:\/\/www.stapellauf-nordost.de\/en\/events\/categories\/ringvorlesung\/\" rel=\"tag\">Lecture series<\/a><\/h4>                        <\/header>\n                        <div><p>Als Referent begr\u00fc\u00dfen wir Prof. Dr. sc. agr. Clemens Fuchs, Hochschule Neubrandenburg.<\/p>\n<\/div>\n                        <footer>\n                            <a href=\"https:\/\/www.stapellauf-nordost.de\/en\/events\/die-grundlage-einer-existenzgruendung-wie-entwerfe-ich-einen-businessplan\/\"\n                               class=\"read-more\">Learn more<\/a>\n                        <\/footer>\n                    <\/section>\n                <\/article>\n\t\t\t        <\/div>\n    <\/section>","protected":false},"excerpt":{"rendered":"<p>&#8222;Von der Idee zum Startup\u201c, das ist sowohl Anspruch als auch Programm unserer Ringvorlesung \u201ePraktische Gr\u00fcndungslehre&#8220;. Auf in die n\u00e4chste Runde geht es ab dem 15. Oktober f\u00fcr das Wintersemester 2025. Standort\u00fcbergreifend k\u00f6nnen Studierende und Mitarbeiter*innen &#8211; der Universit\u00e4t Greifswald sowie Hochschulen Stralsund und Neubrandenburg &#8211; praxisorientiertes Wissen einer Unternehmensgr\u00fcndung erlernen. Unsere Ringvorlesung umfasst acht [&hellip;]<\/p>","protected":false},"author":1,"featured_media":0,"parent":22,"menu_order":0,"comment_status":"closed","ping_status":"closed","template":"","meta":{"footnotes":""},"class_list":["post-36","page","type-page","status-publish","hentry","entry"],"yoast_head":"<!-- This site is optimized with the Yoast SEO plugin v27.4 - https:\/\/yoast.com\/product\/yoast-seo-wordpress\/ -->\n<title>Ringvorlesung 2025 - Stapellauf Nordost<\/title>\n<meta name=\"robots\" content=\"index, follow, max-snippet:-1, max-image-preview:large, max-video-preview:-1\" \/>\n<link rel=\"canonical\" href=\"https:\/\/www.stapellauf-nordost.de\/en\/leistungen-service\/ringvorlesung\/\" \/>\n<meta property=\"og:locale\" content=\"en_GB\" \/>\n<meta property=\"og:type\" content=\"article\" \/>\n<meta property=\"og:title\" content=\"Ringvorlesung 2025 - Stapellauf Nordost\" \/>\n<meta property=\"og:description\" content=\"&#8222;Von der Idee zum Startup\u201c, das ist sowohl Anspruch als auch Programm unserer Ringvorlesung \u201ePraktische Gr\u00fcndungslehre&#8220;. Auf in die n\u00e4chste Runde geht es ab dem 15. Oktober f\u00fcr das Wintersemester 2025. Standort\u00fcbergreifend k\u00f6nnen Studierende und Mitarbeiter*innen &#8211; der Universit\u00e4t Greifswald sowie Hochschulen Stralsund und Neubrandenburg &#8211; praxisorientiertes Wissen einer Unternehmensgr\u00fcndung erlernen. Unsere Ringvorlesung umfasst acht [&hellip;]\" \/>\n<meta property=\"og:url\" content=\"https:\/\/www.stapellauf-nordost.de\/en\/leistungen-service\/ringvorlesung\/\" \/>\n<meta property=\"og:site_name\" content=\"Stapellauf Nordost\" \/>\n<meta property=\"article:publisher\" content=\"https:\/\/www.facebook.com\/stapellauf.de\" \/>\n<meta property=\"article:modified_time\" content=\"2026-01-08T15:14:22+00:00\" \/>\n<meta property=\"og:image\" content=\"https:\/\/www.stapellauf-nordost.de\/wp-content\/uploads\/2021\/12\/Stempellogo.png\" \/>\n\t<meta property=\"og:image:width\" content=\"100\" \/>\n\t<meta property=\"og:image:height\" content=\"100\" \/>\n\t<meta property=\"og:image:type\" content=\"image\/png\" \/>\n<meta name=\"twitter:card\" content=\"summary_large_image\" \/>\n<meta name=\"twitter:label1\" content=\"Est. reading time\" \/>\n\t<meta name=\"twitter:data1\" content=\"1 minute\" \/>\n<script type=\"application\/ld+json\" class=\"yoast-schema-graph\">{\"@context\":\"https:\\\/\\\/schema.org\",\"@graph\":[{\"@type\":\"WebPage\",\"@id\":\"https:\\\/\\\/www.stapellauf-nordost.de\\\/leistungen-service\\\/ringvorlesung\\\/\",\"url\":\"https:\\\/\\\/www.stapellauf-nordost.de\\\/leistungen-service\\\/ringvorlesung\\\/\",\"name\":\"Ringvorlesung 2025 - Stapellauf Nordost\",\"isPartOf\":{\"@id\":\"https:\\\/\\\/www.stapellauf-nordost.de\\\/#website\"},\"datePublished\":\"2021-11-03T15:12:40+00:00\",\"dateModified\":\"2026-01-08T15:14:22+00:00\",\"breadcrumb\":{\"@id\":\"https:\\\/\\\/www.stapellauf-nordost.de\\\/leistungen-service\\\/ringvorlesung\\\/#breadcrumb\"},\"inLanguage\":\"en-GB\",\"potentialAction\":[{\"@type\":\"ReadAction\",\"target\":[\"https:\\\/\\\/www.stapellauf-nordost.de\\\/leistungen-service\\\/ringvorlesung\\\/\"]}]},{\"@type\":\"BreadcrumbList\",\"@id\":\"https:\\\/\\\/www.stapellauf-nordost.de\\\/leistungen-service\\\/ringvorlesung\\\/#breadcrumb\",\"itemListElement\":[{\"@type\":\"ListItem\",\"position\":1,\"name\":\"Home\",\"item\":\"https:\\\/\\\/www.stapellauf-nordost.de\\\/\"},{\"@type\":\"ListItem\",\"position\":2,\"name\":\"Service\",\"item\":\"https:\\\/\\\/www.stapellauf-nordost.de\\\/leistungen-service\\\/\"},{\"@type\":\"ListItem\",\"position\":3,\"name\":\"Ringvorlesung 2025\"}]},{\"@type\":\"WebSite\",\"@id\":\"https:\\\/\\\/www.stapellauf-nordost.de\\\/#website\",\"url\":\"https:\\\/\\\/www.stapellauf-nordost.de\\\/\",\"name\":\"Stapellauf Nordost\",\"description\":\"Ausgr\u00fcndungen aus den Hochschulen Inspiration, Qualifikation &amp; F\u00f6rderung.\",\"publisher\":{\"@id\":\"https:\\\/\\\/www.stapellauf-nordost.de\\\/#organization\"},\"potentialAction\":[{\"@type\":\"SearchAction\",\"target\":{\"@type\":\"EntryPoint\",\"urlTemplate\":\"https:\\\/\\\/www.stapellauf-nordost.de\\\/?s={search_term_string}\"},\"query-input\":{\"@type\":\"PropertyValueSpecification\",\"valueRequired\":true,\"valueName\":\"search_term_string\"}}],\"inLanguage\":\"en-GB\"},{\"@type\":\"Organization\",\"@id\":\"https:\\\/\\\/www.stapellauf-nordost.de\\\/#organization\",\"name\":\"Stapellauf Nordost\",\"url\":\"https:\\\/\\\/www.stapellauf-nordost.de\\\/\",\"logo\":{\"@type\":\"ImageObject\",\"inLanguage\":\"en-GB\",\"@id\":\"https:\\\/\\\/www.stapellauf-nordost.de\\\/#\\\/schema\\\/logo\\\/image\\\/\",\"url\":\"https:\\\/\\\/www.stapellauf-nordost.de\\\/wp-content\\\/uploads\\\/2021\\\/12\\\/Stempellogo.png\",\"contentUrl\":\"https:\\\/\\\/www.stapellauf-nordost.de\\\/wp-content\\\/uploads\\\/2021\\\/12\\\/Stempellogo.png\",\"width\":100,\"height\":100,\"caption\":\"Stapellauf Nordost\"},\"image\":{\"@id\":\"https:\\\/\\\/www.stapellauf-nordost.de\\\/#\\\/schema\\\/logo\\\/image\\\/\"},\"sameAs\":[\"https:\\\/\\\/www.facebook.com\\\/stapellauf.de\",\"https:\\\/\\\/www.instagram.com\\\/stapellaufnordost\\\/\"]}]}<\/script>\n<!-- \/ Yoast SEO plugin. -->","yoast_head_json":{"title":"Ringvorlesung 2025 - Stapellauf Nordost","robots":{"index":"index","follow":"follow","max-snippet":"max-snippet:-1","max-image-preview":"max-image-preview:large","max-video-preview":"max-video-preview:-1"},"canonical":"https:\/\/www.stapellauf-nordost.de\/en\/leistungen-service\/ringvorlesung\/","og_locale":"en_GB","og_type":"article","og_title":"Ringvorlesung 2025 - Stapellauf Nordost","og_description":"&#8222;Von der Idee zum Startup\u201c, das ist sowohl Anspruch als auch Programm unserer Ringvorlesung \u201ePraktische Gr\u00fcndungslehre&#8220;. Auf in die n\u00e4chste Runde geht es ab dem 15. Oktober f\u00fcr das Wintersemester 2025. Standort\u00fcbergreifend k\u00f6nnen Studierende und Mitarbeiter*innen &#8211; der Universit\u00e4t Greifswald sowie Hochschulen Stralsund und Neubrandenburg &#8211; praxisorientiertes Wissen einer Unternehmensgr\u00fcndung erlernen. Unsere Ringvorlesung umfasst acht [&hellip;]","og_url":"https:\/\/www.stapellauf-nordost.de\/en\/leistungen-service\/ringvorlesung\/","og_site_name":"Stapellauf Nordost","article_publisher":"https:\/\/www.facebook.com\/stapellauf.de","article_modified_time":"2026-01-08T15:14:22+00:00","og_image":[{"width":100,"height":100,"url":"https:\/\/www.stapellauf-nordost.de\/wp-content\/uploads\/2021\/12\/Stempellogo.png","type":"image\/png"}],"twitter_card":"summary_large_image","twitter_misc":{"Est. reading time":"1 minute"},"schema":{"@context":"https:\/\/schema.org","@graph":[{"@type":"WebPage","@id":"https:\/\/www.stapellauf-nordost.de\/leistungen-service\/ringvorlesung\/","url":"https:\/\/www.stapellauf-nordost.de\/leistungen-service\/ringvorlesung\/","name":"Ringvorlesung 2025 - Stapellauf Nordost","isPartOf":{"@id":"https:\/\/www.stapellauf-nordost.de\/#website"},"datePublished":"2021-11-03T15:12:40+00:00","dateModified":"2026-01-08T15:14:22+00:00","breadcrumb":{"@id":"https:\/\/www.stapellauf-nordost.de\/leistungen-service\/ringvorlesung\/#breadcrumb"},"inLanguage":"en-GB","potentialAction":[{"@type":"ReadAction","target":["https:\/\/www.stapellauf-nordost.de\/leistungen-service\/ringvorlesung\/"]}]},{"@type":"BreadcrumbList","@id":"https:\/\/www.stapellauf-nordost.de\/leistungen-service\/ringvorlesung\/#breadcrumb","itemListElement":[{"@type":"ListItem","position":1,"name":"Home","item":"https:\/\/www.stapellauf-nordost.de\/"},{"@type":"ListItem","position":2,"name":"Service","item":"https:\/\/www.stapellauf-nordost.de\/leistungen-service\/"},{"@type":"ListItem","position":3,"name":"Ringvorlesung 2025"}]},{"@type":"WebSite","@id":"https:\/\/www.stapellauf-nordost.de\/#website","url":"https:\/\/www.stapellauf-nordost.de\/","name":"Launching northeast","description":"Ausgr\u00fcndungen aus den Hochschulen Inspiration, Qualifikation &amp; F\u00f6rderung.","publisher":{"@id":"https:\/\/www.stapellauf-nordost.de\/#organization"},"potentialAction":[{"@type":"SearchAction","target":{"@type":"EntryPoint","urlTemplate":"https:\/\/www.stapellauf-nordost.de\/?s={search_term_string}"},"query-input":{"@type":"PropertyValueSpecification","valueRequired":true,"valueName":"search_term_string"}}],"inLanguage":"en-GB"},{"@type":"Organization","@id":"https:\/\/www.stapellauf-nordost.de\/#organization","name":"Launching northeast","url":"https:\/\/www.stapellauf-nordost.de\/","logo":{"@type":"ImageObject","inLanguage":"en-GB","@id":"https:\/\/www.stapellauf-nordost.de\/#\/schema\/logo\/image\/","url":"https:\/\/www.stapellauf-nordost.de\/wp-content\/uploads\/2021\/12\/Stempellogo.png","contentUrl":"https:\/\/www.stapellauf-nordost.de\/wp-content\/uploads\/2021\/12\/Stempellogo.png","width":100,"height":100,"caption":"Stapellauf Nordost"},"image":{"@id":"https:\/\/www.stapellauf-nordost.de\/#\/schema\/logo\/image\/"},"sameAs":["https:\/\/www.facebook.com\/stapellauf.de","https:\/\/www.instagram.com\/stapellaufnordost\/"]}]}},"_links":{"self":[{"href":"https:\/\/www.stapellauf-nordost.de\/en\/wp-json\/wp\/v2\/pages\/36","targetHints":{"allow":["GET"]}}],"collection":[{"href":"https:\/\/www.stapellauf-nordost.de\/en\/wp-json\/wp\/v2\/pages"}],"about":[{"href":"https:\/\/www.stapellauf-nordost.de\/en\/wp-json\/wp\/v2\/types\/page"}],"author":[{"embeddable":true,"href":"https:\/\/www.stapellauf-nordost.de\/en\/wp-json\/wp\/v2\/users\/1"}],"replies":[{"embeddable":true,"href":"https:\/\/www.stapellauf-nordost.de\/en\/wp-json\/wp\/v2\/comments?post=36"}],"version-history":[{"count":70,"href":"https:\/\/www.stapellauf-nordost.de\/en\/wp-json\/wp\/v2\/pages\/36\/revisions"}],"predecessor-version":[{"id":9969,"href":"https:\/\/www.stapellauf-nordost.de\/en\/wp-json\/wp\/v2\/pages\/36\/revisions\/9969"}],"up":[{"embeddable":true,"href":"https:\/\/www.stapellauf-nordost.de\/en\/wp-json\/wp\/v2\/pages\/22"}],"wp:attachment":[{"href":"https:\/\/www.stapellauf-nordost.de\/en\/wp-json\/wp\/v2\/media?parent=36"}],"curies":[{"name":"wp","href":"https:\/\/api.w.org\/{rel}","templated":true}]}}