{"id":30,"date":"2021-11-03T16:04:47","date_gmt":"2021-11-03T15:04:47","guid":{"rendered":"http:\/\/test.stapellauf-nordost.de\/?page_id=30"},"modified":"2025-08-29T11:21:58","modified_gmt":"2025-08-29T09:21:58","slug":"exist-stipendien","status":"publish","type":"page","link":"https:\/\/www.stapellauf-nordost.de\/en\/leistungen-service\/exist-stipendien\/","title":{"rendered":"EXIST scholarships"},"content":{"rendered":"<div class=\"wp-block-group\"><div class=\"wp-block-group__inner-container is-layout-flow wp-block-group-is-layout-flow\">\n<p>We support students, graduates and scientists in applying for an EXIST start-up grant or EXIST research transfer:<\/p>\n<\/div><\/div>\n\n\n\n<h2 class=\"wp-block-heading\" id=\"exist-grunderstipendium\"><strong>EXIST-Women<\/strong><\/h2>\n\n\n\n<p>Personalised grants for bridging a period of three months. \"EXIST-Women is intended to support women at universities and research institutions who are interested in starting a business and have an affinity for entrepreneurship in the phase prior to founding a company, particularly in the development of their entrepreneurial personality and the further development of their start-up idea. The programme is aimed at both women who are already pursuing a specific start-up topic and those who only want to identify a suitable start-up idea during the funding period.\" Click <a href=\"\/en\/www.exist.de\/EXIST\/Navigation\/DE\/Gruendungsfoerderung\/EXIST-WOMEN\/EXIST-WOMEN\/exist-women.html\/\">Here<\/a> for further information.<\/p>\n\n\n\n<h2 class=\"wp-block-heading\" id=\"exist-grunderstipendium\"><strong>EXIST start-up grant<\/strong><\/h2>\n\n\n\n<div class=\"wp-block-group\"><div class=\"wp-block-group__inner-container is-layout-flow wp-block-group-is-layout-flow\">\n<p>Personal living expenses for one year, material and coaching resources of up to \u20ac35,000! The EXIST start-up grant allows you to focus entirely on founding your own company. This is particularly important in the often difficult initial phase of a start-up. Funding is available for innovative, technology-orientated and knowledge-based start-ups from universities and research institutions. Follow the link for further information:&nbsp;<a href=\"https:\/\/www.exist.de\/DE\/Programm\/Exist-Gruenderstipendium\/inhalt.html;jsessionid=955CF40A33FC24CE068B917E77FD9367\" target=\"_blank\" rel=\"noreferrer noopener\">to the funding guideline EXIST-Gr\u00fcnderstipendium<\/a>. Go to our EXIST successes from the universities <a href=\"https:\/\/www.stapellauf-nordost.de\/en\/startup_category\/success-story\/\">here<\/a>.<\/p>\n<\/div><\/div>\n\n\n\n<div class=\"wp-block-group\"><div class=\"wp-block-group__inner-container is-layout-flow wp-block-group-is-layout-flow\">\n<h2 class=\"wp-block-heading\" id=\"exist-forschungstransfer\"><strong>EXIST research transfer<\/strong><\/h2>\n\n\n\n<p>EXIST Transfer of Research funds both the necessary development work to prove the technical feasibility of research-based start-up ideas from universities and the necessary preparations for the company launch: <a href=\"https:\/\/www.exist.de\/DE\/Programm\/Exist-Forschungstransfer\/inhalt.html\" target=\"_blank\" rel=\"noreferrer noopener\">to the EXIST Transfer of Research funding guideline<\/a>.<\/p>\n<\/div><\/div>\n\n\n\n<div class=\"wp-block-group\"><div class=\"wp-block-group__inner-container is-layout-flow wp-block-group-is-layout-flow\">\n<h2 class=\"wp-block-heading\" id=\"exist-potentiale\"><strong>EXIST potentials<\/strong><\/h2>\n\n\n\n<p><strong>Project title:&nbsp;<\/strong>Launching NORD\u00b0OST\u00b0<br><strong>Composite:&nbsp;<\/strong>University of Greifswald, Neubrandenburg University of Applied Sciences, Stralsund University of Applied Sciences<br><strong>Funding organisation\/grant provider:&nbsp;<\/strong>Federal Ministry for Economic Affairs and Climate Protection<br><strong>Programme:&nbsp;<\/strong>Start-up culture - EXIST-Potentiale_Potentiale heben<br><strong>Running time:<\/strong>&nbsp;01.08.2020 bis 31.05.2024<\/p>\n\n\n\n<h3 class=\"wp-block-heading\" id=\"projektbeschreibung\"><strong>Project description:<\/strong><\/h3>\n\n\n\n<p><strong>EXIST potentials<\/strong> is a funding measure within the framework of<strong>&nbsp;<\/strong><a href=\"https:\/\/www.exist.de\/EXIST\/Navigation\/DE\/Ueber_EXIST\/ueber_exist.html\" target=\"_blank\" rel=\"noreferrer noopener\">EXIST start-up culture<\/a>. With&nbsp;<a href=\"https:\/\/www.exist.de\/EXIST\/Redaktion\/DE\/Dossier\/Hochschulfoerderung\/EXIST-Potentiale.html\" target=\"_blank\" rel=\"noreferrer noopener\">EXIST potentials<\/a>&nbsp;the BMWK aims to further develop the start-up networks at universities that have been created in recent years through the EXIST start-up culture programme. The aim is to implement a perceptible and activating start-up culture at universities and to create the necessary framework conditions for innovative and fast-growing start-ups from science in order to create future-proof jobs in the region in the medium term.<\/p>\n\n\n\n<p>The start-up initiative \"Stapellauf NPRD\u00b0OST\" was honoured live in Berlin on 3rd December 2019 by former Federal Minister of Economics Peter Altmaier. The University of Greifswald as lead partner and the universities of Neubrandenburg and Stralsund were among the joint winners of the EXIST-Potentials competition organised by the Federal Ministry of Economics and Climate Protection.<\/p>\n\n\n\n<p>The aim of the \"Stapellauf NORD\u00b0OST\u00b0\" network is to jointly realise potential in the founding of innovative start-ups in the North-East science region in north-eastern Mecklenburg-Vorpommern. \"Start-up NordOst\" thus builds on the cooperation between the three partners and six non-university research institutions in the North-East science region that has been in place since 2014. The aim is to expand and raise the profile of the services created through networking, for example through a joint business plan competition and start-up events with partner universities. Practical start-up support is provided across all universities by an agile one-stop agency that mobilises and qualifies founders and provides individual support in the realisation of their start-up. Digital services, digital start-up portfolios and project rooms make processes more efficient. With the development of the NORD\u00b0OST\u00b0 launch brand, embedded in the \"Startup NORD\u00b0OST\u00b0\" start-up ecosystem, and its establishment and marketing in the region and beyond, the initiative and the region itself are gaining radiance.<\/p>\n\n\n\n<div class=\"wp-block-columns is-not-stacked-on-mobile is-layout-flex wp-container-core-columns-is-layout-9d6595d7 wp-block-columns-is-layout-flex\">\n<div class=\"wp-block-column is-layout-flow wp-block-column-is-layout-flow\" style=\"flex-basis:100%\"><\/div>\n\n\n\n<div class=\"wp-block-column is-vertically-aligned-center is-layout-flow wp-block-column-is-layout-flow\" style=\"flex-basis:100%\"><div class=\"wp-block-image\">\n<figure class=\"aligncenter size-large\"><img loading=\"lazy\" decoding=\"async\" width=\"1024\" height=\"697\" src=\"http:\/\/test.stapellauf-nordost.de\/wp-content\/uploads\/2022\/03\/EXISt-Foerderlogos-kurz-JPEG-2022-1024x697.jpg\" alt=\"\" class=\"wp-image-2599\" srcset=\"https:\/\/www.stapellauf-nordost.de\/wp-content\/uploads\/2022\/03\/EXISt-Foerderlogos-kurz-JPEG-2022-1024x697.jpg 1024w, https:\/\/www.stapellauf-nordost.de\/wp-content\/uploads\/2022\/03\/EXISt-Foerderlogos-kurz-JPEG-2022-300x204.jpg 300w, https:\/\/www.stapellauf-nordost.de\/wp-content\/uploads\/2022\/03\/EXISt-Foerderlogos-kurz-JPEG-2022-768x522.jpg 768w, https:\/\/www.stapellauf-nordost.de\/wp-content\/uploads\/2022\/03\/EXISt-Foerderlogos-kurz-JPEG-2022.jpg 1079w\" sizes=\"auto, (max-width: 1024px) 100vw, 1024px\" \/><\/figure>\n<\/div><\/div>\n\n\n\n<div class=\"wp-block-column is-layout-flow wp-block-column-is-layout-flow\" style=\"flex-basis:100%\"><\/div>\n<\/div>\n<\/div><\/div>\n\n\n\n<p class=\"has-text-align-center\">Das Vorhaben StartUP Nord\u00b0Ost\u00b0 wurde im Rahmen des EXIST-Programms durch das Bundesministerium f\u00fcr Wirtschaft und Klimaschutz gef\u00f6rdert.<\/p>\n\n\n\n<p><\/p>","protected":false},"excerpt":{"rendered":"<p>Wir unterst\u00fctzen Studierende, Absolventinnen und Absolventen sowie Wissenschaftlerinnen und Wissenschaftler bei der Beantragung eines EXIST-Gr\u00fcnderstipendiums oder EXIST-Forschungstransfers: EXIST-Women Personengebundene Stipendien f\u00fcr die \u00dcberbr\u00fcckung einer Zeitdauer von drei Monaten. &#8222;Mit EXIST-Women sollen an Hochschulen und Forschungseinrichtungen gr\u00fcndungsinteressierte und gr\u00fcndungsaffine&nbsp;Frauen in der Phase vor der Unternehmensgr\u00fcndung, insbesondere bei der Entwicklung ihrer Unternehmerinnenpers\u00f6nlichkeit und der Weiterentwicklung ihrer Gr\u00fcndungsidee, [&hellip;]<\/p>","protected":false},"author":1,"featured_media":0,"parent":22,"menu_order":0,"comment_status":"closed","ping_status":"closed","template":"","meta":{"footnotes":""},"class_list":["post-30","page","type-page","status-publish","hentry","entry"],"yoast_head":"<!-- This site is optimized with the Yoast SEO plugin v27.3 - https:\/\/yoast.com\/product\/yoast-seo-wordpress\/ -->\n<title>EXIST-Stipendien - Stapellauf Nordost<\/title>\n<meta name=\"robots\" content=\"index, follow, max-snippet:-1, max-image-preview:large, max-video-preview:-1\" \/>\n<link rel=\"canonical\" href=\"https:\/\/www.stapellauf-nordost.de\/en\/leistungen-service\/exist-stipendien\/\" \/>\n<meta property=\"og:locale\" content=\"en_GB\" \/>\n<meta property=\"og:type\" content=\"article\" \/>\n<meta property=\"og:title\" content=\"EXIST-Stipendien - Stapellauf Nordost\" \/>\n<meta property=\"og:description\" content=\"Wir unterst\u00fctzen Studierende, Absolventinnen und Absolventen sowie Wissenschaftlerinnen und Wissenschaftler bei der Beantragung eines EXIST-Gr\u00fcnderstipendiums oder EXIST-Forschungstransfers: EXIST-Women Personengebundene Stipendien f\u00fcr die \u00dcberbr\u00fcckung einer Zeitdauer von drei Monaten. &#8222;Mit EXIST-Women sollen an Hochschulen und Forschungseinrichtungen gr\u00fcndungsinteressierte und gr\u00fcndungsaffine&nbsp;Frauen in der Phase vor der Unternehmensgr\u00fcndung, insbesondere bei der Entwicklung ihrer Unternehmerinnenpers\u00f6nlichkeit und der Weiterentwicklung ihrer Gr\u00fcndungsidee, [&hellip;]\" \/>\n<meta property=\"og:url\" content=\"https:\/\/www.stapellauf-nordost.de\/en\/leistungen-service\/exist-stipendien\/\" \/>\n<meta property=\"og:site_name\" content=\"Stapellauf Nordost\" \/>\n<meta property=\"article:publisher\" content=\"https:\/\/www.facebook.com\/stapellauf.de\" \/>\n<meta property=\"article:modified_time\" content=\"2025-08-29T09:21:58+00:00\" \/>\n<meta property=\"og:image\" content=\"https:\/\/www.stapellauf-nordost.de\/wp-content\/uploads\/2022\/03\/EXISt-Foerderlogos-kurz-JPEG-2022.jpg\" \/>\n\t<meta property=\"og:image:width\" content=\"1079\" \/>\n\t<meta property=\"og:image:height\" content=\"734\" \/>\n\t<meta property=\"og:image:type\" content=\"image\/jpeg\" \/>\n<meta name=\"twitter:card\" content=\"summary_large_image\" \/>\n<meta name=\"twitter:label1\" content=\"Est. reading time\" \/>\n\t<meta name=\"twitter:data1\" content=\"3 minutes\" \/>\n<script type=\"application\/ld+json\" class=\"yoast-schema-graph\">{\"@context\":\"https:\\\/\\\/schema.org\",\"@graph\":[{\"@type\":\"WebPage\",\"@id\":\"https:\\\/\\\/www.stapellauf-nordost.de\\\/leistungen-service\\\/exist-stipendien\\\/\",\"url\":\"https:\\\/\\\/www.stapellauf-nordost.de\\\/leistungen-service\\\/exist-stipendien\\\/\",\"name\":\"EXIST-Stipendien - Stapellauf Nordost\",\"isPartOf\":{\"@id\":\"https:\\\/\\\/www.stapellauf-nordost.de\\\/#website\"},\"primaryImageOfPage\":{\"@id\":\"https:\\\/\\\/www.stapellauf-nordost.de\\\/leistungen-service\\\/exist-stipendien\\\/#primaryimage\"},\"image\":{\"@id\":\"https:\\\/\\\/www.stapellauf-nordost.de\\\/leistungen-service\\\/exist-stipendien\\\/#primaryimage\"},\"thumbnailUrl\":\"http:\\\/\\\/test.stapellauf-nordost.de\\\/wp-content\\\/uploads\\\/2022\\\/03\\\/EXISt-Foerderlogos-kurz-JPEG-2022-1024x697.jpg\",\"datePublished\":\"2021-11-03T15:04:47+00:00\",\"dateModified\":\"2025-08-29T09:21:58+00:00\",\"breadcrumb\":{\"@id\":\"https:\\\/\\\/www.stapellauf-nordost.de\\\/leistungen-service\\\/exist-stipendien\\\/#breadcrumb\"},\"inLanguage\":\"en-GB\",\"potentialAction\":[{\"@type\":\"ReadAction\",\"target\":[\"https:\\\/\\\/www.stapellauf-nordost.de\\\/leistungen-service\\\/exist-stipendien\\\/\"]}]},{\"@type\":\"ImageObject\",\"inLanguage\":\"en-GB\",\"@id\":\"https:\\\/\\\/www.stapellauf-nordost.de\\\/leistungen-service\\\/exist-stipendien\\\/#primaryimage\",\"url\":\"http:\\\/\\\/test.stapellauf-nordost.de\\\/wp-content\\\/uploads\\\/2022\\\/03\\\/EXISt-Foerderlogos-kurz-JPEG-2022-1024x697.jpg\",\"contentUrl\":\"http:\\\/\\\/test.stapellauf-nordost.de\\\/wp-content\\\/uploads\\\/2022\\\/03\\\/EXISt-Foerderlogos-kurz-JPEG-2022-1024x697.jpg\"},{\"@type\":\"BreadcrumbList\",\"@id\":\"https:\\\/\\\/www.stapellauf-nordost.de\\\/leistungen-service\\\/exist-stipendien\\\/#breadcrumb\",\"itemListElement\":[{\"@type\":\"ListItem\",\"position\":1,\"name\":\"Home\",\"item\":\"https:\\\/\\\/www.stapellauf-nordost.de\\\/\"},{\"@type\":\"ListItem\",\"position\":2,\"name\":\"Service\",\"item\":\"https:\\\/\\\/www.stapellauf-nordost.de\\\/leistungen-service\\\/\"},{\"@type\":\"ListItem\",\"position\":3,\"name\":\"EXIST-Stipendien\"}]},{\"@type\":\"WebSite\",\"@id\":\"https:\\\/\\\/www.stapellauf-nordost.de\\\/#website\",\"url\":\"https:\\\/\\\/www.stapellauf-nordost.de\\\/\",\"name\":\"Stapellauf Nordost\",\"description\":\"Ausgr\u00fcndungen aus den Hochschulen Inspiration, Qualifikation &amp; F\u00f6rderung.\",\"publisher\":{\"@id\":\"https:\\\/\\\/www.stapellauf-nordost.de\\\/#organization\"},\"potentialAction\":[{\"@type\":\"SearchAction\",\"target\":{\"@type\":\"EntryPoint\",\"urlTemplate\":\"https:\\\/\\\/www.stapellauf-nordost.de\\\/?s={search_term_string}\"},\"query-input\":{\"@type\":\"PropertyValueSpecification\",\"valueRequired\":true,\"valueName\":\"search_term_string\"}}],\"inLanguage\":\"en-GB\"},{\"@type\":\"Organization\",\"@id\":\"https:\\\/\\\/www.stapellauf-nordost.de\\\/#organization\",\"name\":\"Stapellauf Nordost\",\"url\":\"https:\\\/\\\/www.stapellauf-nordost.de\\\/\",\"logo\":{\"@type\":\"ImageObject\",\"inLanguage\":\"en-GB\",\"@id\":\"https:\\\/\\\/www.stapellauf-nordost.de\\\/#\\\/schema\\\/logo\\\/image\\\/\",\"url\":\"https:\\\/\\\/www.stapellauf-nordost.de\\\/wp-content\\\/uploads\\\/2021\\\/12\\\/Stempellogo.png\",\"contentUrl\":\"https:\\\/\\\/www.stapellauf-nordost.de\\\/wp-content\\\/uploads\\\/2021\\\/12\\\/Stempellogo.png\",\"width\":100,\"height\":100,\"caption\":\"Stapellauf Nordost\"},\"image\":{\"@id\":\"https:\\\/\\\/www.stapellauf-nordost.de\\\/#\\\/schema\\\/logo\\\/image\\\/\"},\"sameAs\":[\"https:\\\/\\\/www.facebook.com\\\/stapellauf.de\",\"https:\\\/\\\/www.instagram.com\\\/stapellaufnordost\\\/\"]}]}<\/script>\n<!-- \/ Yoast SEO plugin. -->","yoast_head_json":{"title":"EXIST-Stipendien - Stapellauf Nordost","robots":{"index":"index","follow":"follow","max-snippet":"max-snippet:-1","max-image-preview":"max-image-preview:large","max-video-preview":"max-video-preview:-1"},"canonical":"https:\/\/www.stapellauf-nordost.de\/en\/leistungen-service\/exist-stipendien\/","og_locale":"en_GB","og_type":"article","og_title":"EXIST-Stipendien - Stapellauf Nordost","og_description":"Wir unterst\u00fctzen Studierende, Absolventinnen und Absolventen sowie Wissenschaftlerinnen und Wissenschaftler bei der Beantragung eines EXIST-Gr\u00fcnderstipendiums oder EXIST-Forschungstransfers: EXIST-Women Personengebundene Stipendien f\u00fcr die \u00dcberbr\u00fcckung einer Zeitdauer von drei Monaten. &#8222;Mit EXIST-Women sollen an Hochschulen und Forschungseinrichtungen gr\u00fcndungsinteressierte und gr\u00fcndungsaffine&nbsp;Frauen in der Phase vor der Unternehmensgr\u00fcndung, insbesondere bei der Entwicklung ihrer Unternehmerinnenpers\u00f6nlichkeit und der Weiterentwicklung ihrer Gr\u00fcndungsidee, [&hellip;]","og_url":"https:\/\/www.stapellauf-nordost.de\/en\/leistungen-service\/exist-stipendien\/","og_site_name":"Stapellauf Nordost","article_publisher":"https:\/\/www.facebook.com\/stapellauf.de","article_modified_time":"2025-08-29T09:21:58+00:00","og_image":[{"width":1079,"height":734,"url":"https:\/\/www.stapellauf-nordost.de\/wp-content\/uploads\/2022\/03\/EXISt-Foerderlogos-kurz-JPEG-2022.jpg","type":"image\/jpeg"}],"twitter_card":"summary_large_image","twitter_misc":{"Est. reading time":"3 minutes"},"schema":{"@context":"https:\/\/schema.org","@graph":[{"@type":"WebPage","@id":"https:\/\/www.stapellauf-nordost.de\/leistungen-service\/exist-stipendien\/","url":"https:\/\/www.stapellauf-nordost.de\/leistungen-service\/exist-stipendien\/","name":"EXIST-Stipendien - Stapellauf Nordost","isPartOf":{"@id":"https:\/\/www.stapellauf-nordost.de\/#website"},"primaryImageOfPage":{"@id":"https:\/\/www.stapellauf-nordost.de\/leistungen-service\/exist-stipendien\/#primaryimage"},"image":{"@id":"https:\/\/www.stapellauf-nordost.de\/leistungen-service\/exist-stipendien\/#primaryimage"},"thumbnailUrl":"http:\/\/test.stapellauf-nordost.de\/wp-content\/uploads\/2022\/03\/EXISt-Foerderlogos-kurz-JPEG-2022-1024x697.jpg","datePublished":"2021-11-03T15:04:47+00:00","dateModified":"2025-08-29T09:21:58+00:00","breadcrumb":{"@id":"https:\/\/www.stapellauf-nordost.de\/leistungen-service\/exist-stipendien\/#breadcrumb"},"inLanguage":"en-GB","potentialAction":[{"@type":"ReadAction","target":["https:\/\/www.stapellauf-nordost.de\/leistungen-service\/exist-stipendien\/"]}]},{"@type":"ImageObject","inLanguage":"en-GB","@id":"https:\/\/www.stapellauf-nordost.de\/leistungen-service\/exist-stipendien\/#primaryimage","url":"http:\/\/test.stapellauf-nordost.de\/wp-content\/uploads\/2022\/03\/EXISt-Foerderlogos-kurz-JPEG-2022-1024x697.jpg","contentUrl":"http:\/\/test.stapellauf-nordost.de\/wp-content\/uploads\/2022\/03\/EXISt-Foerderlogos-kurz-JPEG-2022-1024x697.jpg"},{"@type":"BreadcrumbList","@id":"https:\/\/www.stapellauf-nordost.de\/leistungen-service\/exist-stipendien\/#breadcrumb","itemListElement":[{"@type":"ListItem","position":1,"name":"Home","item":"https:\/\/www.stapellauf-nordost.de\/"},{"@type":"ListItem","position":2,"name":"Service","item":"https:\/\/www.stapellauf-nordost.de\/leistungen-service\/"},{"@type":"ListItem","position":3,"name":"EXIST-Stipendien"}]},{"@type":"WebSite","@id":"https:\/\/www.stapellauf-nordost.de\/#website","url":"https:\/\/www.stapellauf-nordost.de\/","name":"Launching northeast","description":"Ausgr\u00fcndungen aus den Hochschulen Inspiration, Qualifikation &amp; F\u00f6rderung.","publisher":{"@id":"https:\/\/www.stapellauf-nordost.de\/#organization"},"potentialAction":[{"@type":"SearchAction","target":{"@type":"EntryPoint","urlTemplate":"https:\/\/www.stapellauf-nordost.de\/?s={search_term_string}"},"query-input":{"@type":"PropertyValueSpecification","valueRequired":true,"valueName":"search_term_string"}}],"inLanguage":"en-GB"},{"@type":"Organization","@id":"https:\/\/www.stapellauf-nordost.de\/#organization","name":"Launching northeast","url":"https:\/\/www.stapellauf-nordost.de\/","logo":{"@type":"ImageObject","inLanguage":"en-GB","@id":"https:\/\/www.stapellauf-nordost.de\/#\/schema\/logo\/image\/","url":"https:\/\/www.stapellauf-nordost.de\/wp-content\/uploads\/2021\/12\/Stempellogo.png","contentUrl":"https:\/\/www.stapellauf-nordost.de\/wp-content\/uploads\/2021\/12\/Stempellogo.png","width":100,"height":100,"caption":"Stapellauf Nordost"},"image":{"@id":"https:\/\/www.stapellauf-nordost.de\/#\/schema\/logo\/image\/"},"sameAs":["https:\/\/www.facebook.com\/stapellauf.de","https:\/\/www.instagram.com\/stapellaufnordost\/"]}]}},"_links":{"self":[{"href":"https:\/\/www.stapellauf-nordost.de\/en\/wp-json\/wp\/v2\/pages\/30","targetHints":{"allow":["GET"]}}],"collection":[{"href":"https:\/\/www.stapellauf-nordost.de\/en\/wp-json\/wp\/v2\/pages"}],"about":[{"href":"https:\/\/www.stapellauf-nordost.de\/en\/wp-json\/wp\/v2\/types\/page"}],"author":[{"embeddable":true,"href":"https:\/\/www.stapellauf-nordost.de\/en\/wp-json\/wp\/v2\/users\/1"}],"replies":[{"embeddable":true,"href":"https:\/\/www.stapellauf-nordost.de\/en\/wp-json\/wp\/v2\/comments?post=30"}],"version-history":[{"count":28,"href":"https:\/\/www.stapellauf-nordost.de\/en\/wp-json\/wp\/v2\/pages\/30\/revisions"}],"predecessor-version":[{"id":9882,"href":"https:\/\/www.stapellauf-nordost.de\/en\/wp-json\/wp\/v2\/pages\/30\/revisions\/9882"}],"up":[{"embeddable":true,"href":"https:\/\/www.stapellauf-nordost.de\/en\/wp-json\/wp\/v2\/pages\/22"}],"wp:attachment":[{"href":"https:\/\/www.stapellauf-nordost.de\/en\/wp-json\/wp\/v2\/media?parent=30"}],"curies":[{"name":"wp","href":"https:\/\/api.w.org\/{rel}","templated":true}]}}