{"id":2754,"date":"2022-03-22T15:09:41","date_gmt":"2022-03-22T14:09:41","guid":{"rendered":"https:\/\/test.stapellauf-nordost.de\/?page_id=2754"},"modified":"2022-04-24T19:07:18","modified_gmt":"2022-04-24T17:07:18","slug":"ladung-female-founders-nordost","status":"publish","type":"page","link":"https:\/\/www.stapellauf-nordost.de\/en\/ladung-female-founders-nordost\/","title":{"rendered":"5 good reasons Female Founders NORD\u00b0OST\u00b0"},"content":{"rendered":"<p>We offer a four-month programme:<\/p>\n\n\n\n<ul class=\"wp-block-list\"><li><strong>Inspiration:<\/strong> Successful female entrepreneurs and founders pass on their experiences, inspire and motivate.<\/li><li><strong>Mentoring: <\/strong>Our mentors share their start-up knowledge and show perspectives. They ask the right questions and provide the necessary critical feedback for the idea and concept. Typical mistakes in the start-up process are avoided.<\/li><li><strong>Network:<\/strong> Contacts are fundamental for a successful start-up; exchange is essential. With experienced mentors at your side, you are automatically part of a network. In the programme, you will meet other female founders with the same goals - and problems. Ideas are developed further together, challenges are overcome and successes are celebrated.<\/li><li><strong>Empowerment<\/strong>In the community with mentors and female founders, personal development as a female founder is strengthened and important entrepreneurial skills are learnt. This is where the right start-up mindset can be found.<\/li><li><strong>Founding knowledge<\/strong>Agile methods such as Scrum as well as creativity and planning methods help to make your own start-up a success. Workshops and our seminar programme provide an insight into the most important start-up topics.<\/li><\/ul>\n\n\n\n<p><\/p>","protected":false},"excerpt":{"rendered":"<p>In einem viermonatigen Programm bieten wir: Inspiration: Erfolgreiche Unternehmerinnen und Gr\u00fcnderinnen geben ihre Erfahrungen weiter, inspirieren und motivieren. Mentoring: Unsere Mentorinnen teilen ihr Gr\u00fcndungswissen und zeigen Perspektiven auf. Sie stellen die richtigen Fragen und geben das notwendige kritische Feedback f\u00fcr Idee und Konzept. Typische Fehler im Gr\u00fcndungsprozess werden vermieden. Netzwerk: Kontakte sind grundlegend f\u00fcr eine [&hellip;]<\/p>","protected":false},"author":4,"featured_media":0,"parent":0,"menu_order":0,"comment_status":"closed","ping_status":"closed","template":"","meta":{"footnotes":""},"class_list":["post-2754","page","type-page","status-publish","hentry","entry"],"yoast_head":"<!-- This site is optimized with the Yoast SEO plugin v27.4 - https:\/\/yoast.com\/product\/yoast-seo-wordpress\/ -->\n<title>5 Gute Gr\u00fcnde Female Founders NORD\u00b0OST\u00b0 - Stapellauf Nordost<\/title>\n<meta name=\"robots\" content=\"index, follow, max-snippet:-1, max-image-preview:large, max-video-preview:-1\" \/>\n<link rel=\"canonical\" href=\"https:\/\/www.stapellauf-nordost.de\/en\/ladung-female-founders-nordost\/\" \/>\n<meta property=\"og:locale\" content=\"en_GB\" \/>\n<meta property=\"og:type\" content=\"article\" \/>\n<meta property=\"og:title\" content=\"5 Gute Gr\u00fcnde Female Founders NORD\u00b0OST\u00b0 - Stapellauf Nordost\" \/>\n<meta property=\"og:description\" content=\"In einem viermonatigen Programm bieten wir: Inspiration: Erfolgreiche Unternehmerinnen und Gr\u00fcnderinnen geben ihre Erfahrungen weiter, inspirieren und motivieren. Mentoring: Unsere Mentorinnen teilen ihr Gr\u00fcndungswissen und zeigen Perspektiven auf. Sie stellen die richtigen Fragen und geben das notwendige kritische Feedback f\u00fcr Idee und Konzept. Typische Fehler im Gr\u00fcndungsprozess werden vermieden. Netzwerk: Kontakte sind grundlegend f\u00fcr eine [&hellip;]\" \/>\n<meta property=\"og:url\" content=\"https:\/\/www.stapellauf-nordost.de\/en\/ladung-female-founders-nordost\/\" \/>\n<meta property=\"og:site_name\" content=\"Stapellauf Nordost\" \/>\n<meta property=\"article:publisher\" content=\"https:\/\/www.facebook.com\/stapellauf.de\" \/>\n<meta property=\"article:modified_time\" content=\"2022-04-24T17:07:18+00:00\" \/>\n<meta property=\"og:image\" content=\"https:\/\/www.stapellauf-nordost.de\/wp-content\/uploads\/2021\/12\/Stempellogo.png\" \/>\n\t<meta property=\"og:image:width\" content=\"100\" \/>\n\t<meta property=\"og:image:height\" content=\"100\" \/>\n\t<meta property=\"og:image:type\" content=\"image\/png\" \/>\n<meta name=\"twitter:card\" content=\"summary_large_image\" \/>\n<meta name=\"twitter:label1\" content=\"Est. reading time\" \/>\n\t<meta name=\"twitter:data1\" content=\"1 minute\" \/>\n<script type=\"application\/ld+json\" class=\"yoast-schema-graph\">{\"@context\":\"https:\\\/\\\/schema.org\",\"@graph\":[{\"@type\":\"WebPage\",\"@id\":\"https:\\\/\\\/www.stapellauf-nordost.de\\\/ladung-female-founders-nordost\\\/\",\"url\":\"https:\\\/\\\/www.stapellauf-nordost.de\\\/ladung-female-founders-nordost\\\/\",\"name\":\"5 Gute Gr\u00fcnde Female Founders NORD\u00b0OST\u00b0 - Stapellauf Nordost\",\"isPartOf\":{\"@id\":\"https:\\\/\\\/www.stapellauf-nordost.de\\\/#website\"},\"datePublished\":\"2022-03-22T14:09:41+00:00\",\"dateModified\":\"2022-04-24T17:07:18+00:00\",\"breadcrumb\":{\"@id\":\"https:\\\/\\\/www.stapellauf-nordost.de\\\/ladung-female-founders-nordost\\\/#breadcrumb\"},\"inLanguage\":\"en-GB\",\"potentialAction\":[{\"@type\":\"ReadAction\",\"target\":[\"https:\\\/\\\/www.stapellauf-nordost.de\\\/ladung-female-founders-nordost\\\/\"]}]},{\"@type\":\"BreadcrumbList\",\"@id\":\"https:\\\/\\\/www.stapellauf-nordost.de\\\/ladung-female-founders-nordost\\\/#breadcrumb\",\"itemListElement\":[{\"@type\":\"ListItem\",\"position\":1,\"name\":\"Home\",\"item\":\"https:\\\/\\\/www.stapellauf-nordost.de\\\/\"},{\"@type\":\"ListItem\",\"position\":2,\"name\":\"5 Gute Gr\u00fcnde Female Founders NORD\u00b0OST\u00b0\"}]},{\"@type\":\"WebSite\",\"@id\":\"https:\\\/\\\/www.stapellauf-nordost.de\\\/#website\",\"url\":\"https:\\\/\\\/www.stapellauf-nordost.de\\\/\",\"name\":\"Stapellauf Nordost\",\"description\":\"Ausgr\u00fcndungen aus den Hochschulen Inspiration, Qualifikation &amp; F\u00f6rderung.\",\"publisher\":{\"@id\":\"https:\\\/\\\/www.stapellauf-nordost.de\\\/#organization\"},\"potentialAction\":[{\"@type\":\"SearchAction\",\"target\":{\"@type\":\"EntryPoint\",\"urlTemplate\":\"https:\\\/\\\/www.stapellauf-nordost.de\\\/?s={search_term_string}\"},\"query-input\":{\"@type\":\"PropertyValueSpecification\",\"valueRequired\":true,\"valueName\":\"search_term_string\"}}],\"inLanguage\":\"en-GB\"},{\"@type\":\"Organization\",\"@id\":\"https:\\\/\\\/www.stapellauf-nordost.de\\\/#organization\",\"name\":\"Stapellauf Nordost\",\"url\":\"https:\\\/\\\/www.stapellauf-nordost.de\\\/\",\"logo\":{\"@type\":\"ImageObject\",\"inLanguage\":\"en-GB\",\"@id\":\"https:\\\/\\\/www.stapellauf-nordost.de\\\/#\\\/schema\\\/logo\\\/image\\\/\",\"url\":\"https:\\\/\\\/www.stapellauf-nordost.de\\\/wp-content\\\/uploads\\\/2021\\\/12\\\/Stempellogo.png\",\"contentUrl\":\"https:\\\/\\\/www.stapellauf-nordost.de\\\/wp-content\\\/uploads\\\/2021\\\/12\\\/Stempellogo.png\",\"width\":100,\"height\":100,\"caption\":\"Stapellauf Nordost\"},\"image\":{\"@id\":\"https:\\\/\\\/www.stapellauf-nordost.de\\\/#\\\/schema\\\/logo\\\/image\\\/\"},\"sameAs\":[\"https:\\\/\\\/www.facebook.com\\\/stapellauf.de\",\"https:\\\/\\\/www.instagram.com\\\/stapellaufnordost\\\/\"]}]}<\/script>\n<!-- \/ Yoast SEO plugin. -->","yoast_head_json":{"title":"5 Gute Gr\u00fcnde Female Founders NORD\u00b0OST\u00b0 - Stapellauf Nordost","robots":{"index":"index","follow":"follow","max-snippet":"max-snippet:-1","max-image-preview":"max-image-preview:large","max-video-preview":"max-video-preview:-1"},"canonical":"https:\/\/www.stapellauf-nordost.de\/en\/ladung-female-founders-nordost\/","og_locale":"en_GB","og_type":"article","og_title":"5 Gute Gr\u00fcnde Female Founders NORD\u00b0OST\u00b0 - Stapellauf Nordost","og_description":"In einem viermonatigen Programm bieten wir: Inspiration: Erfolgreiche Unternehmerinnen und Gr\u00fcnderinnen geben ihre Erfahrungen weiter, inspirieren und motivieren. Mentoring: Unsere Mentorinnen teilen ihr Gr\u00fcndungswissen und zeigen Perspektiven auf. Sie stellen die richtigen Fragen und geben das notwendige kritische Feedback f\u00fcr Idee und Konzept. Typische Fehler im Gr\u00fcndungsprozess werden vermieden. Netzwerk: Kontakte sind grundlegend f\u00fcr eine [&hellip;]","og_url":"https:\/\/www.stapellauf-nordost.de\/en\/ladung-female-founders-nordost\/","og_site_name":"Stapellauf Nordost","article_publisher":"https:\/\/www.facebook.com\/stapellauf.de","article_modified_time":"2022-04-24T17:07:18+00:00","og_image":[{"width":100,"height":100,"url":"https:\/\/www.stapellauf-nordost.de\/wp-content\/uploads\/2021\/12\/Stempellogo.png","type":"image\/png"}],"twitter_card":"summary_large_image","twitter_misc":{"Est. reading time":"1 minute"},"schema":{"@context":"https:\/\/schema.org","@graph":[{"@type":"WebPage","@id":"https:\/\/www.stapellauf-nordost.de\/ladung-female-founders-nordost\/","url":"https:\/\/www.stapellauf-nordost.de\/ladung-female-founders-nordost\/","name":"5 Gute Gr\u00fcnde Female Founders NORD\u00b0OST\u00b0 - Stapellauf Nordost","isPartOf":{"@id":"https:\/\/www.stapellauf-nordost.de\/#website"},"datePublished":"2022-03-22T14:09:41+00:00","dateModified":"2022-04-24T17:07:18+00:00","breadcrumb":{"@id":"https:\/\/www.stapellauf-nordost.de\/ladung-female-founders-nordost\/#breadcrumb"},"inLanguage":"en-GB","potentialAction":[{"@type":"ReadAction","target":["https:\/\/www.stapellauf-nordost.de\/ladung-female-founders-nordost\/"]}]},{"@type":"BreadcrumbList","@id":"https:\/\/www.stapellauf-nordost.de\/ladung-female-founders-nordost\/#breadcrumb","itemListElement":[{"@type":"ListItem","position":1,"name":"Home","item":"https:\/\/www.stapellauf-nordost.de\/"},{"@type":"ListItem","position":2,"name":"5 Gute Gr\u00fcnde Female Founders NORD\u00b0OST\u00b0"}]},{"@type":"WebSite","@id":"https:\/\/www.stapellauf-nordost.de\/#website","url":"https:\/\/www.stapellauf-nordost.de\/","name":"Launching northeast","description":"Ausgr\u00fcndungen aus den Hochschulen Inspiration, Qualifikation &amp; F\u00f6rderung.","publisher":{"@id":"https:\/\/www.stapellauf-nordost.de\/#organization"},"potentialAction":[{"@type":"SearchAction","target":{"@type":"EntryPoint","urlTemplate":"https:\/\/www.stapellauf-nordost.de\/?s={search_term_string}"},"query-input":{"@type":"PropertyValueSpecification","valueRequired":true,"valueName":"search_term_string"}}],"inLanguage":"en-GB"},{"@type":"Organization","@id":"https:\/\/www.stapellauf-nordost.de\/#organization","name":"Launching northeast","url":"https:\/\/www.stapellauf-nordost.de\/","logo":{"@type":"ImageObject","inLanguage":"en-GB","@id":"https:\/\/www.stapellauf-nordost.de\/#\/schema\/logo\/image\/","url":"https:\/\/www.stapellauf-nordost.de\/wp-content\/uploads\/2021\/12\/Stempellogo.png","contentUrl":"https:\/\/www.stapellauf-nordost.de\/wp-content\/uploads\/2021\/12\/Stempellogo.png","width":100,"height":100,"caption":"Stapellauf Nordost"},"image":{"@id":"https:\/\/www.stapellauf-nordost.de\/#\/schema\/logo\/image\/"},"sameAs":["https:\/\/www.facebook.com\/stapellauf.de","https:\/\/www.instagram.com\/stapellaufnordost\/"]}]}},"_links":{"self":[{"href":"https:\/\/www.stapellauf-nordost.de\/en\/wp-json\/wp\/v2\/pages\/2754","targetHints":{"allow":["GET"]}}],"collection":[{"href":"https:\/\/www.stapellauf-nordost.de\/en\/wp-json\/wp\/v2\/pages"}],"about":[{"href":"https:\/\/www.stapellauf-nordost.de\/en\/wp-json\/wp\/v2\/types\/page"}],"author":[{"embeddable":true,"href":"https:\/\/www.stapellauf-nordost.de\/en\/wp-json\/wp\/v2\/users\/4"}],"replies":[{"embeddable":true,"href":"https:\/\/www.stapellauf-nordost.de\/en\/wp-json\/wp\/v2\/comments?post=2754"}],"version-history":[{"count":5,"href":"https:\/\/www.stapellauf-nordost.de\/en\/wp-json\/wp\/v2\/pages\/2754\/revisions"}],"predecessor-version":[{"id":6728,"href":"https:\/\/www.stapellauf-nordost.de\/en\/wp-json\/wp\/v2\/pages\/2754\/revisions\/6728"}],"wp:attachment":[{"href":"https:\/\/www.stapellauf-nordost.de\/en\/wp-json\/wp\/v2\/media?parent=2754"}],"curies":[{"name":"wp","href":"https:\/\/api.w.org\/{rel}","templated":true}]}}