{"id":2661,"date":"2022-03-18T21:01:09","date_gmt":"2022-03-18T20:01:09","guid":{"rendered":"https:\/\/test.stapellauf-nordost.de\/?page_id=2661"},"modified":"2022-04-22T13:02:47","modified_gmt":"2022-04-22T11:02:47","slug":"erklaerung-zur-barrierefreiheit","status":"publish","type":"page","link":"https:\/\/www.stapellauf-nordost.de\/en\/erklaerung-zur-barrierefreiheit\/","title":{"rendered":"Declaration on accessibility"},"content":{"rendered":"<p>Verbundprojekt Start-up NordOst der Universit\u00e4t Greifswald sowie der Hochschulen Neubrandenburg und Stralsund als hochschul\u00fcbergreifende Gr\u00fcndungsagentur Stapellauf NORD\u00b0OST\u00b0 <br>ist bem\u00fcht, alle Internetseiten nach \u00a7 13 des <a href=\"https:\/\/www.regierung-mv.de\/Landesregierung\/sm\/Soziales\/Behinderungen\/Das-Landesbehindertengleichstellungsgesetz-und-seine-Rechtsverordnungen\/\" target=\"_blank\" rel=\"noreferrer noopener\">Landesbehindertengleichstellungsgesetzes Mecklenburg-Vorpommern (LBGG MV) <\/a>so zu gestalten, dass sie von Menschen mit Einschr\u00e4nkungen und Behinderung grunds\u00e4tzlich uneingeschr\u00e4nkt genutzt werden k\u00f6nnen, so wie es festgehalten ist in der <a href=\"https:\/\/www.regierung-mv.de\/Landesregierung\/sm\/Soziales\/Behinderungen\/Das-Landesbehindertengleichstellungsgesetz-und-seine-Rechtsverordnungen\/Die-Barrierefreie-Informationstechnik%E2%80%93Verordnung-%28BITVO-M%E2%80%93V%29\/\" target=\"_blank\" rel=\"noreferrer noopener\">Barrierefreie Informationstechnik-Verordnung des Landes Mecklenburg-Vorpommern (BITVO MV)<\/a>.<\/p>\n\n\n\n<p>Diese Erkl\u00e4rung zur Barrierefreiheit gilt f\u00fcr alle Internetseiten der Domain www.stapellauf-nordost.de, die auf dem Webserver  von strandsalz mit dem Content Management System WordPress umgesetzt sind.<\/p>\n\n\n\n<h2 class=\"wp-block-heading\">Stand der Vereinbarkeit mit den Anforderungen<\/h2>\n\n\n\n<p>Der Internetauftritt des Verbundprojekts Start-up NordOst der Universit\u00e4t Greifswald sowie der Hochschulen Neubrandenburg und Stralsund als hochschul\u00fcbergreifende Gr\u00fcndungsagentur Stapellauf NORD\u00b0OST\u00b0   stimmt inklusive seiner mobilen Ausspielansichten zum Gro\u00dfteil mit den Anforderungen der \u00a7 13 des LBGG MV \u00fcberein.<\/p>\n\n\n\n<h2 class=\"wp-block-heading\">Nicht barrierefreie Inhalte sind:<\/h2>\n\n\n\n<ul class=\"wp-block-list\"><li><em>Nicht alle Dokumente werden in einer barrierefreien Fassung angeboten.<\/em><\/li><li><em>Nicht alle Bilder, Grafiken, Karten und audiovisuelle Inhalte sind mit Alternativtexte versehen .<\/em><\/li><li><em>\u00dcberschriftenhierarchien werden teilweise nicht eingehalten.<\/em><\/li><li><em>Zu eingebundenen Videos stehen derzeit keine oder unvollst\u00e4ndige Volltext-Alternativen oder Untertitel zur Verf\u00fcgung.<\/em><\/li><li><em>Die Kontraste von Texten und Bedienelementen sind teilweise mangelhaft.<\/em><\/li><li><em>Einige Tabellen sind in-korrekt ausgezeichnet.<\/em><\/li><li><em>Listen bestehen gelegentlich nur aus einen Eintrag oder sind nicht korrekt ausgezeichnet.<\/em><\/li><li><em>Es werden keine Informationen in deutscher Geb\u00e4rdensprache und Leichter Sprache bereitgestellt.<\/em><\/li><\/ul>\n\n\n\n<h2 class=\"wp-block-heading\">Begr\u00fcndung der M\u00e4ngel<\/h2>\n\n\n\n<p>Der Internetauftritt des Verbundprojekts Start-up NordOst der Universit\u00e4t Greifswald sowie der Hochschulen Neubrandenburg und Stralsund als hochschul\u00fcbergreifende Gr\u00fcndungsagentur Stapellauf NORD\u00b0OST\u00b0    <br>ist komplex und au\u00dferordentlich umfangreich. Er wird von \u00fcber mehreren Redakteur*innen erstellt und gepflegt. Redaktionelle Vers\u00e4umnisse im Bereich der Barrierefreiheit k\u00f6nnen damit nicht g\u00e4nzlich vermieden werden. Technische \u00c4nderungen zur Verbesserung der Barrierefreiheit m\u00fcssen mit allen anderen Hochschulen des Landes, die im Multifunktionsportal eingebunden sind abgestimmt und an die jeweiligen technischen Spezifizierungen angepasst werden. Die Bereitstellung der Videos mit Audiotranskription ist aufgrund des Umfang des Videoarchives bislang nur begrenzt realisierbar.<\/p>\n\n\n\n<h2 class=\"wp-block-heading\">Erstellung dieser Erkl\u00e4rung<\/h2>\n\n\n\n<p>Diese Erkl\u00e4rung wurde am 18.03.2022 erstellt.<br>Methodik der Pr\u00fcfung: Selbstbewertung<br>Die Erkl\u00e4rung wurde zuletzt am 18.03.2022 \u00fcberpr\u00fcft.<\/p>\n\n\n\n<h2 class=\"wp-block-heading\">R\u00fcckmeldungen und Kontakt<\/h2>\n\n\n\n<p>Etwaige M\u00e4ngel in Bezug auf die Einhaltung der Barrierefreiheitsanforderungen k\u00f6nnen Sie uns mitteilen. Wenden Sie sich dazu bitte an:<\/p>\n\n\n\n<p>Doreen Mlodzik<br>Zur Schwedenschanze 15, 18435 Stralsund<br>Telefon:&nbsp;+49 3831 45 70 62<br><a href=\"javascript:linkTo_UnCryptMailto(%27kygjrm8%5Cu200b%5Cu200b%5Cu200b%5Cu200b%5Cu200b%5Cu200b%5Cu200bfmafqafsjimkkslgiyrgmlYslg%2Bepcgdquyjb%2Cbc%27);\">info@stapellauf-nordost.de<\/a><\/p>\n\n\n\n<p>Der Webmaster von strandsaltz ist ebenfalls zust\u00e4ndig f\u00fcr die barrierefreie Zug\u00e4nglichkeit des Internetauftritts sowie die Bearbeitung eingehender M\u00e4ngelmeldungen.<br>Studierende mit Beeintr\u00e4chtigung und Behinderungen unterst\u00fctzen die Beauftragen f\u00fcr behinderte Studierende der <a href=\"https:\/\/www.uni-greifswald.de\/universitaet\/organisation\/beauftragte\/behindertenbeauftragte-fuer-studierende\/\" target=\"_blank\" rel=\"noreferrer noopener\">University of Greifswald<\/a>, der Hochschulen <a href=\"https:\/\/www.hs-nb.de\/studium-weiterbildung\/vor-dem-studium\/studieren-und-leben-in-neubrandenburg\/barrierefreies-studieren\/\" target=\"_blank\" rel=\"noreferrer noopener\">Neubrandenburg<\/a> and <a href=\"https:\/\/www.hochschule-stralsund.de\/host\/gremien-und-vertretungen\/interessenvertretungen\/behindertenbeauftragte\/\">Stralsund<\/a>.<br>Die Schwerbehindertenvertretung unterst\u00fctzt die schwerbehinderten Besch\u00e4ftigten und die ihnen Gleichgestellten an der <a href=\"https:\/\/www.uni-greifswald.de\/schwerbehinderte0\/\" target=\"_blank\" rel=\"noreferrer noopener\">University of Greifswald<\/a> , der Hochschulen <a href=\"https:\/\/www.hs-nb.de\/hochschule\/ueber-uns\/interessenvertretungen\/schwerbehindertenvertretung\/\" target=\"_blank\" rel=\"noreferrer noopener\">Neubrandenburg<\/a> and <a href=\"https:\/\/www.hochschule-stralsund.de\/host\/gremien-und-vertretungen\/interessenvertretungen\/schwerbehindertenvertretung\/\" target=\"_blank\" rel=\"noreferrer noopener\">Stralsund<\/a>.<\/p>\n\n\n\n<h2 class=\"wp-block-heading\">Durchsetzungsverfahren<\/h2>\n\n\n\n<p>Im Rahmen eines Durchsetzungsverfahrens k\u00f6nnen Sie die <a href=\"https:\/\/www.regierung-mv.de\/Landesregierung\/sm\/Soziales\/Ueberwachungsstelle\/\" target=\"_blank\" rel=\"noreferrer noopener\">\u00dcberwachungsstelle f\u00fcr digitale Barrierefreiheit des Landes Mecklenburg-Vorpommern<\/a> einschalten.<\/p>","protected":false},"excerpt":{"rendered":"<p>Verbundprojekt Start-up NordOst der Universit\u00e4t Greifswald sowie der Hochschulen Neubrandenburg und Stralsund als hochschul\u00fcbergreifende Gr\u00fcndungsagentur Stapellauf NORD\u00b0OST\u00b0 ist bem\u00fcht, alle Internetseiten nach \u00a7 13 des Landesbehindertengleichstellungsgesetzes Mecklenburg-Vorpommern (LBGG MV) so zu gestalten, dass sie von Menschen mit Einschr\u00e4nkungen und Behinderung grunds\u00e4tzlich uneingeschr\u00e4nkt genutzt werden k\u00f6nnen, so wie es festgehalten ist in der Barrierefreie Informationstechnik-Verordnung des [&hellip;]<\/p>","protected":false},"author":4,"featured_media":0,"parent":0,"menu_order":0,"comment_status":"closed","ping_status":"closed","template":"","meta":{"footnotes":""},"class_list":["post-2661","page","type-page","status-publish","hentry","entry"],"yoast_head":"<!-- This site is optimized with the Yoast SEO plugin v27.4 - https:\/\/yoast.com\/product\/yoast-seo-wordpress\/ -->\n<title>Erkl\u00e4rung zur Barrierefreiheit - Stapellauf Nordost<\/title>\n<meta name=\"robots\" content=\"index, follow, max-snippet:-1, max-image-preview:large, max-video-preview:-1\" \/>\n<link rel=\"canonical\" href=\"https:\/\/www.stapellauf-nordost.de\/en\/erklaerung-zur-barrierefreiheit\/\" \/>\n<meta property=\"og:locale\" content=\"en_GB\" \/>\n<meta property=\"og:type\" content=\"article\" \/>\n<meta property=\"og:title\" content=\"Erkl\u00e4rung zur Barrierefreiheit - Stapellauf Nordost\" \/>\n<meta property=\"og:description\" content=\"Verbundprojekt Start-up NordOst der Universit\u00e4t Greifswald sowie der Hochschulen Neubrandenburg und Stralsund als hochschul\u00fcbergreifende Gr\u00fcndungsagentur Stapellauf NORD\u00b0OST\u00b0 ist bem\u00fcht, alle Internetseiten nach \u00a7 13 des Landesbehindertengleichstellungsgesetzes Mecklenburg-Vorpommern (LBGG MV) so zu gestalten, dass sie von Menschen mit Einschr\u00e4nkungen und Behinderung grunds\u00e4tzlich uneingeschr\u00e4nkt genutzt werden k\u00f6nnen, so wie es festgehalten ist in der Barrierefreie Informationstechnik-Verordnung des [&hellip;]\" \/>\n<meta property=\"og:url\" content=\"https:\/\/www.stapellauf-nordost.de\/en\/erklaerung-zur-barrierefreiheit\/\" \/>\n<meta property=\"og:site_name\" content=\"Stapellauf Nordost\" \/>\n<meta property=\"article:publisher\" content=\"https:\/\/www.facebook.com\/stapellauf.de\" \/>\n<meta property=\"article:modified_time\" content=\"2022-04-22T11:02:47+00:00\" \/>\n<meta property=\"og:image\" content=\"https:\/\/www.stapellauf-nordost.de\/wp-content\/uploads\/2021\/12\/Stempellogo.png\" \/>\n\t<meta property=\"og:image:width\" content=\"100\" \/>\n\t<meta property=\"og:image:height\" content=\"100\" \/>\n\t<meta property=\"og:image:type\" content=\"image\/png\" \/>\n<meta name=\"twitter:card\" content=\"summary_large_image\" \/>\n<meta name=\"twitter:label1\" content=\"Est. reading time\" \/>\n\t<meta name=\"twitter:data1\" content=\"3 minutes\" \/>\n<script type=\"application\/ld+json\" class=\"yoast-schema-graph\">{\"@context\":\"https:\\\/\\\/schema.org\",\"@graph\":[{\"@type\":\"WebPage\",\"@id\":\"https:\\\/\\\/www.stapellauf-nordost.de\\\/erklaerung-zur-barrierefreiheit\\\/\",\"url\":\"https:\\\/\\\/www.stapellauf-nordost.de\\\/erklaerung-zur-barrierefreiheit\\\/\",\"name\":\"Erkl\u00e4rung zur Barrierefreiheit - Stapellauf Nordost\",\"isPartOf\":{\"@id\":\"https:\\\/\\\/www.stapellauf-nordost.de\\\/#website\"},\"datePublished\":\"2022-03-18T20:01:09+00:00\",\"dateModified\":\"2022-04-22T11:02:47+00:00\",\"breadcrumb\":{\"@id\":\"https:\\\/\\\/www.stapellauf-nordost.de\\\/erklaerung-zur-barrierefreiheit\\\/#breadcrumb\"},\"inLanguage\":\"en-GB\",\"potentialAction\":[{\"@type\":\"ReadAction\",\"target\":[\"https:\\\/\\\/www.stapellauf-nordost.de\\\/erklaerung-zur-barrierefreiheit\\\/\"]}]},{\"@type\":\"BreadcrumbList\",\"@id\":\"https:\\\/\\\/www.stapellauf-nordost.de\\\/erklaerung-zur-barrierefreiheit\\\/#breadcrumb\",\"itemListElement\":[{\"@type\":\"ListItem\",\"position\":1,\"name\":\"Home\",\"item\":\"https:\\\/\\\/www.stapellauf-nordost.de\\\/\"},{\"@type\":\"ListItem\",\"position\":2,\"name\":\"Erkl\u00e4rung zur Barrierefreiheit\"}]},{\"@type\":\"WebSite\",\"@id\":\"https:\\\/\\\/www.stapellauf-nordost.de\\\/#website\",\"url\":\"https:\\\/\\\/www.stapellauf-nordost.de\\\/\",\"name\":\"Stapellauf Nordost\",\"description\":\"Ausgr\u00fcndungen aus den Hochschulen Inspiration, Qualifikation &amp; F\u00f6rderung.\",\"publisher\":{\"@id\":\"https:\\\/\\\/www.stapellauf-nordost.de\\\/#organization\"},\"potentialAction\":[{\"@type\":\"SearchAction\",\"target\":{\"@type\":\"EntryPoint\",\"urlTemplate\":\"https:\\\/\\\/www.stapellauf-nordost.de\\\/?s={search_term_string}\"},\"query-input\":{\"@type\":\"PropertyValueSpecification\",\"valueRequired\":true,\"valueName\":\"search_term_string\"}}],\"inLanguage\":\"en-GB\"},{\"@type\":\"Organization\",\"@id\":\"https:\\\/\\\/www.stapellauf-nordost.de\\\/#organization\",\"name\":\"Stapellauf Nordost\",\"url\":\"https:\\\/\\\/www.stapellauf-nordost.de\\\/\",\"logo\":{\"@type\":\"ImageObject\",\"inLanguage\":\"en-GB\",\"@id\":\"https:\\\/\\\/www.stapellauf-nordost.de\\\/#\\\/schema\\\/logo\\\/image\\\/\",\"url\":\"https:\\\/\\\/www.stapellauf-nordost.de\\\/wp-content\\\/uploads\\\/2021\\\/12\\\/Stempellogo.png\",\"contentUrl\":\"https:\\\/\\\/www.stapellauf-nordost.de\\\/wp-content\\\/uploads\\\/2021\\\/12\\\/Stempellogo.png\",\"width\":100,\"height\":100,\"caption\":\"Stapellauf Nordost\"},\"image\":{\"@id\":\"https:\\\/\\\/www.stapellauf-nordost.de\\\/#\\\/schema\\\/logo\\\/image\\\/\"},\"sameAs\":[\"https:\\\/\\\/www.facebook.com\\\/stapellauf.de\",\"https:\\\/\\\/www.instagram.com\\\/stapellaufnordost\\\/\"]}]}<\/script>\n<!-- \/ Yoast SEO plugin. -->","yoast_head_json":{"title":"Erkl\u00e4rung zur Barrierefreiheit - Stapellauf Nordost","robots":{"index":"index","follow":"follow","max-snippet":"max-snippet:-1","max-image-preview":"max-image-preview:large","max-video-preview":"max-video-preview:-1"},"canonical":"https:\/\/www.stapellauf-nordost.de\/en\/erklaerung-zur-barrierefreiheit\/","og_locale":"en_GB","og_type":"article","og_title":"Erkl\u00e4rung zur Barrierefreiheit - Stapellauf Nordost","og_description":"Verbundprojekt Start-up NordOst der Universit\u00e4t Greifswald sowie der Hochschulen Neubrandenburg und Stralsund als hochschul\u00fcbergreifende Gr\u00fcndungsagentur Stapellauf NORD\u00b0OST\u00b0 ist bem\u00fcht, alle Internetseiten nach \u00a7 13 des Landesbehindertengleichstellungsgesetzes Mecklenburg-Vorpommern (LBGG MV) so zu gestalten, dass sie von Menschen mit Einschr\u00e4nkungen und Behinderung grunds\u00e4tzlich uneingeschr\u00e4nkt genutzt werden k\u00f6nnen, so wie es festgehalten ist in der Barrierefreie Informationstechnik-Verordnung des [&hellip;]","og_url":"https:\/\/www.stapellauf-nordost.de\/en\/erklaerung-zur-barrierefreiheit\/","og_site_name":"Stapellauf Nordost","article_publisher":"https:\/\/www.facebook.com\/stapellauf.de","article_modified_time":"2022-04-22T11:02:47+00:00","og_image":[{"width":100,"height":100,"url":"https:\/\/www.stapellauf-nordost.de\/wp-content\/uploads\/2021\/12\/Stempellogo.png","type":"image\/png"}],"twitter_card":"summary_large_image","twitter_misc":{"Est. reading time":"3 minutes"},"schema":{"@context":"https:\/\/schema.org","@graph":[{"@type":"WebPage","@id":"https:\/\/www.stapellauf-nordost.de\/erklaerung-zur-barrierefreiheit\/","url":"https:\/\/www.stapellauf-nordost.de\/erklaerung-zur-barrierefreiheit\/","name":"Erkl\u00e4rung zur Barrierefreiheit - Stapellauf Nordost","isPartOf":{"@id":"https:\/\/www.stapellauf-nordost.de\/#website"},"datePublished":"2022-03-18T20:01:09+00:00","dateModified":"2022-04-22T11:02:47+00:00","breadcrumb":{"@id":"https:\/\/www.stapellauf-nordost.de\/erklaerung-zur-barrierefreiheit\/#breadcrumb"},"inLanguage":"en-GB","potentialAction":[{"@type":"ReadAction","target":["https:\/\/www.stapellauf-nordost.de\/erklaerung-zur-barrierefreiheit\/"]}]},{"@type":"BreadcrumbList","@id":"https:\/\/www.stapellauf-nordost.de\/erklaerung-zur-barrierefreiheit\/#breadcrumb","itemListElement":[{"@type":"ListItem","position":1,"name":"Home","item":"https:\/\/www.stapellauf-nordost.de\/"},{"@type":"ListItem","position":2,"name":"Erkl\u00e4rung zur Barrierefreiheit"}]},{"@type":"WebSite","@id":"https:\/\/www.stapellauf-nordost.de\/#website","url":"https:\/\/www.stapellauf-nordost.de\/","name":"Launching northeast","description":"Ausgr\u00fcndungen aus den Hochschulen Inspiration, Qualifikation &amp; F\u00f6rderung.","publisher":{"@id":"https:\/\/www.stapellauf-nordost.de\/#organization"},"potentialAction":[{"@type":"SearchAction","target":{"@type":"EntryPoint","urlTemplate":"https:\/\/www.stapellauf-nordost.de\/?s={search_term_string}"},"query-input":{"@type":"PropertyValueSpecification","valueRequired":true,"valueName":"search_term_string"}}],"inLanguage":"en-GB"},{"@type":"Organization","@id":"https:\/\/www.stapellauf-nordost.de\/#organization","name":"Launching northeast","url":"https:\/\/www.stapellauf-nordost.de\/","logo":{"@type":"ImageObject","inLanguage":"en-GB","@id":"https:\/\/www.stapellauf-nordost.de\/#\/schema\/logo\/image\/","url":"https:\/\/www.stapellauf-nordost.de\/wp-content\/uploads\/2021\/12\/Stempellogo.png","contentUrl":"https:\/\/www.stapellauf-nordost.de\/wp-content\/uploads\/2021\/12\/Stempellogo.png","width":100,"height":100,"caption":"Stapellauf Nordost"},"image":{"@id":"https:\/\/www.stapellauf-nordost.de\/#\/schema\/logo\/image\/"},"sameAs":["https:\/\/www.facebook.com\/stapellauf.de","https:\/\/www.instagram.com\/stapellaufnordost\/"]}]}},"_links":{"self":[{"href":"https:\/\/www.stapellauf-nordost.de\/en\/wp-json\/wp\/v2\/pages\/2661","targetHints":{"allow":["GET"]}}],"collection":[{"href":"https:\/\/www.stapellauf-nordost.de\/en\/wp-json\/wp\/v2\/pages"}],"about":[{"href":"https:\/\/www.stapellauf-nordost.de\/en\/wp-json\/wp\/v2\/types\/page"}],"author":[{"embeddable":true,"href":"https:\/\/www.stapellauf-nordost.de\/en\/wp-json\/wp\/v2\/users\/4"}],"replies":[{"embeddable":true,"href":"https:\/\/www.stapellauf-nordost.de\/en\/wp-json\/wp\/v2\/comments?post=2661"}],"version-history":[{"count":14,"href":"https:\/\/www.stapellauf-nordost.de\/en\/wp-json\/wp\/v2\/pages\/2661\/revisions"}],"predecessor-version":[{"id":6650,"href":"https:\/\/www.stapellauf-nordost.de\/en\/wp-json\/wp\/v2\/pages\/2661\/revisions\/6650"}],"wp:attachment":[{"href":"https:\/\/www.stapellauf-nordost.de\/en\/wp-json\/wp\/v2\/media?parent=2661"}],"curies":[{"name":"wp","href":"https:\/\/api.w.org\/{rel}","templated":true}]}}