{"id":22,"date":"2021-11-03T15:58:03","date_gmt":"2021-11-03T14:58:03","guid":{"rendered":"http:\/\/test.stapellauf-nordost.de\/?page_id=22"},"modified":"2023-09-14T21:09:38","modified_gmt":"2023-09-14T19:09:38","slug":"leistungen-service","status":"publish","type":"page","link":"https:\/\/www.stapellauf-nordost.de\/en\/leistungen-service\/","title":{"rendered":"Service"},"content":{"rendered":"<p>We promote and support start-ups from the universities with the following services:<\/p>\n\n\n\n<div class=\"wp-block-group alignfull box-padding teaser background--swirls background--light-grey\"><div class=\"wp-block-group__inner-container is-layout-flow wp-block-group-is-layout-flow\">\n<div class=\"wp-block-columns alignwide is-layout-flex wp-container-core-columns-is-layout-9d6595d7 wp-block-columns-is-layout-flex\">\n<div class=\"wp-block-column is-layout-flow wp-block-column-is-layout-flow\">\n<h2 class=\"wp-block-heading font-color-aqua\" id=\"beratung\">Counselling<\/h2>\n\n\n\n<p>Many minds build the ship! Individual counselling is therefore a core element of our service. In the cross-university network, we pool our expertise and find the right experts for every topic.<\/p>\n\n\n\n<ul class=\"wp-block-list\">\n<li>Idea check: \"I have an idea ...\". But is it suitable for a business model? We can find out together.<\/li>\n\n\n\n<li>Idea and business model development: The idea is good, but how can it be turned into money? We can help. Together we can turn an idea into a functioning business model.<\/li>\n\n\n\n<li>Business plan check: Congratulations, your business plan is ready! Are the figures correct? Is the business concept viable? We'll check it out.<\/li>\n<\/ul>\n\n\n\n<p><a href=\"https:\/\/www.stapellauf-nordost.de\/index.php\/gruendungsagentur\/\">Make an appointment<\/a><\/p>\n<\/div>\n<\/div>\n<\/div><\/div>\n\n\n\n<div class=\"wp-block-group\"><div class=\"wp-block-group__inner-container is-layout-flow wp-block-group-is-layout-flow\">\n<h2 class=\"wp-block-heading\" id=\"fordermoglichkeiten-finanzierungsprogramm\">Funding opportunities &amp; financing programme<\/h2>\n\n\n\n<p>We offer various support programmes for people interested in setting up a business and founders. Depending on which phase the teams are in, we provide support through our programmes.<\/p>\n\n\n\n<ul class=\"wp-block-list\">\n<li><a href=\"https:\/\/www.stapellauf-nordost.de\/en\/ladung-female-founders-nordost\/\">Female Founders NORD\u00b0OST\u00b0<\/a><\/li>\n\n\n\n<li><a href=\"https:\/\/www.stapellauf-nordost.de\/en\/leistungen-service\/exist-stipendien\/\">EXIST scholarships<\/a><\/li>\n<\/ul>\n\n\n\n<p> <a href=\"https:\/\/www.stapellauf-nordost.de\/index.php\/gruendungsagentur\/\">Make an appointment<\/a> <\/p>\n<\/div><\/div>\n\n\n\n<div class=\"wp-block-group alignfull box-padding teaser background--swirls background--light-grey\"><div class=\"wp-block-group__inner-container is-layout-flow wp-block-group-is-layout-flow\">\n<div class=\"wp-block-columns alignwide is-layout-flex wp-container-core-columns-is-layout-9d6595d7 wp-block-columns-is-layout-flex\">\n<div class=\"wp-block-column is-layout-flow wp-block-column-is-layout-flow\">\n<h2 class=\"wp-block-heading font-color-aqua margin\" id=\"coaching-qualifizierung\">Coaching &amp; Qualification<\/h2>\n\n\n\n<p>Success is not a matter of luck! The basis is always the acquisition of specific knowledge, skills and the training of abilities. We offer a broad programme of qualifications, training and coaching on all start-up-related topics.<\/p>\n\n\n\n<ul class=\"wp-block-list\">\n<li>Pitch training: \"Time is money\", of course! Investors have a lot of money, but little time! So the aim here is to describe my project\/company in a structured and clear way in as little time as possible. The goal is 30 seconds! A challenge? Of course. But solvable with our training.<\/li>\n\n\n\n<li>Leadership coaching: Competent, eloquent and always with an eye for the big picture - they exist, the born bosses. If you weren't born with these qualities, you don't have to give up on being a founder. Leadership can be learnt. For example, with our seminar programme.<\/li>\n\n\n\n<li><a href=\"https:\/\/www.stapellauf-nordost.de\/wp-admin\/post.php?post=34&amp;action=edit\">Business plan seminar<\/a><em> <\/em>and <a href=\"https:\/\/www.stapellauf-nordost.de\/wp-admin\/post.php?post=41&amp;action=edit\">Business plan competition<\/a><\/li>\n\n\n\n<li><a href=\"https:\/\/www.stapellauf-nordost.de\/index.php\/leistungen-service\/ringvorlesung\/\">Lecture series<\/a><\/li>\n\n\n\n<li><a href=\"https:\/\/www.stapellauf-nordost.de\/wp-admin\/post.php?post=39&amp;action=edit\">Business simulation<\/a> <\/li>\n\n\n\n<li><a href=\"https:\/\/www.stapellauf-nordost.de\/en\/wissen\/\">Knowledge platform<\/a><\/li>\n<\/ul>\n\n\n\n<p> <a href=\"https:\/\/www.stapellauf-nordost.de\/index.php\/gruendungsagentur\/\">Make an appointment<\/a> <\/p>\n<\/div>\n<\/div>\n<\/div><\/div>\n\n\n\n<div class=\"wp-block-group\"><div class=\"wp-block-group__inner-container is-layout-flow wp-block-group-is-layout-flow\">\n<h2 class=\"wp-block-heading\" id=\"vernetzung\">Networking<\/h2>\n\n\n\n<p>\"Who knows something like that?\" Well, our competent advisors! Founding a company is a very complex process with many facets. Our team and our external partners know the right answers to all questions.<\/p>\n\n\n\n<ul class=\"wp-block-list\">\n<li><a href=\"https:\/\/www.stapellauf-nordost.de\/index.php\/kompass\/\">Compass<\/a> NORD\u00b0OST\u00b0 start-up ecosystem<\/li>\n<\/ul>\n<\/div><\/div>\n\n\n\n<p><a href=\"https:\/\/www.stapellauf-nordost.de\/index.php\/gruendungsagentur\/\">Make an appointment<\/a> <\/p>","protected":false},"excerpt":{"rendered":"<p>Wir f\u00f6rdern und unterst\u00fctzen Existenzgr\u00fcnder*innen aus den Hochschulen heraus mit folgenden Leistungen: Beratung Viele K\u00f6pfe bauen das Schiff! Individuelle Beratung ist deshalb ein Kernelement unseres Services. Im hochschul\u00fcbergreifenden Verbund b\u00fcndeln wir dazu unsere Kompetenzen und finden zu jedem Thema die passenden Experten*innen. Termin vereinbaren F\u00f6rderm\u00f6glichkeiten &amp; Finanzierungsprogramm Wir bieten unterschiedliche Unterst\u00fctzungsangebote f\u00fcr Gr\u00fcndungsinteressierte und Gr\u00fcnder*innen. [&hellip;]<\/p>","protected":false},"author":1,"featured_media":0,"parent":0,"menu_order":0,"comment_status":"closed","ping_status":"closed","template":"","meta":{"footnotes":""},"class_list":["post-22","page","type-page","status-publish","hentry","entry"],"yoast_head":"<!-- This site is optimized with the Yoast SEO plugin v27.4 - https:\/\/yoast.com\/product\/yoast-seo-wordpress\/ -->\n<title>Service - Stapellauf Nordost<\/title>\n<meta name=\"robots\" content=\"index, follow, max-snippet:-1, max-image-preview:large, max-video-preview:-1\" \/>\n<link rel=\"canonical\" href=\"https:\/\/www.stapellauf-nordost.de\/en\/leistungen-service\/\" \/>\n<meta property=\"og:locale\" content=\"en_GB\" \/>\n<meta property=\"og:type\" content=\"article\" \/>\n<meta property=\"og:title\" content=\"Service - Stapellauf Nordost\" \/>\n<meta property=\"og:description\" content=\"Wir f\u00f6rdern und unterst\u00fctzen Existenzgr\u00fcnder*innen aus den Hochschulen heraus mit folgenden Leistungen: Beratung Viele K\u00f6pfe bauen das Schiff! Individuelle Beratung ist deshalb ein Kernelement unseres Services. Im hochschul\u00fcbergreifenden Verbund b\u00fcndeln wir dazu unsere Kompetenzen und finden zu jedem Thema die passenden Experten*innen. Termin vereinbaren F\u00f6rderm\u00f6glichkeiten &amp; Finanzierungsprogramm Wir bieten unterschiedliche Unterst\u00fctzungsangebote f\u00fcr Gr\u00fcndungsinteressierte und Gr\u00fcnder*innen. [&hellip;]\" \/>\n<meta property=\"og:url\" content=\"https:\/\/www.stapellauf-nordost.de\/en\/leistungen-service\/\" \/>\n<meta property=\"og:site_name\" content=\"Stapellauf Nordost\" \/>\n<meta property=\"article:publisher\" content=\"https:\/\/www.facebook.com\/stapellauf.de\" \/>\n<meta property=\"article:modified_time\" content=\"2023-09-14T19:09:38+00:00\" \/>\n<meta property=\"og:image\" content=\"https:\/\/www.stapellauf-nordost.de\/wp-content\/uploads\/2021\/12\/Stempellogo.png\" \/>\n\t<meta property=\"og:image:width\" content=\"100\" \/>\n\t<meta property=\"og:image:height\" content=\"100\" \/>\n\t<meta property=\"og:image:type\" content=\"image\/png\" \/>\n<meta name=\"twitter:card\" content=\"summary_large_image\" \/>\n<meta name=\"twitter:label1\" content=\"Est. reading time\" \/>\n\t<meta name=\"twitter:data1\" content=\"2 minutes\" \/>\n<script type=\"application\/ld+json\" class=\"yoast-schema-graph\">{\"@context\":\"https:\\\/\\\/schema.org\",\"@graph\":[{\"@type\":\"WebPage\",\"@id\":\"https:\\\/\\\/www.stapellauf-nordost.de\\\/leistungen-service\\\/\",\"url\":\"https:\\\/\\\/www.stapellauf-nordost.de\\\/leistungen-service\\\/\",\"name\":\"Service - Stapellauf Nordost\",\"isPartOf\":{\"@id\":\"https:\\\/\\\/www.stapellauf-nordost.de\\\/#website\"},\"datePublished\":\"2021-11-03T14:58:03+00:00\",\"dateModified\":\"2023-09-14T19:09:38+00:00\",\"breadcrumb\":{\"@id\":\"https:\\\/\\\/www.stapellauf-nordost.de\\\/leistungen-service\\\/#breadcrumb\"},\"inLanguage\":\"en-GB\",\"potentialAction\":[{\"@type\":\"ReadAction\",\"target\":[\"https:\\\/\\\/www.stapellauf-nordost.de\\\/leistungen-service\\\/\"]}]},{\"@type\":\"BreadcrumbList\",\"@id\":\"https:\\\/\\\/www.stapellauf-nordost.de\\\/leistungen-service\\\/#breadcrumb\",\"itemListElement\":[{\"@type\":\"ListItem\",\"position\":1,\"name\":\"Home\",\"item\":\"https:\\\/\\\/www.stapellauf-nordost.de\\\/\"},{\"@type\":\"ListItem\",\"position\":2,\"name\":\"Service\"}]},{\"@type\":\"WebSite\",\"@id\":\"https:\\\/\\\/www.stapellauf-nordost.de\\\/#website\",\"url\":\"https:\\\/\\\/www.stapellauf-nordost.de\\\/\",\"name\":\"Stapellauf Nordost\",\"description\":\"Ausgr\u00fcndungen aus den Hochschulen Inspiration, Qualifikation &amp; F\u00f6rderung.\",\"publisher\":{\"@id\":\"https:\\\/\\\/www.stapellauf-nordost.de\\\/#organization\"},\"potentialAction\":[{\"@type\":\"SearchAction\",\"target\":{\"@type\":\"EntryPoint\",\"urlTemplate\":\"https:\\\/\\\/www.stapellauf-nordost.de\\\/?s={search_term_string}\"},\"query-input\":{\"@type\":\"PropertyValueSpecification\",\"valueRequired\":true,\"valueName\":\"search_term_string\"}}],\"inLanguage\":\"en-GB\"},{\"@type\":\"Organization\",\"@id\":\"https:\\\/\\\/www.stapellauf-nordost.de\\\/#organization\",\"name\":\"Stapellauf Nordost\",\"url\":\"https:\\\/\\\/www.stapellauf-nordost.de\\\/\",\"logo\":{\"@type\":\"ImageObject\",\"inLanguage\":\"en-GB\",\"@id\":\"https:\\\/\\\/www.stapellauf-nordost.de\\\/#\\\/schema\\\/logo\\\/image\\\/\",\"url\":\"https:\\\/\\\/www.stapellauf-nordost.de\\\/wp-content\\\/uploads\\\/2021\\\/12\\\/Stempellogo.png\",\"contentUrl\":\"https:\\\/\\\/www.stapellauf-nordost.de\\\/wp-content\\\/uploads\\\/2021\\\/12\\\/Stempellogo.png\",\"width\":100,\"height\":100,\"caption\":\"Stapellauf Nordost\"},\"image\":{\"@id\":\"https:\\\/\\\/www.stapellauf-nordost.de\\\/#\\\/schema\\\/logo\\\/image\\\/\"},\"sameAs\":[\"https:\\\/\\\/www.facebook.com\\\/stapellauf.de\",\"https:\\\/\\\/www.instagram.com\\\/stapellaufnordost\\\/\"]}]}<\/script>\n<!-- \/ Yoast SEO plugin. -->","yoast_head_json":{"title":"Service - Stapellauf Nordost","robots":{"index":"index","follow":"follow","max-snippet":"max-snippet:-1","max-image-preview":"max-image-preview:large","max-video-preview":"max-video-preview:-1"},"canonical":"https:\/\/www.stapellauf-nordost.de\/en\/leistungen-service\/","og_locale":"en_GB","og_type":"article","og_title":"Service - Stapellauf Nordost","og_description":"Wir f\u00f6rdern und unterst\u00fctzen Existenzgr\u00fcnder*innen aus den Hochschulen heraus mit folgenden Leistungen: Beratung Viele K\u00f6pfe bauen das Schiff! Individuelle Beratung ist deshalb ein Kernelement unseres Services. Im hochschul\u00fcbergreifenden Verbund b\u00fcndeln wir dazu unsere Kompetenzen und finden zu jedem Thema die passenden Experten*innen. Termin vereinbaren F\u00f6rderm\u00f6glichkeiten &amp; Finanzierungsprogramm Wir bieten unterschiedliche Unterst\u00fctzungsangebote f\u00fcr Gr\u00fcndungsinteressierte und Gr\u00fcnder*innen. [&hellip;]","og_url":"https:\/\/www.stapellauf-nordost.de\/en\/leistungen-service\/","og_site_name":"Stapellauf Nordost","article_publisher":"https:\/\/www.facebook.com\/stapellauf.de","article_modified_time":"2023-09-14T19:09:38+00:00","og_image":[{"width":100,"height":100,"url":"https:\/\/www.stapellauf-nordost.de\/wp-content\/uploads\/2021\/12\/Stempellogo.png","type":"image\/png"}],"twitter_card":"summary_large_image","twitter_misc":{"Est. reading time":"2 minutes"},"schema":{"@context":"https:\/\/schema.org","@graph":[{"@type":"WebPage","@id":"https:\/\/www.stapellauf-nordost.de\/leistungen-service\/","url":"https:\/\/www.stapellauf-nordost.de\/leistungen-service\/","name":"Service - Stapellauf Nordost","isPartOf":{"@id":"https:\/\/www.stapellauf-nordost.de\/#website"},"datePublished":"2021-11-03T14:58:03+00:00","dateModified":"2023-09-14T19:09:38+00:00","breadcrumb":{"@id":"https:\/\/www.stapellauf-nordost.de\/leistungen-service\/#breadcrumb"},"inLanguage":"en-GB","potentialAction":[{"@type":"ReadAction","target":["https:\/\/www.stapellauf-nordost.de\/leistungen-service\/"]}]},{"@type":"BreadcrumbList","@id":"https:\/\/www.stapellauf-nordost.de\/leistungen-service\/#breadcrumb","itemListElement":[{"@type":"ListItem","position":1,"name":"Home","item":"https:\/\/www.stapellauf-nordost.de\/"},{"@type":"ListItem","position":2,"name":"Service"}]},{"@type":"WebSite","@id":"https:\/\/www.stapellauf-nordost.de\/#website","url":"https:\/\/www.stapellauf-nordost.de\/","name":"Launching northeast","description":"Ausgr\u00fcndungen aus den Hochschulen Inspiration, Qualifikation &amp; F\u00f6rderung.","publisher":{"@id":"https:\/\/www.stapellauf-nordost.de\/#organization"},"potentialAction":[{"@type":"SearchAction","target":{"@type":"EntryPoint","urlTemplate":"https:\/\/www.stapellauf-nordost.de\/?s={search_term_string}"},"query-input":{"@type":"PropertyValueSpecification","valueRequired":true,"valueName":"search_term_string"}}],"inLanguage":"en-GB"},{"@type":"Organization","@id":"https:\/\/www.stapellauf-nordost.de\/#organization","name":"Launching northeast","url":"https:\/\/www.stapellauf-nordost.de\/","logo":{"@type":"ImageObject","inLanguage":"en-GB","@id":"https:\/\/www.stapellauf-nordost.de\/#\/schema\/logo\/image\/","url":"https:\/\/www.stapellauf-nordost.de\/wp-content\/uploads\/2021\/12\/Stempellogo.png","contentUrl":"https:\/\/www.stapellauf-nordost.de\/wp-content\/uploads\/2021\/12\/Stempellogo.png","width":100,"height":100,"caption":"Stapellauf Nordost"},"image":{"@id":"https:\/\/www.stapellauf-nordost.de\/#\/schema\/logo\/image\/"},"sameAs":["https:\/\/www.facebook.com\/stapellauf.de","https:\/\/www.instagram.com\/stapellaufnordost\/"]}]}},"_links":{"self":[{"href":"https:\/\/www.stapellauf-nordost.de\/en\/wp-json\/wp\/v2\/pages\/22","targetHints":{"allow":["GET"]}}],"collection":[{"href":"https:\/\/www.stapellauf-nordost.de\/en\/wp-json\/wp\/v2\/pages"}],"about":[{"href":"https:\/\/www.stapellauf-nordost.de\/en\/wp-json\/wp\/v2\/types\/page"}],"author":[{"embeddable":true,"href":"https:\/\/www.stapellauf-nordost.de\/en\/wp-json\/wp\/v2\/users\/1"}],"replies":[{"embeddable":true,"href":"https:\/\/www.stapellauf-nordost.de\/en\/wp-json\/wp\/v2\/comments?post=22"}],"version-history":[{"count":67,"href":"https:\/\/www.stapellauf-nordost.de\/en\/wp-json\/wp\/v2\/pages\/22\/revisions"}],"predecessor-version":[{"id":8274,"href":"https:\/\/www.stapellauf-nordost.de\/en\/wp-json\/wp\/v2\/pages\/22\/revisions\/8274"}],"wp:attachment":[{"href":"https:\/\/www.stapellauf-nordost.de\/en\/wp-json\/wp\/v2\/media?parent=22"}],"curies":[{"name":"wp","href":"https:\/\/api.w.org\/{rel}","templated":true}]}}