{"id":1342,"date":"2022-01-31T11:14:56","date_gmt":"2022-01-31T10:14:56","guid":{"rendered":"https:\/\/test.stapellauf-nordost.de\/?page_id=1342"},"modified":"2024-01-24T15:26:53","modified_gmt":"2024-01-24T14:26:53","slug":"impressum","status":"publish","type":"page","link":"https:\/\/www.stapellauf-nordost.de\/en\/impressum\/","title":{"rendered":"Imprint"},"content":{"rendered":"<h2 class=\"wp-block-heading\" id=\"angaben-gemass-5-tmg\"><strong><strong>Information according to \u00a7 5 TMG<\/strong><\/strong><\/h2>\n\n\n\n<p>Start-up NordOst joint project of the University of Greifswald and the universities of Neubrandenburg and Stralsund as a cross-university start-up agency<br>Launching NORD\u00b0OST\u00b0:<br><br>Network coordination and sub-project curricular anchoring: University of Greifswald<br>Marketing sub-project: Neubrandenburg University of Applied Sciences<br>Digital Services sub-project: Stralsund University of Applied Sciences<\/p>\n\n\n\n<p>To the Schwedenschanze 15<br>18435 Stralsund<\/p>\n\n\n\n<p><strong>Represented by:<\/strong><br>the Rector Prof Dr Ralph Sonntag<\/p>\n\n\n\n<h2 class=\"wp-block-heading\" id=\"kontakt\"><strong>Contact us<\/strong><\/h2>\n\n\n\n<p>Phone: +49 3831 45 70 62<br>E-mail: info@stapellauf-nordost.de<br>Sales tax ID number: DE 234311498<\/p>\n\n\n\n<h2 class=\"wp-block-heading\" id=\"aufsichtsbehorde\"><strong>Supervisory authority<\/strong><\/h2>\n\n\n\n<p>Stralsund University of Applied Sciences is a public corporation with legal capacity under the supervision of the Ministry of Science, Culture, Federal and European Affairs of Mecklenburg-Vorpommern<br><br><strong>Supervisory authority<\/strong><br>Ministry of Science, Culture, Federal and European Affairs Mecklenburg-Vorpommern<br>Schlo\u00dfstra\u00dfe 6-8&nbsp;<br>19053 Schwerin<br>Phone 0385 588-0<br>Fax 0385 588-18099<br><a>poststelle@em.mv-regierung.de<\/a><\/p>\n\n\n\n<h2 class=\"wp-block-heading\" id=\"redaktionell-verantwortlich\"><strong>Editorially responsible<\/strong><\/h2>\n\n\n\n<p>Start-up NordOst joint project of the University of Greifswald and the universities of Neubrandenburg and Stralsund as a cross-university start-up agency<br>Launching NORD\u00b0OST\u00b0:<br><br>Network coordination and sub-project Curricular anchoring: Dr Marco Schade (Network Coordination), Isabelle Althaus (Start-up Advice Agent), Sophie Mossejko (Female Founders NORD\u00b0OST\u00b0), Jan Me\u00dferschmidt (Head of Press and Information Office), University of Greifswald, Wollweberstra\u00dfe 1, 17489 Greifswald<br>Sub-project Marketing\/Social Media: Dr Olaf Strau\u00df (Agent Start-up Consultancy), Neubrandenburg University of Applied Sciences, Brodaer Stra\u00dfe 2, 17033 Neubrandenburg<br>Digital Services sub-project: Doreen Mlodzik (Start-up Counselling Agent), Stralsund University of Applied Sciences, Zur Schwedenschanze 15, 18435 Stralsund<br><br>E-mail: info@stapellauf-nordost.de<\/p>\n\n\n\n<h2 class=\"wp-block-heading\" id=\"technische-durchfuhrung\"><strong>Technical realisation<\/strong><\/h2>\n\n\n\n<p>beach salt<br>Langenstrasse 7<br>18439 Stralsund<br>E-mail: stapellauf@support.strandsalz.de<\/p>\n\n\n\n<h2 class=\"wp-block-heading\" id=\"verbraucher-streit-beilegung-universal-schlichtungs-stelle\"><strong>Consumer dispute resolution\/universal arbitration centre<\/strong><\/h2>\n\n\n\n<p>We are not willing or obliged to participate in dispute resolution proceedings before a consumer arbitration board.<\/p>\n\n\n\n<h2 class=\"wp-block-heading\" id=\"1-geltungsbereichdieses-impressum-gilt-fur-die-zentralen-informationsangebote-der-verwaltung-und-des-rektorates-der-hochschule-stralsund-im-internet-die-durch-dieses-impressum-gekennzeichnet-und-die-uber-die-url-www-hochschule-stralsund-de-erreichbar-sind-fur-alle-anderen-seiten-auf-diesem-www-server-liegt-die-redaktionelle-verantwortlichkeit-bei-den-jeweiligen-stellen-oder-personen-die-die-seiten-erstellt-haben-2-inhalt-des-onlineangebotesdie-hochschule-stralsund-ubernimmt-keinerlei-gewahr-fur-die-aktualitat-korrektheit-vollstandigkeit-oder-qualitat-der-bereitgestellten-informationen-haftungsanspruche-gegen-die-hochschule-die-sich-auf-schaden-materieller-oder-ideeller-art-beziehen-die-durch-die-nutzung-oder-nichtnutzung-der-dargebotenen-informationen-bzw-durch-die-nutzung-fehlerhafter-und-unvollstandiger-informationen-verursacht-wurden-sind-grundsatzlich-ausgeschlossen-sofern-seitens-der-hochschule-kein-nachweislich-vorsatzliches-oder-grob-fahrlassiges-verschulden-vorliegt-alle-angebote-sind-freibleibend-und-unverbindlich-die-hochschule-behalt-es-sich-ausdrucklich-vor-teile-der-seiten-oder-das-gesamte-angebot-ohne-gesonderte-ankundigung-zu-verandern-zu-erganzen-zu-loschen-oder-die-veroffentlichung-zeitweise-oder-endgultig-einzustellen\"><strong>1. scope of application<\/strong><\/h2>\n\n\n\n<p id=\"1-geltungsbereichdieses-impressum-gilt-fur-die-zentralen-informationsangebote-der-verwaltung-und-des-rektorates-der-hochschule-stralsund-im-internet-die-durch-dieses-impressum-gekennzeichnet-und-die-uber-die-url-www-hochschule-stralsund-de-erreichbar-sind-fur-alle-anderen-seiten-auf-diesem-www-server-liegt-die-redaktionelle-verantwortlichkeit-bei-den-jeweiligen-stellen-oder-personen-die-die-seiten-erstellt-haben-2-inhalt-des-onlineangebotesdie-hochschule-stralsund-ubernimmt-keinerlei-gewahr-fur-die-aktualitat-korrektheit-vollstandigkeit-oder-qualitat-der-bereitgestellten-informationen-haftungsanspruche-gegen-die-hochschule-die-sich-auf-schaden-materieller-oder-ideeller-art-beziehen-die-durch-die-nutzung-oder-nichtnutzung-der-dargebotenen-informationen-bzw-durch-die-nutzung-fehlerhafter-und-unvollstandiger-informationen-verursacht-wurden-sind-grundsatzlich-ausgeschlossen-sofern-seitens-der-hochschule-kein-nachweislich-vorsatzliches-oder-grob-fahrlassiges-verschulden-vorliegt-alle-angebote-sind-freibleibend-und-unverbindlich-die-hochschule-behalt-es-sich-ausdrucklich-vor-teile-der-seiten-oder-das-gesamte-angebot-ohne-gesonderte-ankundigung-zu-verandern-zu-erganzen-zu-loschen-oder-die-veroffentlichung-zeitweise-oder-endgultig-einzustellen\">This legal notice applies to the central information services of the cross-university start-up agency Stapellauf NORD\u00b0OST\u00b0 on the Internet, which are identified by this legal notice and can be accessed via the URL www.stapellauf-nordost.de. Editorial responsibility lies with the respective sub-projects or persons who have created the pages.<\/p>\n\n\n\n<h2 class=\"wp-block-heading\" id=\"1-geltungsbereichdieses-impressum-gilt-fur-die-zentralen-informationsangebote-der-verwaltung-und-des-rektorates-der-hochschule-stralsund-im-internet-die-durch-dieses-impressum-gekennzeichnet-und-die-uber-die-url-www-hochschule-stralsund-de-erreichbar-sind-fur-alle-anderen-seiten-auf-diesem-www-server-liegt-die-redaktionelle-verantwortlichkeit-bei-den-jeweiligen-stellen-oder-personen-die-die-seiten-erstellt-haben-2-inhalt-des-onlineangebotesdie-hochschule-stralsund-ubernimmt-keinerlei-gewahr-fur-die-aktualitat-korrektheit-vollstandigkeit-oder-qualitat-der-bereitgestellten-informationen-haftungsanspruche-gegen-die-hochschule-die-sich-auf-schaden-materieller-oder-ideeller-art-beziehen-die-durch-die-nutzung-oder-nichtnutzung-der-dargebotenen-informationen-bzw-durch-die-nutzung-fehlerhafter-und-unvollstandiger-informationen-verursacht-wurden-sind-grundsatzlich-ausgeschlossen-sofern-seitens-der-hochschule-kein-nachweislich-vorsatzliches-oder-grob-fahrlassiges-verschulden-vorliegt-alle-angebote-sind-freibleibend-und-unverbindlich-die-hochschule-behalt-es-sich-ausdrucklich-vor-teile-der-seiten-oder-das-gesamte-angebot-ohne-gesonderte-ankundigung-zu-verandern-zu-erganzen-zu-loschen-oder-die-veroffentlichung-zeitweise-oder-endgultig-einzustellen\"><strong>2. content of the online offer<\/strong><\/h2>\n\n\n\n<p id=\"1-geltungsbereichdieses-impressum-gilt-fur-die-zentralen-informationsangebote-der-verwaltung-und-des-rektorates-der-hochschule-stralsund-im-internet-die-durch-dieses-impressum-gekennzeichnet-und-die-uber-die-url-www-hochschule-stralsund-de-erreichbar-sind-fur-alle-anderen-seiten-auf-diesem-www-server-liegt-die-redaktionelle-verantwortlichkeit-bei-den-jeweiligen-stellen-oder-personen-die-die-seiten-erstellt-haben-2-inhalt-des-onlineangebotesdie-hochschule-stralsund-ubernimmt-keinerlei-gewahr-fur-die-aktualitat-korrektheit-vollstandigkeit-oder-qualitat-der-bereitgestellten-informationen-haftungsanspruche-gegen-die-hochschule-die-sich-auf-schaden-materieller-oder-ideeller-art-beziehen-die-durch-die-nutzung-oder-nichtnutzung-der-dargebotenen-informationen-bzw-durch-die-nutzung-fehlerhafter-und-unvollstandiger-informationen-verursacht-wurden-sind-grundsatzlich-ausgeschlossen-sofern-seitens-der-hochschule-kein-nachweislich-vorsatzliches-oder-grob-fahrlassiges-verschulden-vorliegt-alle-angebote-sind-freibleibend-und-unverbindlich-die-hochschule-behalt-es-sich-ausdrucklich-vor-teile-der-seiten-oder-das-gesamte-angebot-ohne-gesonderte-ankundigung-zu-verandern-zu-erganzen-zu-loschen-oder-die-veroffentlichung-zeitweise-oder-endgultig-einzustellen\">The cross-university start-up agency Stapellauf NORD\u00b0OST\u00b0 assumes no liability for the topicality, correctness, completeness or quality of the information provided. Liability claims against the cross-university start-up agency relating to material or immaterial damage caused by the use or non-use of the information provided or by the use of incorrect or incomplete information are fundamentally excluded, unless there is evidence of wilful intent or gross negligence on the part of the cross-university start-up agency.<br>All offers are subject to change and non-binding. The cross-university start-up agency expressly reserves the right to change, supplement or delete parts of the pages or the entire offer without prior notice or to discontinue publication temporarily or permanently.<br>The <a href=\"\/en\/erklaerung-zur-barrierefreiheit\/\">Declaration on accessibility<\/a> can be viewed here.<\/p>\n\n\n\n<p><em>Please send any comments and corrections regarding content to<\/em><br>E-mail: info@stapellauf-nordost.de<\/p>\n\n\n\n<h2 class=\"wp-block-heading\" id=\"3-verweise-und-links\"><strong>3. references and links<\/strong><\/h2>\n\n\n\n<p>In the case of direct or indirect references to external websites (\"hyperlinks\") that lie outside the area of responsibility of the cross-university start-up agency, a liability obligation would only come into force in the event that the author is aware of the content and it would be technically possible and reasonable for him\/her to prevent use in the event of illegal content.&nbsp;<\/p>\n\n\n\n<p>The cross-university start-up agency hereby expressly declares that no illegal content was recognisable on the linked pages at the time the links were created. The cross-university start-up agency has no influence whatsoever on the current and future design, content or authorship of the linked pages. Therefore, it hereby expressly distances itself from all content of all linked pages that were changed after the link was created. This statement applies to all links and references set within the own Internet offer as well as to external entries in guest books, discussion forums, link directories, mailing lists and all other forms of databases set up by the cross-university start-up agency to whose content external write access is possible. Liability for illegal, incorrect or incomplete content and in particular for damages resulting from the use or non-use of such information lies solely with the provider of the page to which reference is made and not with the person who merely refers to the respective publication via links.<\/p>\n\n\n\n<h2 class=\"wp-block-heading\" id=\"4-urheber-und-kennzeichenrecht\"><strong>4. copyright and labelling law<\/strong><\/h2>\n\n\n\n<p>The cross-university start-up agency endeavours to observe the copyrights of the graphics, photos, audio documents, video sequences and texts used in all publications, to use graphics, photos, audio documents, video sequences and texts it has created itself or to make use of licence-free graphics, photos, audio documents, video sequences and texts.<br>All brand names and trademarks mentioned on our website and possibly protected by third parties are subject without restriction to the provisions of the applicable trademark law and the ownership rights of the respective registered owners. The mere mention of a trade mark does not imply that it is not protected by third-party rights!<br>The copyright for the online offer of the cross-university start-up agency, which is labelled with the above-mentioned imprint, remains solely with the cross-university start-up agency. Reproduction or use of the graphics, photos, audio documents, video sequences and texts used on these pages in other electronic or printed publications is not permitted without the express consent of the cross-university start-up agency.<br>The press releases of the cross-university start-up agency are also excluded. Their content is free for anyone to use without special authorisation. Please send reports of misuse originating from stations in the IP name range 'stapellauf-nordost.de' to the&nbsp;<a href=\"mailto:website@hochschule-stralsund.de\">info@stapellauf-nordost.de<\/a>.<\/p>\n\n\n\n<p>Media management is <a href=\"https:\/\/www.stapellauf-nordost.de\/en\/impressum\/bildnachweiss\/\">here<\/a> viewable.  <\/p>\n\n\n\n<h2 class=\"wp-block-heading\" id=\"5-rechtswirksamkeit-dieses-haftungsausschlusses\"><strong>5 Legal validity of this disclaimer<\/strong><\/h2>\n\n\n\n<p>This disclaimer is to be regarded as part of the website. If sections or individual terms of this statement are not legal or correct, the content or validity of the other parts remain uninfluenced by this fact.<\/p>\n\n\n\n<hr class=\"wp-block-separator has-text-color has-white-color has-css-opacity has-white-background-color has-background\"\/>\n\n\n\n<hr class=\"wp-block-separator has-text-color has-white-color has-css-opacity has-white-background-color has-background\"\/>\n\n\n\n<div class=\"wp-block-columns is-not-stacked-on-mobile is-layout-flex wp-container-core-columns-is-layout-9d6595d7 wp-block-columns-is-layout-flex\">\n<div class=\"wp-block-column is-layout-flow wp-block-column-is-layout-flow\" style=\"flex-basis:100%\"><\/div>\n\n\n\n<div class=\"wp-block-column is-vertically-aligned-center is-layout-flow wp-block-column-is-layout-flow\" style=\"flex-basis:100%\"><div class=\"wp-block-image\">\n<figure class=\"aligncenter size-large\"><img loading=\"lazy\" decoding=\"async\" width=\"1024\" height=\"697\" src=\"http:\/\/test.stapellauf-nordost.de\/wp-content\/uploads\/2022\/03\/EXISt-Foerderlogos-kurz-JPEG-2022-1024x697.jpg\" alt=\"\" class=\"wp-image-2599\" srcset=\"https:\/\/www.stapellauf-nordost.de\/wp-content\/uploads\/2022\/03\/EXISt-Foerderlogos-kurz-JPEG-2022-1024x697.jpg 1024w, https:\/\/www.stapellauf-nordost.de\/wp-content\/uploads\/2022\/03\/EXISt-Foerderlogos-kurz-JPEG-2022-300x204.jpg 300w, https:\/\/www.stapellauf-nordost.de\/wp-content\/uploads\/2022\/03\/EXISt-Foerderlogos-kurz-JPEG-2022-768x522.jpg 768w, https:\/\/www.stapellauf-nordost.de\/wp-content\/uploads\/2022\/03\/EXISt-Foerderlogos-kurz-JPEG-2022.jpg 1079w\" sizes=\"auto, (max-width: 1024px) 100vw, 1024px\" \/><\/figure>\n<\/div><\/div>\n\n\n\n<div class=\"wp-block-column is-layout-flow wp-block-column-is-layout-flow\" style=\"flex-basis:100%\"><\/div>\n<\/div>\n\n\n\n<p class=\"has-text-align-center\">The StartUP Nord\u00b0Ost\u00b0 project is funded by the Federal Ministry for Economic Affairs and Climate Protection as part of the EXIST programme.<\/p>","protected":false},"excerpt":{"rendered":"<p>Angaben gem\u00e4\u00df \u00a7 5 TMG Verbundprojekt Start-up NordOst der Universit\u00e4t Greifswald sowie der Hochschulen Neubrandenburg und Stralsund als hochschul\u00fcbergreifende Gr\u00fcndungsagenturStapellauf NORD\u00b0OST\u00b0: Verbundkoordination und Teilprojekt Curriculare Verankerung: Universit\u00e4t GreifswaldTeilprojekt Marketing: Hochschule NeubrandenburgTeilprojekt Digitale Services: Hochschule Stralsund Zur Schwedenschanze 1518435 Stralsund Vertreten durch:den Rektor Prof. Dr. Ralph Sonntag Kontakt Tel.: +49 3831 45&nbsp;70&nbsp;62E-Mail:&nbsp;info@stapellauf-nordost.deUmsatzsteuer-ID-Nummer: DE 234311498 Aufsichtsbeh\u00f6rde Die [&hellip;]<\/p>","protected":false},"author":2,"featured_media":0,"parent":0,"menu_order":0,"comment_status":"closed","ping_status":"closed","template":"","meta":{"footnotes":""},"class_list":["post-1342","page","type-page","status-publish","hentry","entry"],"yoast_head":"<!-- This site is optimized with the Yoast SEO plugin v27.4 - https:\/\/yoast.com\/product\/yoast-seo-wordpress\/ -->\n<title>Impressum - Stapellauf Nordost<\/title>\n<meta name=\"robots\" content=\"index, follow, max-snippet:-1, max-image-preview:large, max-video-preview:-1\" \/>\n<link rel=\"canonical\" href=\"https:\/\/www.stapellauf-nordost.de\/en\/impressum\/\" \/>\n<meta property=\"og:locale\" content=\"en_GB\" \/>\n<meta property=\"og:type\" content=\"article\" \/>\n<meta property=\"og:title\" content=\"Impressum - Stapellauf Nordost\" \/>\n<meta property=\"og:description\" content=\"Angaben gem\u00e4\u00df \u00a7 5 TMG Verbundprojekt Start-up NordOst der Universit\u00e4t Greifswald sowie der Hochschulen Neubrandenburg und Stralsund als hochschul\u00fcbergreifende Gr\u00fcndungsagenturStapellauf NORD\u00b0OST\u00b0: Verbundkoordination und Teilprojekt Curriculare Verankerung: Universit\u00e4t GreifswaldTeilprojekt Marketing: Hochschule NeubrandenburgTeilprojekt Digitale Services: Hochschule Stralsund Zur Schwedenschanze 1518435 Stralsund Vertreten durch:den Rektor Prof. Dr. Ralph Sonntag Kontakt Tel.: +49 3831 45&nbsp;70&nbsp;62E-Mail:&nbsp;info@stapellauf-nordost.deUmsatzsteuer-ID-Nummer: DE 234311498 Aufsichtsbeh\u00f6rde Die [&hellip;]\" \/>\n<meta property=\"og:url\" content=\"https:\/\/www.stapellauf-nordost.de\/en\/impressum\/\" \/>\n<meta property=\"og:site_name\" content=\"Stapellauf Nordost\" \/>\n<meta property=\"article:publisher\" content=\"https:\/\/www.facebook.com\/stapellauf.de\" \/>\n<meta property=\"article:modified_time\" content=\"2024-01-24T14:26:53+00:00\" \/>\n<meta property=\"og:image\" content=\"http:\/\/test.stapellauf-nordost.de\/wp-content\/uploads\/2022\/03\/EXISt-Foerderlogos-kurz-JPEG-2022-1024x697.jpg\" \/>\n<meta name=\"twitter:card\" content=\"summary_large_image\" \/>\n<meta name=\"twitter:label1\" content=\"Est. reading time\" \/>\n\t<meta name=\"twitter:data1\" content=\"5 minutes\" \/>\n<script type=\"application\/ld+json\" class=\"yoast-schema-graph\">{\"@context\":\"https:\\\/\\\/schema.org\",\"@graph\":[{\"@type\":\"WebPage\",\"@id\":\"https:\\\/\\\/www.stapellauf-nordost.de\\\/impressum\\\/\",\"url\":\"https:\\\/\\\/www.stapellauf-nordost.de\\\/impressum\\\/\",\"name\":\"Impressum - Stapellauf Nordost\",\"isPartOf\":{\"@id\":\"https:\\\/\\\/www.stapellauf-nordost.de\\\/#website\"},\"primaryImageOfPage\":{\"@id\":\"https:\\\/\\\/www.stapellauf-nordost.de\\\/impressum\\\/#primaryimage\"},\"image\":{\"@id\":\"https:\\\/\\\/www.stapellauf-nordost.de\\\/impressum\\\/#primaryimage\"},\"thumbnailUrl\":\"http:\\\/\\\/test.stapellauf-nordost.de\\\/wp-content\\\/uploads\\\/2022\\\/03\\\/EXISt-Foerderlogos-kurz-JPEG-2022-1024x697.jpg\",\"datePublished\":\"2022-01-31T10:14:56+00:00\",\"dateModified\":\"2024-01-24T14:26:53+00:00\",\"breadcrumb\":{\"@id\":\"https:\\\/\\\/www.stapellauf-nordost.de\\\/impressum\\\/#breadcrumb\"},\"inLanguage\":\"en-GB\",\"potentialAction\":[{\"@type\":\"ReadAction\",\"target\":[\"https:\\\/\\\/www.stapellauf-nordost.de\\\/impressum\\\/\"]}]},{\"@type\":\"ImageObject\",\"inLanguage\":\"en-GB\",\"@id\":\"https:\\\/\\\/www.stapellauf-nordost.de\\\/impressum\\\/#primaryimage\",\"url\":\"http:\\\/\\\/test.stapellauf-nordost.de\\\/wp-content\\\/uploads\\\/2022\\\/03\\\/EXISt-Foerderlogos-kurz-JPEG-2022-1024x697.jpg\",\"contentUrl\":\"http:\\\/\\\/test.stapellauf-nordost.de\\\/wp-content\\\/uploads\\\/2022\\\/03\\\/EXISt-Foerderlogos-kurz-JPEG-2022-1024x697.jpg\"},{\"@type\":\"BreadcrumbList\",\"@id\":\"https:\\\/\\\/www.stapellauf-nordost.de\\\/impressum\\\/#breadcrumb\",\"itemListElement\":[{\"@type\":\"ListItem\",\"position\":1,\"name\":\"Home\",\"item\":\"https:\\\/\\\/www.stapellauf-nordost.de\\\/\"},{\"@type\":\"ListItem\",\"position\":2,\"name\":\"Impressum\"}]},{\"@type\":\"WebSite\",\"@id\":\"https:\\\/\\\/www.stapellauf-nordost.de\\\/#website\",\"url\":\"https:\\\/\\\/www.stapellauf-nordost.de\\\/\",\"name\":\"Stapellauf Nordost\",\"description\":\"Ausgr\u00fcndungen aus den Hochschulen Inspiration, Qualifikation &amp; F\u00f6rderung.\",\"publisher\":{\"@id\":\"https:\\\/\\\/www.stapellauf-nordost.de\\\/#organization\"},\"potentialAction\":[{\"@type\":\"SearchAction\",\"target\":{\"@type\":\"EntryPoint\",\"urlTemplate\":\"https:\\\/\\\/www.stapellauf-nordost.de\\\/?s={search_term_string}\"},\"query-input\":{\"@type\":\"PropertyValueSpecification\",\"valueRequired\":true,\"valueName\":\"search_term_string\"}}],\"inLanguage\":\"en-GB\"},{\"@type\":\"Organization\",\"@id\":\"https:\\\/\\\/www.stapellauf-nordost.de\\\/#organization\",\"name\":\"Stapellauf Nordost\",\"url\":\"https:\\\/\\\/www.stapellauf-nordost.de\\\/\",\"logo\":{\"@type\":\"ImageObject\",\"inLanguage\":\"en-GB\",\"@id\":\"https:\\\/\\\/www.stapellauf-nordost.de\\\/#\\\/schema\\\/logo\\\/image\\\/\",\"url\":\"https:\\\/\\\/www.stapellauf-nordost.de\\\/wp-content\\\/uploads\\\/2021\\\/12\\\/Stempellogo.png\",\"contentUrl\":\"https:\\\/\\\/www.stapellauf-nordost.de\\\/wp-content\\\/uploads\\\/2021\\\/12\\\/Stempellogo.png\",\"width\":100,\"height\":100,\"caption\":\"Stapellauf Nordost\"},\"image\":{\"@id\":\"https:\\\/\\\/www.stapellauf-nordost.de\\\/#\\\/schema\\\/logo\\\/image\\\/\"},\"sameAs\":[\"https:\\\/\\\/www.facebook.com\\\/stapellauf.de\",\"https:\\\/\\\/www.instagram.com\\\/stapellaufnordost\\\/\"]}]}<\/script>\n<!-- \/ Yoast SEO plugin. -->","yoast_head_json":{"title":"Impressum - Stapellauf Nordost","robots":{"index":"index","follow":"follow","max-snippet":"max-snippet:-1","max-image-preview":"max-image-preview:large","max-video-preview":"max-video-preview:-1"},"canonical":"https:\/\/www.stapellauf-nordost.de\/en\/impressum\/","og_locale":"en_GB","og_type":"article","og_title":"Impressum - Stapellauf Nordost","og_description":"Angaben gem\u00e4\u00df \u00a7 5 TMG Verbundprojekt Start-up NordOst der Universit\u00e4t Greifswald sowie der Hochschulen Neubrandenburg und Stralsund als hochschul\u00fcbergreifende Gr\u00fcndungsagenturStapellauf NORD\u00b0OST\u00b0: Verbundkoordination und Teilprojekt Curriculare Verankerung: Universit\u00e4t GreifswaldTeilprojekt Marketing: Hochschule NeubrandenburgTeilprojekt Digitale Services: Hochschule Stralsund Zur Schwedenschanze 1518435 Stralsund Vertreten durch:den Rektor Prof. Dr. Ralph Sonntag Kontakt Tel.: +49 3831 45&nbsp;70&nbsp;62E-Mail:&nbsp;info@stapellauf-nordost.deUmsatzsteuer-ID-Nummer: DE 234311498 Aufsichtsbeh\u00f6rde Die [&hellip;]","og_url":"https:\/\/www.stapellauf-nordost.de\/en\/impressum\/","og_site_name":"Stapellauf Nordost","article_publisher":"https:\/\/www.facebook.com\/stapellauf.de","article_modified_time":"2024-01-24T14:26:53+00:00","og_image":[{"url":"http:\/\/test.stapellauf-nordost.de\/wp-content\/uploads\/2022\/03\/EXISt-Foerderlogos-kurz-JPEG-2022-1024x697.jpg","type":"","width":"","height":""}],"twitter_card":"summary_large_image","twitter_misc":{"Est. reading time":"5 minutes"},"schema":{"@context":"https:\/\/schema.org","@graph":[{"@type":"WebPage","@id":"https:\/\/www.stapellauf-nordost.de\/impressum\/","url":"https:\/\/www.stapellauf-nordost.de\/impressum\/","name":"Impressum - Stapellauf Nordost","isPartOf":{"@id":"https:\/\/www.stapellauf-nordost.de\/#website"},"primaryImageOfPage":{"@id":"https:\/\/www.stapellauf-nordost.de\/impressum\/#primaryimage"},"image":{"@id":"https:\/\/www.stapellauf-nordost.de\/impressum\/#primaryimage"},"thumbnailUrl":"http:\/\/test.stapellauf-nordost.de\/wp-content\/uploads\/2022\/03\/EXISt-Foerderlogos-kurz-JPEG-2022-1024x697.jpg","datePublished":"2022-01-31T10:14:56+00:00","dateModified":"2024-01-24T14:26:53+00:00","breadcrumb":{"@id":"https:\/\/www.stapellauf-nordost.de\/impressum\/#breadcrumb"},"inLanguage":"en-GB","potentialAction":[{"@type":"ReadAction","target":["https:\/\/www.stapellauf-nordost.de\/impressum\/"]}]},{"@type":"ImageObject","inLanguage":"en-GB","@id":"https:\/\/www.stapellauf-nordost.de\/impressum\/#primaryimage","url":"http:\/\/test.stapellauf-nordost.de\/wp-content\/uploads\/2022\/03\/EXISt-Foerderlogos-kurz-JPEG-2022-1024x697.jpg","contentUrl":"http:\/\/test.stapellauf-nordost.de\/wp-content\/uploads\/2022\/03\/EXISt-Foerderlogos-kurz-JPEG-2022-1024x697.jpg"},{"@type":"BreadcrumbList","@id":"https:\/\/www.stapellauf-nordost.de\/impressum\/#breadcrumb","itemListElement":[{"@type":"ListItem","position":1,"name":"Home","item":"https:\/\/www.stapellauf-nordost.de\/"},{"@type":"ListItem","position":2,"name":"Impressum"}]},{"@type":"WebSite","@id":"https:\/\/www.stapellauf-nordost.de\/#website","url":"https:\/\/www.stapellauf-nordost.de\/","name":"Launching northeast","description":"Ausgr\u00fcndungen aus den Hochschulen Inspiration, Qualifikation &amp; F\u00f6rderung.","publisher":{"@id":"https:\/\/www.stapellauf-nordost.de\/#organization"},"potentialAction":[{"@type":"SearchAction","target":{"@type":"EntryPoint","urlTemplate":"https:\/\/www.stapellauf-nordost.de\/?s={search_term_string}"},"query-input":{"@type":"PropertyValueSpecification","valueRequired":true,"valueName":"search_term_string"}}],"inLanguage":"en-GB"},{"@type":"Organization","@id":"https:\/\/www.stapellauf-nordost.de\/#organization","name":"Launching northeast","url":"https:\/\/www.stapellauf-nordost.de\/","logo":{"@type":"ImageObject","inLanguage":"en-GB","@id":"https:\/\/www.stapellauf-nordost.de\/#\/schema\/logo\/image\/","url":"https:\/\/www.stapellauf-nordost.de\/wp-content\/uploads\/2021\/12\/Stempellogo.png","contentUrl":"https:\/\/www.stapellauf-nordost.de\/wp-content\/uploads\/2021\/12\/Stempellogo.png","width":100,"height":100,"caption":"Stapellauf Nordost"},"image":{"@id":"https:\/\/www.stapellauf-nordost.de\/#\/schema\/logo\/image\/"},"sameAs":["https:\/\/www.facebook.com\/stapellauf.de","https:\/\/www.instagram.com\/stapellaufnordost\/"]}]}},"_links":{"self":[{"href":"https:\/\/www.stapellauf-nordost.de\/en\/wp-json\/wp\/v2\/pages\/1342","targetHints":{"allow":["GET"]}}],"collection":[{"href":"https:\/\/www.stapellauf-nordost.de\/en\/wp-json\/wp\/v2\/pages"}],"about":[{"href":"https:\/\/www.stapellauf-nordost.de\/en\/wp-json\/wp\/v2\/types\/page"}],"author":[{"embeddable":true,"href":"https:\/\/www.stapellauf-nordost.de\/en\/wp-json\/wp\/v2\/users\/2"}],"replies":[{"embeddable":true,"href":"https:\/\/www.stapellauf-nordost.de\/en\/wp-json\/wp\/v2\/comments?post=1342"}],"version-history":[{"count":49,"href":"https:\/\/www.stapellauf-nordost.de\/en\/wp-json\/wp\/v2\/pages\/1342\/revisions"}],"predecessor-version":[{"id":8870,"href":"https:\/\/www.stapellauf-nordost.de\/en\/wp-json\/wp\/v2\/pages\/1342\/revisions\/8870"}],"wp:attachment":[{"href":"https:\/\/www.stapellauf-nordost.de\/en\/wp-json\/wp\/v2\/media?parent=1342"}],"curies":[{"name":"wp","href":"https:\/\/api.w.org\/{rel}","templated":true}]}}