{"id":10,"date":"2021-11-03T15:41:50","date_gmt":"2021-11-03T14:41:50","guid":{"rendered":"http:\/\/test.stapellauf-nordost.de\/?page_id=10"},"modified":"2025-10-09T09:15:57","modified_gmt":"2025-10-09T07:15:57","slug":"stapellauf-nordost","status":"publish","type":"page","link":"https:\/\/www.stapellauf-nordost.de\/en\/","title":{"rendered":"Launching northeast"},"content":{"rendered":"<div class=\"wp-block-stapellauf-nordost-disruptor alignfull align-right\"><div class=\"text-wrapper\"><p class=\"text-content\"><strong><em>Spin-offs from the universities<\/em><\/strong><br><strong><em>Inspiration, qualification &amp; promotion.<\/em><\/strong><\/p><\/div><\/div>\n\n\n\n<hr class=\"wp-block-separator has-text-color has-white-color has-css-opacity has-white-background-color has-background\"\/>\n\n\n\n<hr class=\"wp-block-separator has-text-color has-white-color has-css-opacity has-white-background-color has-background\"\/>\n\n\n\n<h2 class=\"wp-block-heading has-text-align-center has-text-color\" id=\"veranstaltungen-von-ringvorlesungen-businessplanseminaren-und-grundungsstories\" style=\"color:#f18a5a\">Events: from lecture series, business plan seminars and start-up stories<\/h2>\n\n\n\n\n\n<p><a href=\"\/en\/veranstaltungen\/\">View all events<\/a><\/p>\n\n\n\n<h2 class=\"wp-block-heading has-text-align-center\">News: from competitions, programmes and successes<br><\/h2>\n\n\n    <section class=\"wp-block-stapellauf-nordost-post-list is-style-threes\">\n\t\t<h2 class=\"stno-post-heading\">                                                    <\/h2>        <div class=\"stno-posts-container\">\n\t\t\t                <article class=\"stno-post has-thumbnail\">\n                    <div class=\"stno-post--image-wrapper\">\n                        <div class=\"stno-post--image\"\n\t\t\t\t\t\t\t                                style=\"background-image: url(https:\/\/www.stapellauf-nordost.de\/wp-content\/uploads\/2025\/11\/BPW-2025-e1764149602786.jpg);\"\n\t\t\t\t\t\t\t>\n\t\t\t\t\t\t\t                        <\/div>\n                    <\/div>\n                    <section class=\"stno-post--main\">\n                        <header>\n\t\t\t\t\t\t\t\t\t\t\t\t\t\t\t<time class=\"stno-post--heading-date\" datetime=\"2025-11-20\">20. November 2025<\/time>\t\t\t\t\t\t\t\t\t\t\t\t\t\t<h2 class=\"stno-post--heading__article\"><a href=\"https:\/\/www.stapellauf-nordost.de\/en\/team-lyosolution-gewinnt-landesweiten-businessplanwettbewerb-segel-setzen-2025\/\">Team \u201eLYOSolution\u201c gewinnt landesweiten Businessplanwettbewerb SEGEL SETZEN! 2025<\/a><\/h2>                        <\/header>\n                        <div><p>Erfolgversprechende Gesch\u00e4ftsmodelle mit innovativen Technologien, Marketing- und Vertriebskonzepten \u2013 das ist der Fokus f\u00fcr den landesweiten Businessplanwettbewerb SEGEL SETZEN! <\/p>\n<\/div>\n                        <footer>\n                            <a href=\"https:\/\/www.stapellauf-nordost.de\/en\/team-lyosolution-gewinnt-landesweiten-businessplanwettbewerb-segel-setzen-2025\/\"\n                               class=\"read-more\">Learn more<\/a>\n                        <\/footer>\n                    <\/section>\n                <\/article>\n\t\t\t                <article class=\"stno-post has-thumbnail\">\n                    <div class=\"stno-post--image-wrapper\">\n                        <div class=\"stno-post--image\"\n\t\t\t\t\t\t\t                                style=\"background-image: url(https:\/\/www.stapellauf-nordost.de\/wp-content\/uploads\/2025\/07\/Startbild-2025.png);\"\n\t\t\t\t\t\t\t>\n\t\t\t\t\t\t\t                        <\/div>\n                    <\/div>\n                    <section class=\"stno-post--main\">\n                        <header>\n\t\t\t\t\t\t\t\t\t\t\t\t\t\t\t<time class=\"stno-post--heading-date\" datetime=\"2025-09-01\">1. September 2025<\/time>\t\t\t\t\t\t\t\t\t\t\t\t\t\t<h2 class=\"stno-post--heading__article\"><a href=\"https:\/\/www.stapellauf-nordost.de\/en\/teilnehmen-und-durchstarten-2025-businessplanwettbewerb-segel-setzen-nordost-2025\/\">Businessplanwettbewerb \u201eSEGEL SETZEN! NORD\u00b0OST\u00b0 2025<\/a><\/h2>                        <\/header>\n                        <div><p>Teilnehmen und Durchstarten. Die Bewerbungsfrist f\u00fcr den Businessplanwettbewerb \u201eSEGEL SETZEN! NORD\u00b0OST\u00b0&#8220; endet am 28.10.2025.<\/p>\n<\/div>\n                        <footer>\n                            <a href=\"https:\/\/www.stapellauf-nordost.de\/en\/teilnehmen-und-durchstarten-2025-businessplanwettbewerb-segel-setzen-nordost-2025\/\"\n                               class=\"read-more\">Learn more<\/a>\n                        <\/footer>\n                    <\/section>\n                <\/article>\n\t\t\t                <article class=\"stno-post has-thumbnail\">\n                    <div class=\"stno-post--image-wrapper\">\n                        <div class=\"stno-post--image\"\n\t\t\t\t\t\t\t                                style=\"background-image: url(https:\/\/www.stapellauf-nordost.de\/wp-content\/uploads\/2025\/07\/EXIST-Women-Hochschule-Stralsund-2025-e1753780282501.jpeg);\"\n\t\t\t\t\t\t\t>\n\t\t\t\t\t\t\t                        <\/div>\n                    <\/div>\n                    <section class=\"stno-post--main\">\n                        <header>\n\t\t\t\t\t\t\t\t\t\t\t\t\t\t\t<time class=\"stno-post--heading-date\" datetime=\"2025-08-15\">15. August 2025<\/time>\t\t\t\t\t\t\t\t\t\t\t\t\t\t<h2 class=\"stno-post--heading__article\"><a href=\"https:\/\/www.stapellauf-nordost.de\/en\/das-sind-unsere-gruenderinnen-fuer-2025-an-der-hochschule-stralsund\/\">Das sind unsere Gr\u00fcnder*innen f\u00fcr 2025 an der HOST<\/a><\/h2>                        <\/header>\n                        <div><p>Die EXIST-Women-Stipendiatinnen der HOST stellen ihre Ideen vor: von Kinderbuch bis Wissenschaftskommunikation durch Visualisierungen.<\/p>\n<\/div>\n                        <footer>\n                            <a href=\"https:\/\/www.stapellauf-nordost.de\/en\/das-sind-unsere-gruenderinnen-fuer-2025-an-der-hochschule-stralsund\/\"\n                               class=\"read-more\">Learn more<\/a>\n                        <\/footer>\n                    <\/section>\n                <\/article>\n\t\t\t        <\/div>\n    <\/section>\n\t\n\n\n<p><a href=\"\/en\/community\/news-aktuelles\/\">View all news<\/a><\/p>\n\n\n\n<div class=\"wp-block-columns is-layout-flex wp-container-core-columns-is-layout-9d6595d7 wp-block-columns-is-layout-flex\">\n<div class=\"wp-block-column is-layout-flow wp-block-column-is-layout-flow\" style=\"flex-basis:100%\">\n<div class=\"wp-block-group alignwide\"><div class=\"wp-block-group__inner-container is-layout-constrained wp-block-group-is-layout-constrained\">\n<div class=\"wp-block-columns alignwide is-style-stapellaufnordost-columns-overlap is-layout-flex wp-container-core-columns-is-layout-9d6595d7 wp-block-columns-is-layout-flex\">\n<div class=\"wp-block-column is-layout-flow wp-block-column-is-layout-flow\" style=\"flex-basis:50%\">\n<figure class=\"wp-block-video\"><video height=\"1920\" style=\"aspect-ratio: 3840 \/ 1920;\" width=\"3840\" controls poster=\"https:\/\/www.stapellauf-nordost.de\/wp-content\/uploads\/2024\/12\/DSC00909-1-scaled.jpeg\" src=\"https:\/\/www.stapellauf-nordost.de\/wp-content\/uploads\/2024\/12\/Businessplanwettbewerb-2024-4k-fuer-Webseite.mp4\"><\/video><\/figure>\n<\/div>\n<\/div>\n<\/div><\/div>\n<\/div>\n<\/div>\n\n\n\n<hr class=\"wp-block-separator has-text-color has-white-color has-css-opacity has-white-background-color has-background\"\/>\n\n\n\n<div class=\"wp-block-group alignfull background--swirls background--light-gray has-text-color gray-box\"><div class=\"wp-block-group__inner-container is-layout-flow wp-block-group-is-layout-flow\">\n<div class=\"wp-block-columns is-layout-flex wp-container-core-columns-is-layout-9d6595d7 wp-block-columns-is-layout-flex\">\n<div class=\"wp-block-column is-layout-flow wp-block-column-is-layout-flow\">\n<h3 class=\"wp-block-heading font-color-aqua has-large-font-size\" id=\"stapellauf-nord-ost-ist-die-grundungsagentur-der-hochschulen-im-nordosten\">Launching NORD\u00b0OST\u00b0 <br>is the start-up agency for universities in the north-east.<\/h3>\n\n\n\n<p class=\"has-normal-font-size\">In cooperation with the universities of Stralsund and Neubrandenburg and the University of Greifswald, we support students and scientists from the idea to the spin-off. <\/p>\n\n\n\n<p class=\"has-normal-font-size\">In addition to individual counselling and a large network, we offer events, workshops, seminars, business games and lecture series.<\/p>\n\n\n\n<p><\/p>\n\n\n\n<div class=\"wp-block-buttons is-horizontal is-content-justification-center is-layout-flex wp-container-core-buttons-is-layout-499968f5 wp-block-buttons-is-layout-flex\">\n<div class=\"wp-block-button is-style-outline is-style-outline--1\"><a class=\"wp-block-button__link has-white-background-color has-text-color has-background wp-element-button\" href=\"\/en\/gruendungsagentur\/#wir\" style=\"border-radius:26px;color:#0096b6\">ABOUT US<\/a><\/div>\n<\/div>\n<\/div>\n<\/div>\n<\/div><\/div>\n\n\n\n<hr class=\"wp-block-separator has-text-color has-white-color has-css-opacity has-white-background-color has-background\"\/>\n\n\n\n<figure class=\"wp-block-video\"><video height=\"960\" style=\"aspect-ratio: 1920 \/ 960;\" width=\"1920\" controls poster=\"https:\/\/www.stapellauf-nordost.de\/wp-content\/uploads\/2022\/11\/Bildschirmfoto-2022-11-09-um-11.35.29.png\" src=\"https:\/\/www.stapellauf-nordost.de\/wp-content\/uploads\/2022\/10\/Stapellauf-NORD\u00b0OST\u00b0.mp4\" playsinline><\/video><figcaption class=\"wp-element-caption\">Doreen Mlodzik<\/figcaption><\/figure>\n\n\n\n<p><a href=\"http:\/\/www.stapellauf-nordost.de\/wp-content\/uploads\/2022\/03\/Flyer-StapellaufNORD\u00b0OST\u00b0.pdf\" target=\"_blank\" rel=\"noreferrer noopener\">Click here for the flyer<\/a><\/p>\n\n\n\n<p><\/p>","protected":false},"excerpt":{"rendered":"<p>Veranstaltungen: von Ringvorlesungen, Businessplanseminaren und Gr\u00fcndungsstories Alle Veranstaltungen ansehen Aktuelles: von Wettbewerben, Programmen und Erfolgen Alle Neuigkeiten ansehen Stapellauf NORD\u00b0OST\u00b0 ist die Gr\u00fcndungsagentur der Hochschulen im Nordosten. Im Verbund der Hochschulen Stralsund und Neubrandenburg sowie der Universit\u00e4t Greifswald unterst\u00fctzen wir Studierende und Wissenschaftler*innen von der Idee bis zur Ausgr\u00fcndung. Neben individueller Beratung und einem gro\u00dfen [&hellip;]<\/p>","protected":false},"author":1,"featured_media":0,"parent":0,"menu_order":2,"comment_status":"closed","ping_status":"closed","template":"","meta":{"footnotes":""},"class_list":["post-10","page","type-page","status-publish","hentry","entry"],"yoast_head":"<!-- This site is optimized with the Yoast SEO plugin v27.4 - https:\/\/yoast.com\/product\/yoast-seo-wordpress\/ -->\n<title>Stapellauf Nordost - Stapellauf Nordost<\/title>\n<meta name=\"robots\" content=\"index, follow, max-snippet:-1, max-image-preview:large, max-video-preview:-1\" \/>\n<link rel=\"canonical\" href=\"https:\/\/www.stapellauf-nordost.de\/en\/\" \/>\n<meta property=\"og:locale\" content=\"en_GB\" \/>\n<meta property=\"og:type\" content=\"article\" \/>\n<meta property=\"og:title\" content=\"Stapellauf Nordost - Stapellauf Nordost\" \/>\n<meta property=\"og:description\" content=\"Veranstaltungen: von Ringvorlesungen, Businessplanseminaren und Gr\u00fcndungsstories Alle Veranstaltungen ansehen Aktuelles: von Wettbewerben, Programmen und Erfolgen Alle Neuigkeiten ansehen Stapellauf NORD\u00b0OST\u00b0 ist die Gr\u00fcndungsagentur der Hochschulen im Nordosten. Im Verbund der Hochschulen Stralsund und Neubrandenburg sowie der Universit\u00e4t Greifswald unterst\u00fctzen wir Studierende und Wissenschaftler*innen von der Idee bis zur Ausgr\u00fcndung. Neben individueller Beratung und einem gro\u00dfen [&hellip;]\" \/>\n<meta property=\"og:url\" content=\"https:\/\/www.stapellauf-nordost.de\/en\/\" \/>\n<meta property=\"og:site_name\" content=\"Stapellauf Nordost\" \/>\n<meta property=\"article:publisher\" content=\"https:\/\/www.facebook.com\/stapellauf.de\" \/>\n<meta property=\"article:modified_time\" content=\"2025-10-09T07:15:57+00:00\" \/>\n<meta property=\"og:image\" content=\"https:\/\/www.stapellauf-nordost.de\/wp-content\/uploads\/2021\/12\/Stempellogo.png\" \/>\n\t<meta property=\"og:image:width\" content=\"100\" \/>\n\t<meta property=\"og:image:height\" content=\"100\" \/>\n\t<meta property=\"og:image:type\" content=\"image\/png\" \/>\n<meta name=\"twitter:card\" content=\"summary_large_image\" \/>\n<meta name=\"twitter:label1\" content=\"Est. reading time\" \/>\n\t<meta name=\"twitter:data1\" content=\"1 minute\" \/>\n<script type=\"application\/ld+json\" class=\"yoast-schema-graph\">{\"@context\":\"https:\\\/\\\/schema.org\",\"@graph\":[{\"@type\":\"WebPage\",\"@id\":\"https:\\\/\\\/www.stapellauf-nordost.de\\\/\",\"url\":\"https:\\\/\\\/www.stapellauf-nordost.de\\\/\",\"name\":\"Stapellauf Nordost - Stapellauf Nordost\",\"isPartOf\":{\"@id\":\"https:\\\/\\\/www.stapellauf-nordost.de\\\/#website\"},\"datePublished\":\"2021-11-03T14:41:50+00:00\",\"dateModified\":\"2025-10-09T07:15:57+00:00\",\"breadcrumb\":{\"@id\":\"https:\\\/\\\/www.stapellauf-nordost.de\\\/#breadcrumb\"},\"inLanguage\":\"en-GB\",\"potentialAction\":[{\"@type\":\"ReadAction\",\"target\":[\"https:\\\/\\\/www.stapellauf-nordost.de\\\/\"]}]},{\"@type\":\"BreadcrumbList\",\"@id\":\"https:\\\/\\\/www.stapellauf-nordost.de\\\/#breadcrumb\",\"itemListElement\":[{\"@type\":\"ListItem\",\"position\":1,\"name\":\"Home\",\"item\":\"https:\\\/\\\/www.stapellauf-nordost.de\\\/\"},{\"@type\":\"ListItem\",\"position\":2,\"name\":\"Stapellauf Nordost\"}]},{\"@type\":\"WebSite\",\"@id\":\"https:\\\/\\\/www.stapellauf-nordost.de\\\/#website\",\"url\":\"https:\\\/\\\/www.stapellauf-nordost.de\\\/\",\"name\":\"Stapellauf Nordost\",\"description\":\"Ausgr\u00fcndungen aus den Hochschulen Inspiration, Qualifikation &amp; F\u00f6rderung.\",\"publisher\":{\"@id\":\"https:\\\/\\\/www.stapellauf-nordost.de\\\/#organization\"},\"potentialAction\":[{\"@type\":\"SearchAction\",\"target\":{\"@type\":\"EntryPoint\",\"urlTemplate\":\"https:\\\/\\\/www.stapellauf-nordost.de\\\/?s={search_term_string}\"},\"query-input\":{\"@type\":\"PropertyValueSpecification\",\"valueRequired\":true,\"valueName\":\"search_term_string\"}}],\"inLanguage\":\"en-GB\"},{\"@type\":\"Organization\",\"@id\":\"https:\\\/\\\/www.stapellauf-nordost.de\\\/#organization\",\"name\":\"Stapellauf Nordost\",\"url\":\"https:\\\/\\\/www.stapellauf-nordost.de\\\/\",\"logo\":{\"@type\":\"ImageObject\",\"inLanguage\":\"en-GB\",\"@id\":\"https:\\\/\\\/www.stapellauf-nordost.de\\\/#\\\/schema\\\/logo\\\/image\\\/\",\"url\":\"https:\\\/\\\/www.stapellauf-nordost.de\\\/wp-content\\\/uploads\\\/2021\\\/12\\\/Stempellogo.png\",\"contentUrl\":\"https:\\\/\\\/www.stapellauf-nordost.de\\\/wp-content\\\/uploads\\\/2021\\\/12\\\/Stempellogo.png\",\"width\":100,\"height\":100,\"caption\":\"Stapellauf Nordost\"},\"image\":{\"@id\":\"https:\\\/\\\/www.stapellauf-nordost.de\\\/#\\\/schema\\\/logo\\\/image\\\/\"},\"sameAs\":[\"https:\\\/\\\/www.facebook.com\\\/stapellauf.de\",\"https:\\\/\\\/www.instagram.com\\\/stapellaufnordost\\\/\"]}]}<\/script>\n<!-- \/ Yoast SEO plugin. -->","yoast_head_json":{"title":"Stapellauf Nordost - Stapellauf Nordost","robots":{"index":"index","follow":"follow","max-snippet":"max-snippet:-1","max-image-preview":"max-image-preview:large","max-video-preview":"max-video-preview:-1"},"canonical":"https:\/\/www.stapellauf-nordost.de\/en\/","og_locale":"en_GB","og_type":"article","og_title":"Stapellauf Nordost - Stapellauf Nordost","og_description":"Veranstaltungen: von Ringvorlesungen, Businessplanseminaren und Gr\u00fcndungsstories Alle Veranstaltungen ansehen Aktuelles: von Wettbewerben, Programmen und Erfolgen Alle Neuigkeiten ansehen Stapellauf NORD\u00b0OST\u00b0 ist die Gr\u00fcndungsagentur der Hochschulen im Nordosten. Im Verbund der Hochschulen Stralsund und Neubrandenburg sowie der Universit\u00e4t Greifswald unterst\u00fctzen wir Studierende und Wissenschaftler*innen von der Idee bis zur Ausgr\u00fcndung. Neben individueller Beratung und einem gro\u00dfen [&hellip;]","og_url":"https:\/\/www.stapellauf-nordost.de\/en\/","og_site_name":"Stapellauf Nordost","article_publisher":"https:\/\/www.facebook.com\/stapellauf.de","article_modified_time":"2025-10-09T07:15:57+00:00","og_image":[{"width":100,"height":100,"url":"https:\/\/www.stapellauf-nordost.de\/wp-content\/uploads\/2021\/12\/Stempellogo.png","type":"image\/png"}],"twitter_card":"summary_large_image","twitter_misc":{"Est. reading time":"1 minute"},"schema":{"@context":"https:\/\/schema.org","@graph":[{"@type":"WebPage","@id":"https:\/\/www.stapellauf-nordost.de\/","url":"https:\/\/www.stapellauf-nordost.de\/","name":"Stapellauf Nordost - Stapellauf Nordost","isPartOf":{"@id":"https:\/\/www.stapellauf-nordost.de\/#website"},"datePublished":"2021-11-03T14:41:50+00:00","dateModified":"2025-10-09T07:15:57+00:00","breadcrumb":{"@id":"https:\/\/www.stapellauf-nordost.de\/#breadcrumb"},"inLanguage":"en-GB","potentialAction":[{"@type":"ReadAction","target":["https:\/\/www.stapellauf-nordost.de\/"]}]},{"@type":"BreadcrumbList","@id":"https:\/\/www.stapellauf-nordost.de\/#breadcrumb","itemListElement":[{"@type":"ListItem","position":1,"name":"Home","item":"https:\/\/www.stapellauf-nordost.de\/"},{"@type":"ListItem","position":2,"name":"Stapellauf Nordost"}]},{"@type":"WebSite","@id":"https:\/\/www.stapellauf-nordost.de\/#website","url":"https:\/\/www.stapellauf-nordost.de\/","name":"Launching northeast","description":"Ausgr\u00fcndungen aus den Hochschulen Inspiration, Qualifikation &amp; F\u00f6rderung.","publisher":{"@id":"https:\/\/www.stapellauf-nordost.de\/#organization"},"potentialAction":[{"@type":"SearchAction","target":{"@type":"EntryPoint","urlTemplate":"https:\/\/www.stapellauf-nordost.de\/?s={search_term_string}"},"query-input":{"@type":"PropertyValueSpecification","valueRequired":true,"valueName":"search_term_string"}}],"inLanguage":"en-GB"},{"@type":"Organization","@id":"https:\/\/www.stapellauf-nordost.de\/#organization","name":"Launching northeast","url":"https:\/\/www.stapellauf-nordost.de\/","logo":{"@type":"ImageObject","inLanguage":"en-GB","@id":"https:\/\/www.stapellauf-nordost.de\/#\/schema\/logo\/image\/","url":"https:\/\/www.stapellauf-nordost.de\/wp-content\/uploads\/2021\/12\/Stempellogo.png","contentUrl":"https:\/\/www.stapellauf-nordost.de\/wp-content\/uploads\/2021\/12\/Stempellogo.png","width":100,"height":100,"caption":"Stapellauf Nordost"},"image":{"@id":"https:\/\/www.stapellauf-nordost.de\/#\/schema\/logo\/image\/"},"sameAs":["https:\/\/www.facebook.com\/stapellauf.de","https:\/\/www.instagram.com\/stapellaufnordost\/"]}]}},"_links":{"self":[{"href":"https:\/\/www.stapellauf-nordost.de\/en\/wp-json\/wp\/v2\/pages\/10","targetHints":{"allow":["GET"]}}],"collection":[{"href":"https:\/\/www.stapellauf-nordost.de\/en\/wp-json\/wp\/v2\/pages"}],"about":[{"href":"https:\/\/www.stapellauf-nordost.de\/en\/wp-json\/wp\/v2\/types\/page"}],"author":[{"embeddable":true,"href":"https:\/\/www.stapellauf-nordost.de\/en\/wp-json\/wp\/v2\/users\/1"}],"replies":[{"embeddable":true,"href":"https:\/\/www.stapellauf-nordost.de\/en\/wp-json\/wp\/v2\/comments?post=10"}],"version-history":[{"count":227,"href":"https:\/\/www.stapellauf-nordost.de\/en\/wp-json\/wp\/v2\/pages\/10\/revisions"}],"predecessor-version":[{"id":9929,"href":"https:\/\/www.stapellauf-nordost.de\/en\/wp-json\/wp\/v2\/pages\/10\/revisions\/9929"}],"wp:attachment":[{"href":"https:\/\/www.stapellauf-nordost.de\/en\/wp-json\/wp\/v2\/media?parent=10"}],"curies":[{"name":"wp","href":"https:\/\/api.w.org\/{rel}","templated":true}]}}